{"id":1561,"date":"2024-01-25T08:33:17","date_gmt":"2024-01-25T08:33:17","guid":{"rendered":"https:\/\/innergrowth.es\/servicios-de-co-facilitacion-en-su-retiro\/"},"modified":"2026-01-04T21:09:17","modified_gmt":"2026-01-04T21:09:17","slug":"servicios-de-co-facilitacion-en-su-retiro","status":"publish","type":"page","link":"https:\/\/www.innergrowth.eu\/es\/servicios-de-co-facilitacion-en-su-retiro\/","title":{"rendered":"Co-facilitaci\u00f3n y servicios en su retiro"},"content":{"rendered":"\t\t<div data-elementor-type=\"wp-page\" data-elementor-id=\"1561\" class=\"elementor elementor-1561 elementor-1427\" data-elementor-post-type=\"page\">\n\t\t\t\t<div class=\"elementor-element elementor-element-0b739ea e-flex e-con-boxed e-con e-parent\" data-id=\"0b739ea\" data-element_type=\"container\">\n\t\t\t\t\t<div class=\"e-con-inner\">\n\t\t<div class=\"elementor-element elementor-element-f8ac970 e-con-full e-flex e-con e-child\" data-id=\"f8ac970\" data-element_type=\"container\">\n\t\t\t\t<div class=\"elementor-element elementor-element-cfc333f elementor-widget elementor-widget-heading\" data-id=\"cfc333f\" data-element_type=\"widget\" data-widget_type=\"heading.default\">\n\t\t\t\t<div class=\"elementor-widget-container\">\n\t\t\t\t\t<h1 class=\"elementor-heading-title elementor-size-default\">Co-facilitaci\u00f3n y Nuestros Servicios en Tu Retiro<\/h1>\t\t\t\t<\/div>\n\t\t\t\t<\/div>\n\t\t\t\t<div class=\"elementor-element elementor-element-663522c elementor-widget elementor-widget-heading\" data-id=\"663522c\" data-element_type=\"widget\" data-widget_type=\"heading.default\">\n\t\t\t\t<div class=\"elementor-widget-container\">\n\t\t\t\t\t<h2 class=\"elementor-heading-title elementor-size-default\">Para hacer tu retiro a\u00fan m\u00e1s m\u00e1gico...\u200b<\/h2>\t\t\t\t<\/div>\n\t\t\t\t<\/div>\n\t\t\t\t<\/div>\n\t\t<div class=\"elementor-element elementor-element-754d7b0 e-con-full e-flex e-con e-child\" data-id=\"754d7b0\" data-element_type=\"container\">\n\t\t\t\t<div class=\"elementor-element elementor-element-b5da6a1 elementor-widget elementor-widget-image\" data-id=\"b5da6a1\" data-element_type=\"widget\" data-widget_type=\"image.default\">\n\t\t\t\t<div class=\"elementor-widget-container\">\n\t\t\t\t\t\t\t\t\t\t\t\t\t\t\t<img fetchpriority=\"high\" decoding=\"async\" width=\"1024\" height=\"683\" src=\"https:\/\/www.innergrowth.eu\/wp-content\/uploads\/co-facilitation-and-our-services-on-your-own-retreat.jpg-new-1-1024x683.webp\" class=\"attachment-large size-large wp-image-7468\" alt=\"\" srcset=\"https:\/\/www.innergrowth.eu\/wp-content\/uploads\/co-facilitation-and-our-services-on-your-own-retreat.jpg-new-1-1024x683.webp 1024w, https:\/\/www.innergrowth.eu\/wp-content\/uploads\/co-facilitation-and-our-services-on-your-own-retreat.jpg-new-1-300x200.webp 300w, https:\/\/www.innergrowth.eu\/wp-content\/uploads\/co-facilitation-and-our-services-on-your-own-retreat.jpg-new-1-768x512.webp 768w, https:\/\/www.innergrowth.eu\/wp-content\/uploads\/co-facilitation-and-our-services-on-your-own-retreat.jpg-new-1-1536x1024.webp 1536w, https:\/\/www.innergrowth.eu\/wp-content\/uploads\/co-facilitation-and-our-services-on-your-own-retreat.jpg-new-1-2048x1365.webp 2048w\" sizes=\"(max-width: 1024px) 100vw, 1024px\" \/>\t\t\t\t\t\t\t\t\t\t\t\t\t\t\t<\/div>\n\t\t\t\t<\/div>\n\t\t\t\t<\/div>\n\t\t\t\t\t<\/div>\n\t\t\t\t<\/div>\n\t\t<div class=\"elementor-element elementor-element-e1c681e e-flex e-con-boxed e-con e-parent\" data-id=\"e1c681e\" data-element_type=\"container\">\n\t\t\t\t\t<div class=\"e-con-inner\">\n\t\t\t\t<div class=\"elementor-element elementor-element-623f30c elementor-widget-divider--view-line elementor-widget elementor-widget-divider\" data-id=\"623f30c\" data-element_type=\"widget\" data-widget_type=\"divider.default\">\n\t\t\t\t<div class=\"elementor-widget-container\">\n\t\t\t\t\t\t\t<div class=\"elementor-divider\">\n\t\t\t<span class=\"elementor-divider-separator\">\n\t\t\t\t\t\t<\/span>\n\t\t<\/div>\n\t\t\t\t\t\t<\/div>\n\t\t\t\t<\/div>\n\t\t\t\t\t<\/div>\n\t\t\t\t<\/div>\n\t\t<div class=\"elementor-element elementor-element-9ab2648 e-flex e-con-boxed e-con e-parent\" data-id=\"9ab2648\" data-element_type=\"container\">\n\t\t\t\t\t<div class=\"e-con-inner\">\n\t\t\t\t<div class=\"elementor-element elementor-element-d280afd elementor-widget elementor-widget-text-editor\" data-id=\"d280afd\" data-element_type=\"widget\" data-widget_type=\"text-editor.default\">\n\t\t\t\t<div class=\"elementor-widget-container\">\n\t\t\t\t\t\t\t\t\t<p><strong>Si est\u00e1s planeando tu retiro y te gustar\u00eda:<\/strong><\/p><ul><li>tener una\u00a0<strong>co-facilitadora<\/strong> para crear juntos un espacio seguro y alentador, as\u00ed como para apoyarte en tu rol<\/li><li>traerme como <strong>maestra adicional<\/strong> para facilitar sesiones de Mindfulness o meditaci\u00f3n diaria, Rebirthing Breathwork o taller de Zen Coaching<\/li><li>ofrecer a tus participantes un <strong>masaje de calidad<\/strong> con un toque consciente<\/li><\/ul><p>puedes contactarme para hablar sobre tu plan, necesidades, preferencias; y encontrar juntos un apoyo adecuado para hacer tu retiro a\u00fan m\u00e1s incre\u00edble.<\/p><p>La co-facilitaci\u00f3n se puede realizar en ingl\u00e9s, espa\u00f1ol o polaco.<\/p>\t\t\t\t\t\t\t\t<\/div>\n\t\t\t\t<\/div>\n\t\t\t\t\t<\/div>\n\t\t\t\t<\/div>\n\t\t<div class=\"elementor-element elementor-element-c1b6194 e-flex e-con-boxed e-con e-parent\" data-id=\"c1b6194\" data-element_type=\"container\" data-settings=\"{&quot;background_background&quot;:&quot;classic&quot;}\">\n\t\t\t\t\t<div class=\"e-con-inner\">\n\t\t<div class=\"elementor-element elementor-element-10e5ecc e-con-full e-flex e-con e-child\" data-id=\"10e5ecc\" data-element_type=\"container\">\n\t\t\t\t<div class=\"elementor-element elementor-element-d178dcb elementor-widget elementor-widget-heading\" data-id=\"d178dcb\" data-element_type=\"widget\" data-widget_type=\"heading.default\">\n\t\t\t\t<div class=\"elementor-widget-container\">\n\t\t\t\t\t<h2 class=\"elementor-heading-title elementor-size-default\">Testimonio del cliente<\/h2>\t\t\t\t<\/div>\n\t\t\t\t<\/div>\n\t\t\t\t<div class=\"elementor-element elementor-element-e0b09e7 elementor-widget elementor-widget-shortcode\" data-id=\"e0b09e7\" data-element_type=\"widget\" data-widget_type=\"shortcode.default\">\n\t\t\t\t<div class=\"elementor-widget-container\">\n\t\t\t\t\t\t\t<div class=\"elementor-shortcode\"><pre class=\"ti-widget\" style=\"display: none\"><template id=\"trustindex-google-widget-html\"><div class=\" ti-widget  ti-goog ti-review-text-mode-readmore ti-text-align-left\" data-no-translation=\"true\" data-time-locale=\"%d %s ago|today|day|days|week|weeks|month|months|year|years\" data-plugin-version=\"13.2.7\" data-layout-id=\"56\" data-layout-category=\"badge\" data-set-id=\"soft\" data-pid=\"\" data-language=\"en\" data-close-locale=\"Close\" data-css-version=\"2\" data-size=\"1\"> <div class=\"ti-widget-container\"> <a href=\"https:\/\/admin.trustindex.io\/api\/googleReview?place-id=ChIJhVpaFFb3cg0RQmDODxsN6ms\" role=\"button\" target=\"_blank\" rel=\"noopener nofollow\" class=\"ti-header ti-header-grid source-Google\"> <div class=\"ti-fade-container\"> <div class=\"ti-large-logo\"> <div class=\"ti-v-center\"> <trustindex-image class=\"ti-logo-fb\" data-imgurl=\"https:\/\/cdn.trustindex.io\/assets\/platform\/Google\/logo.svg\" width=\"150\" height=\"25\" loading=\"lazy\" alt=\"Google\"><\/trustindex-image> <\/div> <\/div> <span class=\"ti-stars\"> <span class=\"ti-rating\">5.0<\/span> <trustindex-image class=\"ti-star\" data-imgurl=\"https:\/\/cdn.trustindex.io\/assets\/platform\/Google\/star\/f.svg\" alt=\"Google\" width=\"17\" height=\"17\" loading=\"lazy\"><\/trustindex-image><trustindex-image class=\"ti-star\" data-imgurl=\"https:\/\/cdn.trustindex.io\/assets\/platform\/Google\/star\/f.svg\" alt=\"Google\" width=\"17\" height=\"17\" loading=\"lazy\"><\/trustindex-image><trustindex-image class=\"ti-star\" data-imgurl=\"https:\/\/cdn.trustindex.io\/assets\/platform\/Google\/star\/f.svg\" alt=\"Google\" width=\"17\" height=\"17\" loading=\"lazy\"><\/trustindex-image><trustindex-image class=\"ti-star\" data-imgurl=\"https:\/\/cdn.trustindex.io\/assets\/platform\/Google\/star\/f.svg\" alt=\"Google\" width=\"17\" height=\"17\" loading=\"lazy\"><\/trustindex-image><trustindex-image class=\"ti-star\" data-imgurl=\"https:\/\/cdn.trustindex.io\/assets\/platform\/Google\/star\/f.svg\" alt=\"Google\" width=\"17\" height=\"17\" loading=\"lazy\"><\/trustindex-image> <\/span> <div class=\"ti-text\"> <span class=\"nowrap\"><strong>36 reviews<\/strong><\/span> <\/div> <\/div> <\/a> <\/div> <\/div> <\/template><\/pre><div data-src=\"https:\/\/cdn.trustindex.io\/loader.js?wp-widget\" data-template-id=\"trustindex-google-widget-html\" data-css-url=\"https:\/\/www.innergrowth.eu\/wp-content\/uploads\/trustindex-google-widget.css?1765491634\"><\/div><\/div>\n\t\t\t\t\t\t<\/div>\n\t\t\t\t<\/div>\n\t\t\t\t<\/div>\n\t\t<div class=\"elementor-element elementor-element-dba1ff8 e-con-full e-flex e-con e-child\" data-id=\"dba1ff8\" data-element_type=\"container\">\n\t\t\t\t<div class=\"elementor-element elementor-element-746859b elementor-widget elementor-widget-text-editor\" data-id=\"746859b\" data-element_type=\"widget\" data-widget_type=\"text-editor.default\">\n\t\t\t\t<div class=\"elementor-widget-container\">\n\t\t\t\t\t\t\t\t\t<p><em>\u201cOrganic\u00e9 un viaje inspirador a M\u00e1laga y le ped\u00ed a Ela que guiara una sesi\u00f3n de renacimiento con el grupo. Todo el grupo valora muy positivamente su orientaci\u00f3n profesional y la paz que aporta. Adem\u00e1s, la sesi\u00f3n realmente conmovi\u00f3 al grupo. Como grupo pudimos aprovechar esto durante el resto de la semana. <\/em><\/p><p><em>Varios participantes tambi\u00e9n tuvieron un masaje de Ela. Aqu\u00ed tambi\u00e9n la gente se mostr\u00f3 muy contenta. En definitiva, una sesi\u00f3n muy exitosa y definitivamente volver\u00e9 a consultarla en mi pr\u00f3ximo viaje\u201d<\/em><\/p>\t\t\t\t\t\t\t\t<\/div>\n\t\t\t\t<\/div>\n\t\t\t\t<div class=\"elementor-element elementor-element-1506957 elementor-widget elementor-widget-heading\" data-id=\"1506957\" data-element_type=\"widget\" data-widget_type=\"heading.default\">\n\t\t\t\t<div class=\"elementor-widget-container\">\n\t\t\t\t\t<p class=\"elementor-heading-title elementor-size-default\">Patrick Berghout, Pa\u00edses Bajos<\/p>\t\t\t\t<\/div>\n\t\t\t\t<\/div>\n\t\t\t\t<\/div>\n\t\t\t\t\t<\/div>\n\t\t\t\t<\/div>\n\t\t<div class=\"elementor-element elementor-element-0bf83ee e-flex e-con-boxed e-con e-parent\" data-id=\"0bf83ee\" data-element_type=\"container\" data-settings=\"{&quot;background_background&quot;:&quot;classic&quot;}\">\n\t\t\t\t\t<div class=\"e-con-inner\">\n\t\t<div class=\"elementor-element elementor-element-945ea28 e-con-full e-flex e-con e-child\" data-id=\"945ea28\" data-element_type=\"container\">\n\t\t\t\t<div class=\"elementor-element elementor-element-84bc403 elementor-widget elementor-widget-image\" data-id=\"84bc403\" data-element_type=\"widget\" data-widget_type=\"image.default\">\n\t\t\t\t<div class=\"elementor-widget-container\">\n\t\t\t\t\t\t\t\t\t\t\t\t\t\t\t<img decoding=\"async\" width=\"477\" height=\"600\" src=\"https:\/\/www.innergrowth.eu\/wp-content\/uploads\/Ela-Kolodziej-innergrowth.jpg\" class=\"attachment-large size-large wp-image-466\" alt=\"\" srcset=\"https:\/\/www.innergrowth.eu\/wp-content\/uploads\/Ela-Kolodziej-innergrowth.jpg 477w, https:\/\/www.innergrowth.eu\/wp-content\/uploads\/Ela-Kolodziej-innergrowth-239x300.jpg 239w\" sizes=\"(max-width: 477px) 100vw, 477px\" \/>\t\t\t\t\t\t\t\t\t\t\t\t\t\t\t<\/div>\n\t\t\t\t<\/div>\n\t\t\t\t<\/div>\n\t\t<div class=\"elementor-element elementor-element-464434a e-con-full e-flex e-con e-child\" data-id=\"464434a\" data-element_type=\"container\">\n\t\t\t\t<div class=\"elementor-element elementor-element-5f1e233 elementor-widget elementor-widget-heading\" data-id=\"5f1e233\" data-element_type=\"widget\" data-widget_type=\"heading.default\">\n\t\t\t\t<div class=\"elementor-widget-container\">\n\t\t\t\t\t<h2 class=\"elementor-heading-title elementor-size-default\">Acerca de la Facilitadora<\/h2>\t\t\t\t<\/div>\n\t\t\t\t<\/div>\n\t\t\t\t<div class=\"elementor-element elementor-element-7453bcd elementor-widget elementor-widget-text-editor\" data-id=\"7453bcd\" data-element_type=\"widget\" data-widget_type=\"text-editor.default\">\n\t\t\t\t<div class=\"elementor-widget-container\">\n\t\t\t\t\t\t\t\t\t<p><b>Ela Kolodziej<\/b>, Instructora de Mindfulness titulada y certificada en Zen Coaching y Rebirthing, es una apasionada del potencial humano.<\/p><p>Despu\u00e9s de a\u00f1os de carrera internacional en negocios, se interes\u00f3 en el \u00e1rea del desarrollo personal profundo y la salud integral.<\/p><p>Desde 2012 ha realizado diversos cursos de desarrollo personal y meditaci\u00f3n, as\u00ed como formaciones de coaching y terapias en Suecia, Espa\u00f1a e India; y desde entonces se dedica a compartir sus conocimientos, habilidades y experiencia para el bienestar de las personas.<\/p>\t\t\t\t\t\t\t\t<\/div>\n\t\t\t\t<\/div>\n\t\t\t\t<\/div>\n\t\t<div class=\"elementor-element elementor-element-178c3a7 e-con-full e-flex e-con e-child\" data-id=\"178c3a7\" data-element_type=\"container\">\n\t\t\t\t<div class=\"elementor-element elementor-element-bf69f5b elementor-widget__width-inherit elementor-widget elementor-widget-text-editor\" data-id=\"bf69f5b\" data-element_type=\"widget\" data-widget_type=\"text-editor.default\">\n\t\t\t\t<div class=\"elementor-widget-container\">\n\t\t\t\t\t\t\t\t\t<p>Mientras trabaja con individuos y grupos, tiene a su disposici\u00f3n un amplio espectro de herramientas que ha aprendido durante los a\u00f1os de <strong>cursos de desarrollo personal y capacitaciones terap\u00e9uticas<\/strong> que ha realizado y practicado en su profundo viaje interior, as\u00ed como con sus clientes; entre otros:<\/p>\n\t\t\t\t\t\t\t\t<\/div>\n\t\t\t\t<\/div>\n\t\t\t\t<div class=\"elementor-element elementor-element-6b593fb elementor-widget__width-inherit elementor-widget elementor-widget-text-editor\" data-id=\"6b593fb\" data-element_type=\"widget\" data-widget_type=\"text-editor.default\">\n\t\t\t\t<div class=\"elementor-widget-container\">\n\t\t\t\t\t\t\t\t\t<ul><li>Formaci\u00f3n en\u00a0<strong>Zen Coaching<\/strong>\u00a0(1 a\u00f1o), y Formaci\u00f3n del\u00a0<strong>Profesorado<\/strong>\u00a0(+1 a\u00f1o); en 2012-14, Suecia<\/li><li>Formaci\u00f3n en\u00a0<strong>Rebirthing y Breathwork<\/strong>\u00a0(1 a\u00f1o) y\u00a0<strong>Asistencia<\/strong>\u00a0(+1 a\u00f1o); en 2021-23, Espa\u00f1a<\/li><li>Formaci\u00f3n de\u00a0<strong>Instructora de Mindfulness<\/strong>; en 2014, Suecia<\/li><li>T\u00e9cnica de\u00a0<strong>Meditaci\u00f3n del Arte de Vivir<\/strong>; en 2012, India<\/li><li>Retiro de meditaci\u00f3n<strong>\u00a0Vipassana<\/strong>\u00a0de 10 d\u00edas en silencio, en 2014, Suecia<\/li><li>Diversos\u00a0<strong>cursos de Masaje<\/strong>; a partir de 2021, en Espa\u00f1a<\/li><li><b>Reiki\u00a0<\/b>\u2013 nivel 1 en 2023, Espa\u00f1a; y nivel 2 en 2024, Espa\u00f1a<\/li><li>Diversas formaciones dentro de la t\u00e9cnica del\u00a0<strong>Nuevo Sistema Craneal<\/strong>, aprendiendo a tratar adicciones, dolores y tensiones corporales y malestar emocional, apoyando al individuo a regresar a nuestro estado natural de bienestar; en 2023, Espa\u00f1a<\/li><\/ul>\t\t\t\t\t\t\t\t<\/div>\n\t\t\t\t<\/div>\n\t\t\t\t<div class=\"elementor-element elementor-element-360460c elementor-widget__width-inherit elementor-widget elementor-widget-text-editor\" data-id=\"360460c\" data-element_type=\"widget\" data-widget_type=\"text-editor.default\">\n\t\t\t\t<div class=\"elementor-widget-container\">\n\t\t\t\t\t\t\t\t\t<p>Fund\u00f3 Inner Growth en Malm\u00f6, Suecia en 2013 y desde 2021, despu\u00e9s de mudarse al destino de sus sue\u00f1os: M\u00e1laga en Espa\u00f1a, ofrece sus servicios en esta regi\u00f3n y en l\u00ednea, brindando los beneficios de mindfulness, zen coaching, la respiraci\u00f3n consciente y el bienestar hol\u00edstico a individuos y grupos \u2013 <b>para una vida m\u00e1s equilibrada y plena<\/b>.<\/p>\t\t\t\t\t\t\t\t<\/div>\n\t\t\t\t<\/div>\n\t\t\t\t<\/div>\n\t\t\t\t\t<\/div>\n\t\t\t\t<\/div>\n\t\t\t\t<\/div>\n\t\t","protected":false},"excerpt":{"rendered":"<p>Co-facilitaci\u00f3n y Nuestros Servicios en Tu Retiro Para hacer tu retiro a\u00fan m\u00e1s m\u00e1gico&#8230;\u200b Si est\u00e1s planeando tu retiro y te gustar\u00eda: tener una\u00a0co-facilitadora para crear juntos un espacio seguro y alentador, as\u00ed como para apoyarte en tu rol traerme como maestra adicional para facilitar sesiones de Mindfulness o meditaci\u00f3n diaria, Rebirthing Breathwork o taller&hellip;<\/p>\n","protected":false},"author":2,"featured_media":0,"parent":0,"menu_order":0,"comment_status":"closed","ping_status":"closed","template":"elementor_header_footer","meta":{"_acf_changed":false,"_seopress_robots_primary_cat":"","_seopress_titles_title":"","_seopress_titles_desc":"","_seopress_robots_index":"","footnotes":""},"class_list":["post-1561","page","type-page","status-publish"],"acf":[],"_links":{"self":[{"href":"https:\/\/www.innergrowth.eu\/es\/wp-json\/wp\/v2\/pages\/1561","targetHints":{"allow":["GET"]}}],"collection":[{"href":"https:\/\/www.innergrowth.eu\/es\/wp-json\/wp\/v2\/pages"}],"about":[{"href":"https:\/\/www.innergrowth.eu\/es\/wp-json\/wp\/v2\/types\/page"}],"author":[{"embeddable":true,"href":"https:\/\/www.innergrowth.eu\/es\/wp-json\/wp\/v2\/users\/2"}],"replies":[{"embeddable":true,"href":"https:\/\/www.innergrowth.eu\/es\/wp-json\/wp\/v2\/comments?post=1561"}],"version-history":[{"count":20,"href":"https:\/\/www.innergrowth.eu\/es\/wp-json\/wp\/v2\/pages\/1561\/revisions"}],"predecessor-version":[{"id":7635,"href":"https:\/\/www.innergrowth.eu\/es\/wp-json\/wp\/v2\/pages\/1561\/revisions\/7635"}],"wp:attachment":[{"href":"https:\/\/www.innergrowth.eu\/es\/wp-json\/wp\/v2\/media?parent=1561"}],"curies":[{"name":"wp","href":"https:\/\/api.w.org\/{rel}","templated":true}]}}