{"id":1563,"date":"2024-01-24T16:04:42","date_gmt":"2024-01-24T16:04:42","guid":{"rendered":"https:\/\/innergrowth.es\/retiros-individuales\/"},"modified":"2026-01-04T21:33:42","modified_gmt":"2026-01-04T21:33:42","slug":"retiros-individuales","status":"publish","type":"page","link":"https:\/\/www.innergrowth.eu\/es\/retiros-individuales\/","title":{"rendered":"Retiros individuales"},"content":{"rendered":"\t\t<div data-elementor-type=\"wp-page\" data-elementor-id=\"1563\" class=\"elementor elementor-1563 elementor-1401\" data-elementor-post-type=\"page\">\n\t\t\t\t<div class=\"elementor-element elementor-element-0b739ea e-flex e-con-boxed e-con e-parent\" data-id=\"0b739ea\" data-element_type=\"container\">\n\t\t\t\t\t<div class=\"e-con-inner\">\n\t\t<div class=\"elementor-element elementor-element-ef72be1 e-con-full e-flex e-con e-child\" data-id=\"ef72be1\" data-element_type=\"container\">\n\t\t\t\t<div class=\"elementor-element elementor-element-cfc333f elementor-widget elementor-widget-heading\" data-id=\"cfc333f\" data-element_type=\"widget\" data-widget_type=\"heading.default\">\n\t\t\t\t<div class=\"elementor-widget-container\">\n\t\t\t\t\t<h1 class=\"elementor-heading-title elementor-size-default\">Retiros Individuales<\/h1>\t\t\t\t<\/div>\n\t\t\t\t<\/div>\n\t\t\t\t<div class=\"elementor-element elementor-element-fa00ad9 elementor-widget elementor-widget-heading\" data-id=\"fa00ad9\" data-element_type=\"widget\" data-widget_type=\"heading.default\">\n\t\t\t\t<div class=\"elementor-widget-container\">\n\t\t\t\t\t<h2 class=\"elementor-heading-title elementor-size-default\">Tiempo libre para reconectar contigo mismo a un nivel m\u00e1s profundo...<\/h2>\t\t\t\t<\/div>\n\t\t\t\t<\/div>\n\t\t\t\t<\/div>\n\t\t<div class=\"elementor-element elementor-element-d2cf91a e-flex e-con-boxed e-con e-child\" data-id=\"d2cf91a\" data-element_type=\"container\">\n\t\t\t\t\t<div class=\"e-con-inner\">\n\t\t\t\t<div class=\"elementor-element elementor-element-c75f472 elementor-widget elementor-widget-image\" data-id=\"c75f472\" data-element_type=\"widget\" data-widget_type=\"image.default\">\n\t\t\t\t<div class=\"elementor-widget-container\">\n\t\t\t\t\t\t\t\t\t\t\t\t\t\t\t<img fetchpriority=\"high\" decoding=\"async\" width=\"1024\" height=\"683\" src=\"https:\/\/www.innergrowth.eu\/wp-content\/uploads\/Individual-retreat-in-nature-3-1024x683.jpg\" class=\"attachment-large size-large wp-image-2432\" alt=\"\" srcset=\"https:\/\/www.innergrowth.eu\/wp-content\/uploads\/Individual-retreat-in-nature-3-1024x683.jpg 1024w, https:\/\/www.innergrowth.eu\/wp-content\/uploads\/Individual-retreat-in-nature-3-300x200.jpg 300w, https:\/\/www.innergrowth.eu\/wp-content\/uploads\/Individual-retreat-in-nature-3-768x512.jpg 768w, https:\/\/www.innergrowth.eu\/wp-content\/uploads\/Individual-retreat-in-nature-3-1536x1024.jpg 1536w, https:\/\/www.innergrowth.eu\/wp-content\/uploads\/Individual-retreat-in-nature-3-2048x1365.jpg 2048w\" sizes=\"(max-width: 1024px) 100vw, 1024px\" \/>\t\t\t\t\t\t\t\t\t\t\t\t\t\t\t<\/div>\n\t\t\t\t<\/div>\n\t\t\t\t\t<\/div>\n\t\t\t\t<\/div>\n\t\t\t\t\t<\/div>\n\t\t\t\t<\/div>\n\t\t<div class=\"elementor-element elementor-element-e1c681e e-flex e-con-boxed e-con e-parent\" data-id=\"e1c681e\" data-element_type=\"container\">\n\t\t\t\t\t<div class=\"e-con-inner\">\n\t\t\t\t<div class=\"elementor-element elementor-element-1968e78 elementor-widget-divider--view-line elementor-widget elementor-widget-divider\" data-id=\"1968e78\" data-element_type=\"widget\" data-widget_type=\"divider.default\">\n\t\t\t\t<div class=\"elementor-widget-container\">\n\t\t\t\t\t\t\t<div class=\"elementor-divider\">\n\t\t\t<span class=\"elementor-divider-separator\">\n\t\t\t\t\t\t<\/span>\n\t\t<\/div>\n\t\t\t\t\t\t<\/div>\n\t\t\t\t<\/div>\n\t\t\t\t\t<\/div>\n\t\t\t\t<\/div>\n\t\t<div class=\"elementor-element elementor-element-9ab2648 e-grid e-con-boxed e-con e-parent\" data-id=\"9ab2648\" data-element_type=\"container\">\n\t\t\t\t\t<div class=\"e-con-inner\">\n\t\t<div class=\"elementor-element elementor-element-04f13f8 e-flex e-con-boxed e-con e-child\" data-id=\"04f13f8\" data-element_type=\"container\">\n\t\t\t\t\t<div class=\"e-con-inner\">\n\t\t\t\t<div class=\"elementor-element elementor-element-cb07ca2 elementor-widget elementor-widget-text-editor\" data-id=\"cb07ca2\" data-element_type=\"widget\" data-widget_type=\"text-editor.default\">\n\t\t\t\t<div class=\"elementor-widget-container\">\n\t\t\t\t\t\t\t\t\t<p>Si sientes la necesidad de\u00a0<strong>tomar un descanso<\/strong>\u00a0de tus rutinas diarias:<\/p><ul><li>para\u00a0<strong>relajarse<\/strong>\u00a0y\u00a0<strong>descansar<\/strong><\/li><li>para\u00a0<strong>distanciarse<\/strong>\u00a0un poco de las circunstancias de su vida y obtener\u00a0<strong>una nueva perspectiva<\/strong><\/li><li>estar en\u00a0<strong>un ambiente de apoyo, seguro y afectuoso<\/strong><\/li><li>para\u00a0<strong>recibir apoyo adicional<\/strong>\u00a0en su situaci\u00f3n desafiante<\/li><\/ul><div>\u00a0<\/div><p>Si\u00a0<strong>prefieres hacerlo de forma privada<\/strong>\u00a0o en un peque\u00f1o grupo de amigos de confianza, puede contactarnos para discutir los detalles de su acuerdo individual:<\/p><ul><li>Tu situaci\u00f3n actual, tus retos y tus necesidades y preferencias<\/li><li>Duraci\u00f3n del retiro, contenido, servicios de curaci\u00f3n adecuados para usted (masajes, atenci\u00f3n plena, respiraci\u00f3n de renacimiento, entrenamiento zen) y su presupuesto<\/li><\/ul><div>\u00a0<\/div><p>El retiro se puede realizar en ingl\u00e9s, espa\u00f1ol o polaco.<\/p>\t\t\t\t\t\t\t\t<\/div>\n\t\t\t\t<\/div>\n\t\t\t\t<div class=\"elementor-element elementor-element-9d3a63f elementor-widget elementor-widget-image\" data-id=\"9d3a63f\" data-element_type=\"widget\" data-widget_type=\"image.default\">\n\t\t\t\t<div class=\"elementor-widget-container\">\n\t\t\t\t\t\t\t\t\t\t\t\t\t\t\t<img decoding=\"async\" src=\"https:\/\/www.innergrowth.eu\/wp-content\/uploads\/elementor\/thumbs\/Individual-retreat-in-nature-2-scaled-ql1p8u1loalesz3gwg04dqvaspah4khuqey29akwjc.jpg\" title=\"Individual retreat in nature 2\" alt=\"Individual retreat in nature 2\" loading=\"lazy\" \/>\t\t\t\t\t\t\t\t\t\t\t\t\t\t\t<\/div>\n\t\t\t\t<\/div>\n\t\t\t\t\t<\/div>\n\t\t\t\t<\/div>\n\t\t<div class=\"elementor-element elementor-element-f1cb5cb fixit e-flex e-con-boxed e-con e-child\" data-id=\"f1cb5cb\" data-element_type=\"container\" data-settings=\"{&quot;background_background&quot;:&quot;gradient&quot;}\">\n\t\t\t\t\t<div class=\"e-con-inner\">\n\t\t\t\t<div class=\"elementor-element elementor-element-0612486 elementor-widget elementor-widget-heading\" data-id=\"0612486\" data-element_type=\"widget\" data-widget_type=\"heading.default\">\n\t\t\t\t<div class=\"elementor-widget-container\">\n\t\t\t\t\t<h2 class=\"elementor-heading-title elementor-size-default\">Formulario de Contacto<\/h2>\t\t\t\t<\/div>\n\t\t\t\t<\/div>\n\t\t<div class=\"elementor-element elementor-element-93b9036 e-flex e-con-boxed e-con e-child\" data-id=\"93b9036\" data-element_type=\"container\">\n\t\t\t\t\t<div class=\"e-con-inner\">\n\t\t\t\t<div class=\"elementor-element elementor-element-77bfc5d elementor-button-align-start elementor-widget__width-initial elementor-widget elementor-widget-form\" data-id=\"77bfc5d\" data-element_type=\"widget\" data-settings=\"{&quot;step_next_label&quot;:&quot;Pr\\u00f3ximo&quot;,&quot;step_previous_label&quot;:&quot;Previo&quot;,&quot;button_width&quot;:&quot;100&quot;,&quot;step_type&quot;:&quot;number_text&quot;,&quot;step_icon_shape&quot;:&quot;circle&quot;}\" data-widget_type=\"form.default\">\n\t\t\t\t<div class=\"elementor-widget-container\">\n\t\t\t\t\t\t\t<form class=\"elementor-form\" method=\"post\" id=\"contacto_web\" name=\"contacto\" aria-label=\"contacto\">\n\t\t\t<input type=\"hidden\" name=\"post_id\" value=\"1563\"\/>\n\t\t\t<input type=\"hidden\" name=\"form_id\" value=\"77bfc5d\"\/>\n\t\t\t<input type=\"hidden\" name=\"referer_title\" value=\"Retiros individuales\" \/>\n\n\t\t\t\t\t\t\t<input type=\"hidden\" name=\"queried_id\" value=\"1563\"\/>\n\t\t\t\n\t\t\t<div class=\"elementor-form-fields-wrapper elementor-labels-above\">\n\t\t\t\t\t\t\t\t<div class=\"elementor-field-type-text elementor-field-group elementor-column elementor-field-group-name elementor-col-100 elementor-field-required elementor-mark-required\">\n\t\t\t\t\t\t\t\t\t\t\t\t<label for=\"form-field-name\" class=\"elementor-field-label\">\n\t\t\t\t\t\t\t\tNombre\t\t\t\t\t\t\t<\/label>\n\t\t\t\t\t\t\t\t\t\t\t\t\t\t<input size=\"1\" type=\"text\" name=\"form_fields[name]\" id=\"form-field-name\" class=\"elementor-field elementor-size-md  elementor-field-textual\" placeholder=\"Nombre\" required=\"required\">\n\t\t\t\t\t\t\t\t\t\t\t<\/div>\n\t\t\t\t\t\t\t\t<div class=\"elementor-field-type-email elementor-field-group elementor-column elementor-field-group-email elementor-col-100 elementor-field-required elementor-mark-required\">\n\t\t\t\t\t\t\t\t\t\t\t\t<label for=\"form-field-email\" class=\"elementor-field-label\">\n\t\t\t\t\t\t\t\tEmail\t\t\t\t\t\t\t<\/label>\n\t\t\t\t\t\t\t\t\t\t\t\t\t\t<input size=\"1\" type=\"email\" name=\"form_fields[email]\" id=\"form-field-email\" class=\"elementor-field elementor-size-md  elementor-field-textual\" placeholder=\"Email\" required=\"required\">\n\t\t\t\t\t\t\t\t\t\t\t<\/div>\n\t\t\t\t\t\t\t\t<div class=\"elementor-field-type-text elementor-field-group elementor-column elementor-field-group-field_0384c13 elementor-col-100 elementor-field-required elementor-mark-required\">\n\t\t\t\t\t\t\t\t\t\t\t\t<label for=\"form-field-field_0384c13\" class=\"elementor-field-label\">\n\t\t\t\t\t\t\t\tTel\u00e9fono m\u00f3vil\t\t\t\t\t\t\t<\/label>\n\t\t\t\t\t\t\t\t\t\t\t\t\t\t<input size=\"1\" type=\"text\" name=\"form_fields[field_0384c13]\" id=\"form-field-field_0384c13\" class=\"elementor-field elementor-size-md  elementor-field-textual\" placeholder=\"Tel\u00e9fono m\u00f3vil\" required=\"required\">\n\t\t\t\t\t\t\t\t\t\t\t<\/div>\n\t\t\t\t\t\t\t\t<div class=\"elementor-field-type-text elementor-field-group elementor-column elementor-field-group-field_d353ac0 elementor-col-100 elementor-field-required elementor-mark-required\">\n\t\t\t\t\t\t\t\t\t\t\t\t<label for=\"form-field-field_d353ac0\" class=\"elementor-field-label\">\n\t\t\t\t\t\t\t\tTema\t\t\t\t\t\t\t<\/label>\n\t\t\t\t\t\t\t\t\t\t\t\t\t\t<input size=\"1\" type=\"text\" name=\"form_fields[field_d353ac0]\" id=\"form-field-field_d353ac0\" class=\"elementor-field elementor-size-md  elementor-field-textual\" placeholder=\"Tema\" required=\"required\">\n\t\t\t\t\t\t\t\t\t\t\t<\/div>\n\t\t\t\t\t\t\t\t<div class=\"elementor-field-type-textarea elementor-field-group elementor-column elementor-field-group-message elementor-col-100 elementor-field-required elementor-mark-required\">\n\t\t\t\t\t\t\t\t\t\t\t\t<label for=\"form-field-message\" class=\"elementor-field-label\">\n\t\t\t\t\t\t\t\tMensaje\t\t\t\t\t\t\t<\/label>\n\t\t\t\t\t\t<textarea class=\"elementor-field-textual elementor-field  elementor-size-md\" name=\"form_fields[message]\" id=\"form-field-message\" rows=\"4\" placeholder=\"Mensaje\" required=\"required\"><\/textarea>\t\t\t\t<\/div>\n\t\t\t\t\t\t\t\t<div class=\"elementor-field-type-acceptance elementor-field-group elementor-column elementor-field-group-field_2765d2f elementor-col-100 elementor-field-required elementor-mark-required\">\n\t\t\t\t\t\t\t<div class=\"elementor-field-subgroup\">\n\t\t\t<span class=\"elementor-field-option\">\n\t\t\t\t<input type=\"checkbox\" name=\"form_fields[field_2765d2f]\" id=\"form-field-field_2765d2f\" class=\"elementor-field elementor-size-md  elementor-acceptance-field\" required=\"required\">\n\t\t\t\t<label for=\"form-field-field_2765d2f\">Acepto la\n<a href=\"https:\/\/www.innergrowth.eu\/introduction-to-mindfulness-workshop\/\">Pol\u00edtica de Privacidad <\/a><\/label>\t\t\t<\/span>\n\t\t<\/div>\n\t\t\t\t\t\t<\/div>\n\t\t\t\t\t\t\t\t<div class=\"elementor-field-type-acceptance elementor-field-group elementor-column elementor-field-group-field_7843234 elementor-col-100\">\n\t\t\t\t\t\t\t<div class=\"elementor-field-subgroup\">\n\t\t\t<span class=\"elementor-field-option\">\n\t\t\t\t<input type=\"checkbox\" name=\"form_fields[field_7843234]\" id=\"form-field-field_7843234\" class=\"elementor-field elementor-size-md  elementor-acceptance-field\">\n\t\t\t\t<label for=\"form-field-field_7843234\">Quiero suscribirme al grupo de Whatsapp \"Bienestar con Inner Growth\"<\/label>\t\t\t<\/span>\n\t\t<\/div>\n\t\t\t\t\t\t<\/div>\n\t\t\t\t\t\t\t\t<div class=\"elementor-field-group elementor-column elementor-field-type-submit elementor-col-100 e-form__buttons\">\n\t\t\t\t\t<button class=\"elementor-button elementor-size-sm\" type=\"submit\">\n\t\t\t\t\t\t<span class=\"elementor-button-content-wrapper\">\n\t\t\t\t\t\t\t\t\t\t\t\t\t\t\t<span class=\"elementor-button-icon\">\n\t\t\t\t\t\t\t\t\t<svg xmlns=\"http:\/\/www.w3.org\/2000\/svg\" id=\"Capa_1\" data-name=\"Capa 1\" viewBox=\"0 0 100 100\"><title>angle-boton<\/title><path d=\"M29.87,92.5a8.73,8.73,0,0,1-5.62-15.42L56.54,50,24.25,22.92A8.73,8.73,0,1,1,35.48,9.54L75.75,43.31a8.73,8.73,0,0,1,0,13.38L35.48,90.46A8.72,8.72,0,0,1,29.87,92.5Z\"><\/path><\/svg>\t\t\t\t\t\t\t\t\t\t\t\t\t\t\t\t\t<\/span>\n\t\t\t\t\t\t\t\t\t\t\t\t\t\t\t\t\t\t\t\t\t\t<span class=\"elementor-button-text\">Enviar<\/span>\n\t\t\t\t\t\t\t\t\t\t\t\t\t<\/span>\n\t\t\t\t\t<\/button>\n\t\t\t\t<\/div>\n\t\t\t<\/div>\n\t\t<\/form>\n\t\t\t\t\t\t<\/div>\n\t\t\t\t<\/div>\n\t\t\t\t<div class=\"elementor-element elementor-element-6f1d2fe elementor-widget elementor-widget-text-editor\" data-id=\"6f1d2fe\" data-element_type=\"widget\" data-widget_type=\"text-editor.default\">\n\t\t\t\t<div class=\"elementor-widget-container\">\n\t\t\t\t\t\t\t\t\t<p>Respetamos tu tiempo, por eso en nuestros grupos de WhatsApp solo el Administrador puede compartir la informaci\u00f3n, y si tienes alguna pregunta o duda puedes contactarnos personalmente, para no molestar al grupo con demasiados mensajes.\u00a0<\/p><p>Tambi\u00e9n es f\u00e1cil, en cualquier momento, dejar el grupo, sin herir sentimientos.<\/p>\t\t\t\t\t\t\t\t<\/div>\n\t\t\t\t<\/div>\n\t\t\t\t\t<\/div>\n\t\t\t\t<\/div>\n\t\t\t\t\t<\/div>\n\t\t\t\t<\/div>\n\t\t\t\t\t<\/div>\n\t\t\t\t<\/div>\n\t\t<div class=\"elementor-element elementor-element-0bf83ee e-flex e-con-boxed e-con e-parent\" data-id=\"0bf83ee\" data-element_type=\"container\" data-settings=\"{&quot;background_background&quot;:&quot;classic&quot;}\">\n\t\t\t\t\t<div class=\"e-con-inner\">\n\t\t<div class=\"elementor-element elementor-element-945ea28 e-con-full e-flex e-con e-child\" data-id=\"945ea28\" data-element_type=\"container\">\n\t\t\t\t<div class=\"elementor-element elementor-element-84bc403 elementor-widget elementor-widget-image\" data-id=\"84bc403\" data-element_type=\"widget\" data-widget_type=\"image.default\">\n\t\t\t\t<div class=\"elementor-widget-container\">\n\t\t\t\t\t\t\t\t\t\t\t\t\t\t\t<img decoding=\"async\" width=\"477\" height=\"600\" src=\"https:\/\/www.innergrowth.eu\/wp-content\/uploads\/Ela-Kolodziej-innergrowth.jpg\" class=\"attachment-large size-large wp-image-466\" alt=\"\" srcset=\"https:\/\/www.innergrowth.eu\/wp-content\/uploads\/Ela-Kolodziej-innergrowth.jpg 477w, https:\/\/www.innergrowth.eu\/wp-content\/uploads\/Ela-Kolodziej-innergrowth-239x300.jpg 239w\" sizes=\"(max-width: 477px) 100vw, 477px\" \/>\t\t\t\t\t\t\t\t\t\t\t\t\t\t\t<\/div>\n\t\t\t\t<\/div>\n\t\t\t\t<\/div>\n\t\t<div class=\"elementor-element elementor-element-464434a e-con-full e-flex e-con e-child\" data-id=\"464434a\" data-element_type=\"container\">\n\t\t\t\t<div class=\"elementor-element elementor-element-5f1e233 elementor-widget elementor-widget-heading\" data-id=\"5f1e233\" data-element_type=\"widget\" data-widget_type=\"heading.default\">\n\t\t\t\t<div class=\"elementor-widget-container\">\n\t\t\t\t\t<h2 class=\"elementor-heading-title elementor-size-default\">Acerca de la Facilitadora<\/h2>\t\t\t\t<\/div>\n\t\t\t\t<\/div>\n\t\t\t\t<div class=\"elementor-element elementor-element-7453bcd elementor-widget elementor-widget-text-editor\" data-id=\"7453bcd\" data-element_type=\"widget\" data-widget_type=\"text-editor.default\">\n\t\t\t\t<div class=\"elementor-widget-container\">\n\t\t\t\t\t\t\t\t\t<p><b>Ela Kolodziej<\/b>, Instructora de Mindfulness titulada y certificada en Zen Coaching y en Rebirthing, es una apasionada del potencial humano.<\/p>\n<p>Despu\u00e9s de a\u00f1os de carrera internacional en negocios, se interes\u00f3 en el \u00e1rea del desarrollo personal profundo y la salud integral.<\/p>\n<p>Desde 2012 ha realizado diversos cursos de desarrollo personal y meditaci\u00f3n, as\u00ed como formaciones de coaching y terapias en Suecia, Espa\u00f1a e India; y desde entonces se dedica a compartir sus conocimientos, habilidades y experiencia para el bienestar de las personas.<\/p>\t\t\t\t\t\t\t\t<\/div>\n\t\t\t\t<\/div>\n\t\t\t\t<\/div>\n\t\t<div class=\"elementor-element elementor-element-178c3a7 e-con-full e-flex e-con e-child\" data-id=\"178c3a7\" data-element_type=\"container\">\n\t\t\t\t<div class=\"elementor-element elementor-element-bf69f5b elementor-widget__width-inherit elementor-widget elementor-widget-text-editor\" data-id=\"bf69f5b\" data-element_type=\"widget\" data-widget_type=\"text-editor.default\">\n\t\t\t\t<div class=\"elementor-widget-container\">\n\t\t\t\t\t\t\t\t\t<p>Mientras trabaja con individuos y grupos, tiene a su disposici\u00f3n un amplio espectro de herramientas que ha aprendido durante los a\u00f1os de <strong>cursos de desarrollo personal y capacitaciones terap\u00e9uticas<\/strong> que ha realizado y practicado en su profundo viaje interior, as\u00ed como con sus clientes; entre otros:<\/p>\n\t\t\t\t\t\t\t\t<\/div>\n\t\t\t\t<\/div>\n\t\t\t\t<div class=\"elementor-element elementor-element-46c6a05 elementor-widget__width-inherit elementor-widget elementor-widget-text-editor\" data-id=\"46c6a05\" data-element_type=\"widget\" data-widget_type=\"text-editor.default\">\n\t\t\t\t<div class=\"elementor-widget-container\">\n\t\t\t\t\t\t\t\t\t<ul><li>Formaci\u00f3n en\u00a0<strong>Zen Coaching<\/strong>\u00a0(1 a\u00f1o), y Formaci\u00f3n del\u00a0<strong>Profesorado<\/strong>\u00a0(+1 a\u00f1o); en 2012-14, Suecia<\/li><li>Formaci\u00f3n en\u00a0<strong>Rebirthing y Breathwork<\/strong>\u00a0(1 a\u00f1o) y\u00a0<strong>Asistencia<\/strong>\u00a0(+1 a\u00f1o); en 2021-23, Espa\u00f1a<\/li><li>Formaci\u00f3n de\u00a0<strong>Instructora de Mindfulness<\/strong>; en 2014, Suecia<\/li><li>T\u00e9cnica de\u00a0<strong>Meditaci\u00f3n del Arte de Vivir<\/strong>; en 2012, India<\/li><li>Retiro de meditaci\u00f3n<strong>\u00a0Vipassana<\/strong>\u00a0de 10 d\u00edas en silencio, en 2014, Suecia<\/li><li>Diversos\u00a0<strong>cursos de Masaje<\/strong>; a partir de 2021, en Espa\u00f1a<\/li><li><b>Reiki\u00a0<\/b>\u2013 nivel 1 en 2023, Espa\u00f1a; y nivel 2 en 2024, Espa\u00f1a<\/li><li>Diversas formaciones dentro de la t\u00e9cnica del\u00a0<strong>Nuevo Sistema Craneal<\/strong>, aprendiendo a tratar adicciones, dolores y tensiones corporales y malestar emocional, apoyando al individuo a regresar a nuestro estado natural de bienestar; en 2023, Espa\u00f1a<\/li><\/ul>\t\t\t\t\t\t\t\t<\/div>\n\t\t\t\t<\/div>\n\t\t\t\t<div class=\"elementor-element elementor-element-360460c elementor-widget__width-inherit elementor-widget elementor-widget-text-editor\" data-id=\"360460c\" data-element_type=\"widget\" data-widget_type=\"text-editor.default\">\n\t\t\t\t<div class=\"elementor-widget-container\">\n\t\t\t\t\t\t\t\t\t<p>Fund\u00f3 Inner Growth en Malm\u00f6, Suecia en 2013 y desde 2021, despu\u00e9s de mudarse al destino de sus sue\u00f1os: M\u00e1laga en Espa\u00f1a, ofrece sus servicios en esta regi\u00f3n y en l\u00ednea, brindando los beneficios de la atenci\u00f3n plena, el coaching zen, la respiraci\u00f3n y el bienestar hol\u00edstico. -ser a individuos y grupos \u2013 <strong>para una vida m\u00e1s equilibrada y plena<\/strong>.<\/p>\n\t\t\t\t\t\t\t\t<\/div>\n\t\t\t\t<\/div>\n\t\t\t\t<\/div>\n\t\t\t\t\t<\/div>\n\t\t\t\t<\/div>\n\t\t\t\t<\/div>\n\t\t","protected":false},"excerpt":{"rendered":"<p>Retiros Individuales Tiempo libre para reconectar contigo mismo a un nivel m\u00e1s profundo&#8230; Si sientes la necesidad de\u00a0tomar un descanso\u00a0de tus rutinas diarias: para\u00a0relajarse\u00a0y\u00a0descansar para\u00a0distanciarse\u00a0un poco de las circunstancias de su vida y obtener\u00a0una nueva perspectiva estar en\u00a0un ambiente de apoyo, seguro y afectuoso para\u00a0recibir apoyo adicional\u00a0en su situaci\u00f3n desafiante \u00a0 Si\u00a0prefieres hacerlo de forma&hellip;<\/p>\n","protected":false},"author":2,"featured_media":0,"parent":0,"menu_order":0,"comment_status":"closed","ping_status":"closed","template":"elementor_header_footer","meta":{"_acf_changed":false,"_seopress_robots_primary_cat":"","_seopress_titles_title":"","_seopress_titles_desc":"","_seopress_robots_index":"","footnotes":""},"class_list":["post-1563","page","type-page","status-publish"],"acf":[],"_links":{"self":[{"href":"https:\/\/www.innergrowth.eu\/es\/wp-json\/wp\/v2\/pages\/1563","targetHints":{"allow":["GET"]}}],"collection":[{"href":"https:\/\/www.innergrowth.eu\/es\/wp-json\/wp\/v2\/pages"}],"about":[{"href":"https:\/\/www.innergrowth.eu\/es\/wp-json\/wp\/v2\/types\/page"}],"author":[{"embeddable":true,"href":"https:\/\/www.innergrowth.eu\/es\/wp-json\/wp\/v2\/users\/2"}],"replies":[{"embeddable":true,"href":"https:\/\/www.innergrowth.eu\/es\/wp-json\/wp\/v2\/comments?post=1563"}],"version-history":[{"count":28,"href":"https:\/\/www.innergrowth.eu\/es\/wp-json\/wp\/v2\/pages\/1563\/revisions"}],"predecessor-version":[{"id":7644,"href":"https:\/\/www.innergrowth.eu\/es\/wp-json\/wp\/v2\/pages\/1563\/revisions\/7644"}],"wp:attachment":[{"href":"https:\/\/www.innergrowth.eu\/es\/wp-json\/wp\/v2\/media?parent=1563"}],"curies":[{"name":"wp","href":"https:\/\/api.w.org\/{rel}","templated":true}]}}