{"id":1579,"date":"2024-01-24T12:46:51","date_gmt":"2024-01-24T12:46:51","guid":{"rendered":"https:\/\/innergrowth.es\/retiros-grupales\/"},"modified":"2026-01-07T09:32:03","modified_gmt":"2026-01-07T09:32:03","slug":"retiros-grupales","status":"publish","type":"page","link":"https:\/\/www.innergrowth.eu\/es\/retiros-grupales\/","title":{"rendered":"Retiros grupales"},"content":{"rendered":"\t\t<div data-elementor-type=\"wp-page\" data-elementor-id=\"1579\" class=\"elementor elementor-1579 elementor-1369\" data-elementor-post-type=\"page\">\n\t\t\t\t<div class=\"elementor-element elementor-element-e7a41ca e-flex e-con-boxed e-con e-parent\" data-id=\"e7a41ca\" data-element_type=\"container\">\n\t\t\t\t\t<div class=\"e-con-inner\">\n\t\t<div class=\"elementor-element elementor-element-80b3a9e e-con-full e-flex e-con e-child\" data-id=\"80b3a9e\" data-element_type=\"container\">\n\t\t\t\t<div class=\"elementor-element elementor-element-9311c34 elementor-widget elementor-widget-heading\" data-id=\"9311c34\" data-element_type=\"widget\" data-widget_type=\"heading.default\">\n\t\t\t\t<div class=\"elementor-widget-container\">\n\t\t\t\t\t<h1 class=\"elementor-heading-title elementor-size-default\">Retiros Grupales <\/h1>\t\t\t\t<\/div>\n\t\t\t\t<\/div>\n\t\t\t\t<div class=\"elementor-element elementor-element-8f2393e elementor-widget elementor-widget-heading\" data-id=\"8f2393e\" data-element_type=\"widget\" data-widget_type=\"heading.default\">\n\t\t\t\t<div class=\"elementor-widget-container\">\n\t\t\t\t\t<h2 class=\"elementor-heading-title elementor-size-default\">Vacaciones profundamente reparadoras y <br>abri\u00e9ndose a la magia de la vida...<\/h2>\t\t\t\t<\/div>\n\t\t\t\t<\/div>\n\t\t\t\t<\/div>\n\t\t<div class=\"elementor-element elementor-element-91a9ea5 e-con-full e-flex e-con e-child\" data-id=\"91a9ea5\" data-element_type=\"container\">\n\t\t\t\t<div class=\"elementor-element elementor-element-c9830f0 elementor-widget elementor-widget-image\" data-id=\"c9830f0\" data-element_type=\"widget\" data-widget_type=\"image.default\">\n\t\t\t\t<div class=\"elementor-widget-container\">\n\t\t\t\t\t\t\t\t\t\t\t\t\t\t\t<img fetchpriority=\"high\" decoding=\"async\" width=\"1024\" height=\"682\" src=\"https:\/\/www.innergrowth.eu\/wp-content\/uploads\/Reconnection-retreat-in-nature-1.6-scaled-1-1-1024x682.jpg\" class=\"attachment-large size-large wp-image-5893\" alt=\"\" srcset=\"https:\/\/www.innergrowth.eu\/wp-content\/uploads\/Reconnection-retreat-in-nature-1.6-scaled-1-1-1024x682.jpg 1024w, https:\/\/www.innergrowth.eu\/wp-content\/uploads\/Reconnection-retreat-in-nature-1.6-scaled-1-1-300x200.jpg 300w, https:\/\/www.innergrowth.eu\/wp-content\/uploads\/Reconnection-retreat-in-nature-1.6-scaled-1-1-768x512.jpg 768w, https:\/\/www.innergrowth.eu\/wp-content\/uploads\/Reconnection-retreat-in-nature-1.6-scaled-1-1-1536x1024.jpg 1536w, https:\/\/www.innergrowth.eu\/wp-content\/uploads\/Reconnection-retreat-in-nature-1.6-scaled-1-1-2048x1365.jpg 2048w\" sizes=\"(max-width: 1024px) 100vw, 1024px\" \/>\t\t\t\t\t\t\t\t\t\t\t\t\t\t\t<\/div>\n\t\t\t\t<\/div>\n\t\t\t\t<\/div>\n\t\t\t\t\t<\/div>\n\t\t\t\t<\/div>\n\t\t<div class=\"elementor-element elementor-element-d3a0cd9 e-con-full e-flex e-con e-parent\" data-id=\"d3a0cd9\" data-element_type=\"container\" data-settings=\"{&quot;background_background&quot;:&quot;gradient&quot;}\">\n\t\t<div class=\"elementor-element elementor-element-eca4530 e-flex e-con-boxed e-con e-child\" data-id=\"eca4530\" data-element_type=\"container\">\n\t\t\t\t\t<div class=\"e-con-inner\">\n\t\t\t\t<div class=\"elementor-element elementor-element-661d3db elementor-widget elementor-widget-text-editor\" data-id=\"661d3db\" data-element_type=\"widget\" data-widget_type=\"text-editor.default\">\n\t\t\t\t<div class=\"elementor-widget-container\">\n\t\t\t\t\t\t\t\t\t<p>Si sientes la necesidad de\u00a0<b>tomar un descanso\u00a0<\/b>de\u00a0tus rutinas diarias para\u00a0<b>relajarte<\/b>,\u00a0<b>descansar<\/b>,\u00a0<b>distanciarte<\/b>\u00a0de las circunstancias de tu vida y obtener\u00a0<b>una nueva perspectiva<\/b>; mientras\u00a0<b>conoces gente nueva\u00a0<\/b>en el camino, es posible que te interese uno de nuestros pr\u00f3ximos retiros de fin de semana:<\/p>\t\t\t\t\t\t\t\t<\/div>\n\t\t\t\t<\/div>\n\t\t\t\t\t<\/div>\n\t\t\t\t<\/div>\n\t\t<div class=\"elementor-element elementor-element-c1e900d e-grid e-con-boxed e-con e-child\" data-id=\"c1e900d\" data-element_type=\"container\">\n\t\t\t\t\t<div class=\"e-con-inner\">\n\t\t<div class=\"elementor-element elementor-element-01bf19b e-flex e-con-boxed e-con e-child\" data-id=\"01bf19b\" data-element_type=\"container\" data-settings=\"{&quot;background_background&quot;:&quot;gradient&quot;}\">\n\t\t\t\t\t<div class=\"e-con-inner\">\n\t\t\t\t<div class=\"elementor-element elementor-element-795add2 elementor-widget elementor-widget-heading\" data-id=\"795add2\" data-element_type=\"widget\" data-widget_type=\"heading.default\">\n\t\t\t\t<div class=\"elementor-widget-container\">\n\t\t\t\t\t<h2 class=\"elementor-heading-title elementor-size-default\">Retiro de A\u00f1o Nuevo: <br>\u201cPlantando una Semilla\u201d<\/h2>\t\t\t\t<\/div>\n\t\t\t\t<\/div>\n\t\t\t\t<div class=\"elementor-element elementor-element-1a0f48c elementor-widget elementor-widget-image\" data-id=\"1a0f48c\" data-element_type=\"widget\" data-widget_type=\"image.default\">\n\t\t\t\t<div class=\"elementor-widget-container\">\n\t\t\t\t\t\t\t\t\t\t\t\t\t\t\t<img decoding=\"async\" src=\"https:\/\/www.innergrowth.eu\/wp-content\/uploads\/elementor\/thumbs\/Sin-titulo-5-qk88uoki0dtokzbv1rb3ls2ss7d4j008lgx6rsgptw.png\" title=\"Sin t\u00edtulo\" alt=\"Sin t\u00edtulo\" loading=\"lazy\" \/>\t\t\t\t\t\t\t\t\t\t\t\t\t\t\t<\/div>\n\t\t\t\t<\/div>\n\t\t\t\t<div class=\"elementor-element elementor-element-a1d9378 elementor-widget elementor-widget-heading\" data-id=\"a1d9378\" data-element_type=\"widget\" data-widget_type=\"heading.default\">\n\t\t\t\t<div class=\"elementor-widget-container\">\n\t\t\t\t\t<h2 class=\"elementor-heading-title elementor-size-default\"><h2 data-elementor-setting-key=\"title\" data-pen-placeholder=\"Type Here...\" style=\"font-style: normal;font-weight: var( --e-global-typography-primary-font-weight );font-family: var( --e-global-typography-primary-font-family ), Sans-serif;text-transform: none;letter-spacing: normal\">5th-7th of January 2024, regi\u00f3n de M\u00e1laga <\/h2><\/h2>\t\t\t\t<\/div>\n\t\t\t\t<\/div>\n\t\t\t\t<div class=\"elementor-element elementor-element-09ee876 elementor-widget elementor-widget-text-editor\" data-id=\"09ee876\" data-element_type=\"widget\" data-widget_type=\"text-editor.default\">\n\t\t\t\t<div class=\"elementor-widget-container\">\n\t\t\t\t\t\t\t\t\t<p><strong>\u00bfC\u00f3mo quieres que sea tu 2024?<\/strong><br \/>\u00bfQu\u00e9 te gustar\u00eda\u00a0<strong>cambiar<\/strong>\u00a0o\u00a0<strong>mejorar<\/strong>?<br \/>\u00bfQu\u00e9 te gustar\u00eda\u00a0<strong>lograr<\/strong>?<br \/><strong>\u00bfC\u00f3mo te gustar\u00eda sentirte<\/strong>\u00a0y\u00a0<strong>en QUI\u00c9N te gustar\u00eda llegar a ser<\/strong>\u00a0en el proceso de llegar all\u00ed?<\/p>\t\t\t\t\t\t\t\t<\/div>\n\t\t\t\t<\/div>\n\t\t\t\t<div class=\"elementor-element elementor-element-ac9dbc0 elementor-align-center elementor-widget elementor-widget-button\" data-id=\"ac9dbc0\" data-element_type=\"widget\" data-widget_type=\"button.default\">\n\t\t\t\t<div class=\"elementor-widget-container\">\n\t\t\t\t\t\t\t\t\t<div class=\"elementor-button-wrapper\">\n\t\t\t\t\t<a class=\"elementor-button elementor-button-link elementor-size-sm\" href=\"\/retiro-plantando-una-semilla\/\">\n\t\t\t\t\t\t<span class=\"elementor-button-content-wrapper\">\n\t\t\t\t\t\t\t\t\t<span class=\"elementor-button-text\">Leer m\u00e1s<\/span>\n\t\t\t\t\t<\/span>\n\t\t\t\t\t<\/a>\n\t\t\t\t<\/div>\n\t\t\t\t\t\t\t\t<\/div>\n\t\t\t\t<\/div>\n\t\t\t\t\t<\/div>\n\t\t\t\t<\/div>\n\t\t<div class=\"elementor-element elementor-element-a9b277d e-flex e-con-boxed e-con e-child\" data-id=\"a9b277d\" data-element_type=\"container\" data-settings=\"{&quot;background_background&quot;:&quot;gradient&quot;}\">\n\t\t\t\t\t<div class=\"e-con-inner\">\n\t\t\t\t<div class=\"elementor-element elementor-element-07e5c53 elementor-widget elementor-widget-heading\" data-id=\"07e5c53\" data-element_type=\"widget\" data-widget_type=\"heading.default\">\n\t\t\t\t<div class=\"elementor-widget-container\">\n\t\t\t\t\t<h2 class=\"elementor-heading-title elementor-size-default\">Retiro para Parejas: <br>Celebra tu Relaci\u00f3n<\/h2>\t\t\t\t<\/div>\n\t\t\t\t<\/div>\n\t\t\t\t<div class=\"elementor-element elementor-element-01396b5 elementor-widget elementor-widget-image\" data-id=\"01396b5\" data-element_type=\"widget\" data-widget_type=\"image.default\">\n\t\t\t\t<div class=\"elementor-widget-container\">\n\t\t\t\t\t\t\t\t\t\t\t\t\t\t\t<img decoding=\"async\" src=\"https:\/\/www.innergrowth.eu\/wp-content\/uploads\/elementor\/thumbs\/Sin-titulo-4-qk88nqjfigbespf1lr8c6j66rplhnifmz3e146rft0.png\" title=\"Sin t\u00edtulo\" alt=\"Sin t\u00edtulo\" loading=\"lazy\" \/>\t\t\t\t\t\t\t\t\t\t\t\t\t\t\t<\/div>\n\t\t\t\t<\/div>\n\t\t\t\t<div class=\"elementor-element elementor-element-0909121 elementor-widget elementor-widget-heading\" data-id=\"0909121\" data-element_type=\"widget\" data-widget_type=\"heading.default\">\n\t\t\t\t<div class=\"elementor-widget-container\">\n\t\t\t\t\t<h2 class=\"elementor-heading-title elementor-size-default\">9-11 de febrero de 2024, regi\u00f3n de M\u00e1laga<\/h2>\t\t\t\t<\/div>\n\t\t\t\t<\/div>\n\t\t\t\t<div class=\"elementor-element elementor-element-252d785 elementor-widget elementor-widget-text-editor\" data-id=\"252d785\" data-element_type=\"widget\" data-widget_type=\"text-editor.default\">\n\t\t\t\t<div class=\"elementor-widget-container\">\n\t\t\t\t\t\t\t\t\t<p>\u00bfAnhelas <strong>una conexi\u00f3n m\u00e1s profunda en tu relaci\u00f3n?<\/strong><br>\u00bfLe gustar\u00eda poder <strong>comunicarse mejor<\/strong> entre s\u00ed?<br>\u00bfLes gustar\u00eda tener una experiencia de <strong>sanaci\u00f3n profunda juntos<\/strong>?<br>\u00bfTe gustar\u00eda que tu relaci\u00f3n fuera <strong>un fuerte pilar positivo en tu vida<\/strong>?<\/p><p><br><\/p>\t\t\t\t\t\t\t\t<\/div>\n\t\t\t\t<\/div>\n\t\t\t\t<div class=\"elementor-element elementor-element-5172fef elementor-align-center elementor-widget elementor-widget-button\" data-id=\"5172fef\" data-element_type=\"widget\" data-widget_type=\"button.default\">\n\t\t\t\t<div class=\"elementor-widget-container\">\n\t\t\t\t\t\t\t\t\t<div class=\"elementor-button-wrapper\">\n\t\t\t\t\t<a class=\"elementor-button elementor-button-link elementor-size-sm\" href=\"\/retiro-para-parejas-aprecia-tu-relacion\/\">\n\t\t\t\t\t\t<span class=\"elementor-button-content-wrapper\">\n\t\t\t\t\t\t\t\t\t<span class=\"elementor-button-text\">Leer m\u00e1s<\/span>\n\t\t\t\t\t<\/span>\n\t\t\t\t\t<\/a>\n\t\t\t\t<\/div>\n\t\t\t\t\t\t\t\t<\/div>\n\t\t\t\t<\/div>\n\t\t\t\t\t<\/div>\n\t\t\t\t<\/div>\n\t\t<div class=\"elementor-element elementor-element-bd0b39e e-flex e-con-boxed e-con e-child\" data-id=\"bd0b39e\" data-element_type=\"container\" data-settings=\"{&quot;background_background&quot;:&quot;gradient&quot;}\">\n\t\t\t\t\t<div class=\"e-con-inner\">\n\t\t\t\t<div class=\"elementor-element elementor-element-67e17c8 elementor-widget elementor-widget-heading\" data-id=\"67e17c8\" data-element_type=\"widget\" data-widget_type=\"heading.default\">\n\t\t\t\t<div class=\"elementor-widget-container\">\n\t\t\t\t\t<h2 class=\"elementor-heading-title elementor-size-default\">Retiro de Reconexi\u00f3n: Desintoxicaci\u00f3n Tecnol\u00f3gica y Tiempo en la Naturaleza<\/h2>\t\t\t\t<\/div>\n\t\t\t\t<\/div>\n\t\t\t\t<div class=\"elementor-element elementor-element-c208ea3 elementor-widget elementor-widget-image\" data-id=\"c208ea3\" data-element_type=\"widget\" data-widget_type=\"image.default\">\n\t\t\t\t<div class=\"elementor-widget-container\">\n\t\t\t\t\t\t\t\t\t\t\t\t\t\t\t<img decoding=\"async\" src=\"https:\/\/www.innergrowth.eu\/wp-content\/uploads\/elementor\/thumbs\/Reconnection-retreat-in-nature-1.6-scaled-1-1-qn4geyir65oo8cjw92rwfaripi62ll28rz2gud6dhg.jpg\" title=\"Reconnection-retreat-in-nature-1.6-scaled-1.jpg\" alt=\"Reconnection-retreat-in-nature-1.6-scaled-1.jpg\" loading=\"lazy\" \/>\t\t\t\t\t\t\t\t\t\t\t\t\t\t\t<\/div>\n\t\t\t\t<\/div>\n\t\t\t\t<div class=\"elementor-element elementor-element-dc2b30f elementor-widget elementor-widget-heading\" data-id=\"dc2b30f\" data-element_type=\"widget\" data-widget_type=\"heading.default\">\n\t\t\t\t<div class=\"elementor-widget-container\">\n\t\t\t\t\t<h2 class=\"elementor-heading-title elementor-size-default\"><span style=\"color: var( --e-global-color-primary );font-family: var( --e-global-typography-primary-font-family ), Sans-serif;font-weight: var( --e-global-typography-primary-font-weight );text-align: var(--text-align);background-color: transparent\">1-3 de marzo de 2024,<\/span> regi\u00f3n de M\u00e1laga<\/h2>\t\t\t\t<\/div>\n\t\t\t\t<\/div>\n\t\t\t\t<div class=\"elementor-element elementor-element-2893bc6 elementor-widget elementor-widget-text-editor\" data-id=\"2893bc6\" data-element_type=\"widget\" data-widget_type=\"text-editor.default\">\n\t\t\t\t<div class=\"elementor-widget-container\">\n\t\t\t\t\t\t\t\t\t<p>\u00bfTe sientes a<strong>dicto a la tecnolog\u00eda<\/strong>?<br>\u00bfCompruebas tu tel\u00e9fono con demasiada frecuencia y navegas por las redes sociales durante horas todos los d\u00edas y despu\u00e9s <strong>te sientes agotado<\/strong>?<br>\u00bfAnhelas <strong>una conexi\u00f3n m\u00e1s profunda <\/strong>contigo mismo y con los dem\u00e1s?<br>\u00bfPasar <strong>un rato relajante y enriquecedor en la naturaleza<\/strong> con personas afines?<\/p><p><br><\/p>\t\t\t\t\t\t\t\t<\/div>\n\t\t\t\t<\/div>\n\t\t\t\t<div class=\"elementor-element elementor-element-c0e16e6 elementor-align-center elementor-widget elementor-widget-button\" data-id=\"c0e16e6\" data-element_type=\"widget\" data-widget_type=\"button.default\">\n\t\t\t\t<div class=\"elementor-widget-container\">\n\t\t\t\t\t\t\t\t\t<div class=\"elementor-button-wrapper\">\n\t\t\t\t\t<a class=\"elementor-button elementor-button-link elementor-size-sm\" href=\"https:\/\/www.innergrowth.eu\/es\/retiro-reconexion-desintoxicacion-tecnologica-tiempo-en-naturaliza\/\">\n\t\t\t\t\t\t<span class=\"elementor-button-content-wrapper\">\n\t\t\t\t\t\t\t\t\t<span class=\"elementor-button-text\">Leer m\u00e1s<\/span>\n\t\t\t\t\t<\/span>\n\t\t\t\t\t<\/a>\n\t\t\t\t<\/div>\n\t\t\t\t\t\t\t\t<\/div>\n\t\t\t\t<\/div>\n\t\t\t\t\t<\/div>\n\t\t\t\t<\/div>\n\t\t<div class=\"elementor-element elementor-element-27a73fd e-flex e-con-boxed e-con e-child\" data-id=\"27a73fd\" data-element_type=\"container\" data-settings=\"{&quot;background_background&quot;:&quot;gradient&quot;}\">\n\t\t\t\t\t<div class=\"e-con-inner\">\n\t\t\t\t<div class=\"elementor-element elementor-element-3d5f7e2 elementor-widget elementor-widget-heading\" data-id=\"3d5f7e2\" data-element_type=\"widget\" data-widget_type=\"heading.default\">\n\t\t\t\t<div class=\"elementor-widget-container\">\n\t\t\t\t\t<h2 class=\"elementor-heading-title elementor-size-default\">Retiro de Dieta y <br>Estilo de Vida Saludable<\/h2>\t\t\t\t<\/div>\n\t\t\t\t<\/div>\n\t\t\t\t<div class=\"elementor-element elementor-element-4c8162a elementor-widget elementor-widget-image\" data-id=\"4c8162a\" data-element_type=\"widget\" data-widget_type=\"image.default\">\n\t\t\t\t<div class=\"elementor-widget-container\">\n\t\t\t\t\t\t\t\t\t\t\t\t\t\t\t<img decoding=\"async\" src=\"https:\/\/www.innergrowth.eu\/wp-content\/uploads\/elementor\/thumbs\/Healthy-lifestyle-retreat-2-scaled-ql1p8jpesyyu6dnshmdpfqkkq18ritlr0k4537ozwk.jpg\" title=\"Healthy lifestyle retreat 2\" alt=\"Healthy lifestyle retreat 2\" loading=\"lazy\" \/>\t\t\t\t\t\t\t\t\t\t\t\t\t\t\t<\/div>\n\t\t\t\t<\/div>\n\t\t\t\t<div class=\"elementor-element elementor-element-2516d4a elementor-widget elementor-widget-heading\" data-id=\"2516d4a\" data-element_type=\"widget\" data-widget_type=\"heading.default\">\n\t\t\t\t<div class=\"elementor-widget-container\">\n\t\t\t\t\t<h2 class=\"elementor-heading-title elementor-size-default\"><span style=\"color: var( --e-global-color-primary );font-family: var( --e-global-typography-primary-font-family ), Sans-serif;font-weight: var( --e-global-typography-primary-font-weight );text-align: var(--text-align);background-color: transparent\">5-7 de abril de 2024<\/span>, regi\u00f3n de M\u00e1laga<\/h2>\t\t\t\t<\/div>\n\t\t\t\t<\/div>\n\t\t\t\t<div class=\"elementor-element elementor-element-c369f75 elementor-widget elementor-widget-text-editor\" data-id=\"c369f75\" data-element_type=\"widget\" data-widget_type=\"text-editor.default\">\n\t\t\t\t<div class=\"elementor-widget-container\">\n\t\t\t\t\t\t\t\t\t<p>\u00bfTiene\u00a0<strong>problemas de salud<\/strong>,\u00a0<strong>sobrepeso<\/strong>\u00a0o\u00a0<strong>se siente con poca energ\u00eda<\/strong>\u00a0debido a un estilo de vida poco saludable?<\/p><p>\u00bfTe sientes\u00a0<strong>limitado por tus h\u00e1bitos negativos o adicciones<\/strong>\u00a0que simplemente no encuentras la manera de superar?<\/p><p>\u00bfSientes culpa, frustraci\u00f3n e impotencia? \u00bfComo si estuvieras\u00a0<strong>atrapado en un c\u00edrculo vicioso<\/strong>?<\/p><p>Entonces\u00a0<strong>es hora de reiniciar y probar algo m\u00e1s<\/strong>\u00a0con personas que se encuentran en una situaci\u00f3n similar.<\/p>\t\t\t\t\t\t\t\t<\/div>\n\t\t\t\t<\/div>\n\t\t\t\t<div class=\"elementor-element elementor-element-2d45179 elementor-align-center elementor-widget elementor-widget-button\" data-id=\"2d45179\" data-element_type=\"widget\" data-widget_type=\"button.default\">\n\t\t\t\t<div class=\"elementor-widget-container\">\n\t\t\t\t\t\t\t\t\t<div class=\"elementor-button-wrapper\">\n\t\t\t\t\t<a class=\"elementor-button elementor-button-link elementor-size-sm\" href=\"https:\/\/www.innergrowth.eu\/es\/retiro-dieta-estilo-de-vida-saludable\/\">\n\t\t\t\t\t\t<span class=\"elementor-button-content-wrapper\">\n\t\t\t\t\t\t\t\t\t<span class=\"elementor-button-text\">Leer m\u00e1s<\/span>\n\t\t\t\t\t<\/span>\n\t\t\t\t\t<\/a>\n\t\t\t\t<\/div>\n\t\t\t\t\t\t\t\t<\/div>\n\t\t\t\t<\/div>\n\t\t\t\t\t<\/div>\n\t\t\t\t<\/div>\n\t\t\t\t\t<\/div>\n\t\t\t\t<\/div>\n\t\t\t\t<\/div>\n\t\t<div class=\"elementor-element elementor-element-6d304e8 e-flex e-con-boxed e-con e-parent\" data-id=\"6d304e8\" data-element_type=\"container\" data-settings=\"{&quot;background_background&quot;:&quot;classic&quot;}\">\n\t\t\t\t\t<div class=\"e-con-inner\">\n\t\t<div class=\"elementor-element elementor-element-e2aca39 e-con-full e-flex e-con e-child\" data-id=\"e2aca39\" data-element_type=\"container\">\n\t\t\t\t<div class=\"elementor-element elementor-element-bc1bfa6 elementor-widget elementor-widget-image\" data-id=\"bc1bfa6\" data-element_type=\"widget\" data-widget_type=\"image.default\">\n\t\t\t\t<div class=\"elementor-widget-container\">\n\t\t\t\t\t\t\t\t\t\t\t\t\t\t\t<img decoding=\"async\" width=\"477\" height=\"600\" src=\"https:\/\/www.innergrowth.eu\/wp-content\/uploads\/Ela-Kolodziej-innergrowth.jpg\" class=\"attachment-large size-large wp-image-466\" alt=\"\" srcset=\"https:\/\/www.innergrowth.eu\/wp-content\/uploads\/Ela-Kolodziej-innergrowth.jpg 477w, https:\/\/www.innergrowth.eu\/wp-content\/uploads\/Ela-Kolodziej-innergrowth-239x300.jpg 239w\" sizes=\"(max-width: 477px) 100vw, 477px\" \/>\t\t\t\t\t\t\t\t\t\t\t\t\t\t\t<\/div>\n\t\t\t\t<\/div>\n\t\t\t\t<\/div>\n\t\t<div class=\"elementor-element elementor-element-d62d471 e-con-full e-flex e-con e-child\" data-id=\"d62d471\" data-element_type=\"container\">\n\t\t\t\t<div class=\"elementor-element elementor-element-a6da579 elementor-widget elementor-widget-heading\" data-id=\"a6da579\" data-element_type=\"widget\" data-widget_type=\"heading.default\">\n\t\t\t\t<div class=\"elementor-widget-container\">\n\t\t\t\t\t<h2 class=\"elementor-heading-title elementor-size-default\">Acerca de la Facilitadora<\/h2>\t\t\t\t<\/div>\n\t\t\t\t<\/div>\n\t\t\t\t<div class=\"elementor-element elementor-element-11cd3ac elementor-widget elementor-widget-text-editor\" data-id=\"11cd3ac\" data-element_type=\"widget\" data-widget_type=\"text-editor.default\">\n\t\t\t\t<div class=\"elementor-widget-container\">\n\t\t\t\t\t\t\t\t\t<p><b>Ela Kolodziej<\/b>, Instructora de Mindfulness titulada y certificada en Zen Coaching y en Rebirthing, es una apasionada del potencial humano.<\/p>\n<p>Despu\u00e9s de a\u00f1os de carrera internacional en negocios, se interes\u00f3 en el \u00e1rea del desarrollo personal profundo y la salud integral.<\/p>\n<p>Desde 2012 ha realizado diversos cursos de desarrollo personal y meditaci\u00f3n, as\u00ed como formaciones de coaching y terapias en Suecia, Espa\u00f1a e India; y desde entonces se dedica a compartir sus conocimientos, habilidades y experiencia para el bienestar de las personas.<\/p>\t\t\t\t\t\t\t\t<\/div>\n\t\t\t\t<\/div>\n\t\t\t\t<\/div>\n\t\t<div class=\"elementor-element elementor-element-156ee94 e-con-full e-flex e-con e-child\" data-id=\"156ee94\" data-element_type=\"container\">\n\t\t\t\t<div class=\"elementor-element elementor-element-fb6935f elementor-widget__width-inherit elementor-widget elementor-widget-text-editor\" data-id=\"fb6935f\" data-element_type=\"widget\" data-widget_type=\"text-editor.default\">\n\t\t\t\t<div class=\"elementor-widget-container\">\n\t\t\t\t\t\t\t\t\t<p>Mientras trabaja con individuos y grupos, tiene a su disposici\u00f3n un amplio espectro de herramientas que ha aprendido durante los a\u00f1os de <strong>cursos de desarrollo personal y capacitaciones terap\u00e9uticas<\/strong> que ha realizado y practicado en su profundo viaje interior, as\u00ed como con sus clientes; entre otros:<\/p>\n\t\t\t\t\t\t\t\t<\/div>\n\t\t\t\t<\/div>\n\t\t\t\t<div class=\"elementor-element elementor-element-82e7ebd elementor-widget__width-inherit elementor-widget elementor-widget-text-editor\" data-id=\"82e7ebd\" data-element_type=\"widget\" data-widget_type=\"text-editor.default\">\n\t\t\t\t<div class=\"elementor-widget-container\">\n\t\t\t\t\t\t\t\t\t<ul><li>Formaci\u00f3n en\u00a0<strong>Zen Coaching<\/strong>\u00a0(1 a\u00f1o), y Formaci\u00f3n del\u00a0<strong>Profesorado<\/strong>\u00a0(+1 a\u00f1o); en 2012-14, Suecia<\/li><li>Formaci\u00f3n de\u00a0<strong>Instructora de Mindfulness<\/strong>; en 2014, Suecia<\/li><li>Formaci\u00f3n en\u00a0<strong>Rebirthing y Breathwork<\/strong>\u00a0(1 a\u00f1o) y\u00a0<strong>Asistencia<\/strong>\u00a0(+1 a\u00f1o); en 2021-23, Espa\u00f1a<\/li><li>T\u00e9cnica de\u00a0<strong>Meditaci\u00f3n del Arte de Vivir<\/strong>; en 2012, India<\/li><li>Retiro de meditaci\u00f3n<strong>\u00a0Vipassana<\/strong>\u00a0de 10 d\u00edas en silencio, en 2014, Suecia<\/li><li>Diversos\u00a0<strong>cursos de Masaje<\/strong>; a partir de 2021, en Espa\u00f1a<\/li><li><b>Reiki\u00a0<\/b>\u2013 nivel 1 en 2023, Espa\u00f1a; y nivel 2 en 2024, Espa\u00f1a<\/li><li>Diversas formaciones dentro de la t\u00e9cnica del\u00a0<strong>Nuevo Sistema Craneal<\/strong>, aprendiendo a tratar adicciones, dolores y tensiones corporales y malestar emocional, apoyando al individuo a regresar a nuestro estado natural de bienestar; en 2023, Espa\u00f1a<\/li><\/ul>\t\t\t\t\t\t\t\t<\/div>\n\t\t\t\t<\/div>\n\t\t\t\t<div class=\"elementor-element elementor-element-11ffd91 elementor-widget__width-inherit elementor-widget elementor-widget-text-editor\" data-id=\"11ffd91\" data-element_type=\"widget\" data-widget_type=\"text-editor.default\">\n\t\t\t\t<div class=\"elementor-widget-container\">\n\t\t\t\t\t\t\t\t\t<p>Fund\u00f3 Inner Growth en Malm\u00f6, Suecia en 2013 y desde 2021, despu\u00e9s de mudarse al destino de sus sue\u00f1os: M\u00e1laga en Espa\u00f1a, ofrece sus servicios en esta regi\u00f3n y en l\u00ednea, brindando los beneficios de de mindfulness, zen coaching, respiraci\u00f3n rebirthing\u00a0 y el bienestar hol\u00edstico a individuos y grupos\u00a0\u2013 <strong>para una vida m\u00e1s equilibrada y plena<\/strong>.<\/p>\t\t\t\t\t\t\t\t<\/div>\n\t\t\t\t<\/div>\n\t\t\t\t<\/div>\n\t\t\t\t\t<\/div>\n\t\t\t\t<\/div>\n\t\t\t\t<\/div>\n\t\t","protected":false},"excerpt":{"rendered":"<p>Retiros Grupales Vacaciones profundamente reparadoras y abri\u00e9ndose a la magia de la vida&#8230; Si sientes la necesidad de\u00a0tomar un descanso\u00a0de\u00a0tus rutinas diarias para\u00a0relajarte,\u00a0descansar,\u00a0distanciarte\u00a0de las circunstancias de tu vida y obtener\u00a0una nueva perspectiva; mientras\u00a0conoces gente nueva\u00a0en el camino, es posible que te interese uno de nuestros pr\u00f3ximos retiros de fin de semana: Retiro de A\u00f1o Nuevo:&hellip;<\/p>\n","protected":false},"author":2,"featured_media":0,"parent":0,"menu_order":0,"comment_status":"closed","ping_status":"closed","template":"elementor_header_footer","meta":{"_acf_changed":false,"_seopress_robots_primary_cat":"","_seopress_titles_title":"","_seopress_titles_desc":"","_seopress_robots_index":"","footnotes":""},"class_list":["post-1579","page","type-page","status-publish"],"acf":[],"_links":{"self":[{"href":"https:\/\/www.innergrowth.eu\/es\/wp-json\/wp\/v2\/pages\/1579","targetHints":{"allow":["GET"]}}],"collection":[{"href":"https:\/\/www.innergrowth.eu\/es\/wp-json\/wp\/v2\/pages"}],"about":[{"href":"https:\/\/www.innergrowth.eu\/es\/wp-json\/wp\/v2\/types\/page"}],"author":[{"embeddable":true,"href":"https:\/\/www.innergrowth.eu\/es\/wp-json\/wp\/v2\/users\/2"}],"replies":[{"embeddable":true,"href":"https:\/\/www.innergrowth.eu\/es\/wp-json\/wp\/v2\/comments?post=1579"}],"version-history":[{"count":82,"href":"https:\/\/www.innergrowth.eu\/es\/wp-json\/wp\/v2\/pages\/1579\/revisions"}],"predecessor-version":[{"id":7736,"href":"https:\/\/www.innergrowth.eu\/es\/wp-json\/wp\/v2\/pages\/1579\/revisions\/7736"}],"wp:attachment":[{"href":"https:\/\/www.innergrowth.eu\/es\/wp-json\/wp\/v2\/media?parent=1579"}],"curies":[{"name":"wp","href":"https:\/\/api.w.org\/{rel}","templated":true}]}}