{"id":1581,"date":"2023-12-05T09:56:10","date_gmt":"2023-12-05T09:56:10","guid":{"rendered":"https:\/\/innergrowth.es\/taller-de-negocios\/"},"modified":"2024-04-21T12:26:44","modified_gmt":"2024-04-21T12:26:44","slug":"taller-de-negocios","status":"publish","type":"page","link":"https:\/\/www.innergrowth.eu\/es\/taller-de-negocios\/","title":{"rendered":"Taller de Negocios"},"content":{"rendered":"\t\t<div data-elementor-type=\"wp-page\" data-elementor-id=\"1581\" class=\"elementor elementor-1581 elementor-707\" data-elementor-post-type=\"page\">\n\t\t\t\t<div class=\"elementor-element elementor-element-e7a41ca e-flex e-con-boxed e-con e-parent\" data-id=\"e7a41ca\" data-element_type=\"container\">\n\t\t\t\t\t<div class=\"e-con-inner\">\n\t\t<div class=\"elementor-element elementor-element-91a9ea5 e-con-full e-flex e-con e-parent\" data-id=\"91a9ea5\" data-element_type=\"container\">\n\t\t\t\t<div class=\"elementor-element elementor-element-63c7c06 elementor-widget elementor-widget-heading\" data-id=\"63c7c06\" data-element_type=\"widget\" data-widget_type=\"heading.default\">\n\t\t\t\t<div class=\"elementor-widget-container\">\n\t\t\t\t\t<h1 class=\"elementor-heading-title elementor-size-default\">Talleres de Negocios<\/h1>\t\t\t\t<\/div>\n\t\t\t\t<\/div>\n\t\t\t\t<div class=\"elementor-element elementor-element-9311c34 elementor-widget elementor-widget-heading\" data-id=\"9311c34\" data-element_type=\"widget\" data-widget_type=\"heading.default\">\n\t\t\t\t<div class=\"elementor-widget-container\">\n\t\t\t\t\t<p class=\"elementor-heading-title elementor-size-default\">\u00a1Equipo consciente de alto rendimiento, mejores resultados!<\/p>\t\t\t\t<\/div>\n\t\t\t\t<\/div>\n\t\t\t\t<div class=\"elementor-element elementor-element-5582eed elementor-widget elementor-widget-text-editor\" data-id=\"5582eed\" data-element_type=\"widget\" data-widget_type=\"text-editor.default\">\n\t\t\t\t<div class=\"elementor-widget-container\">\n\t\t\t\t\t\t\t\t\t<p>Una serie de talleres divertidos e interactivos <strong>para tus empleados o un equipo directivo<\/strong>, que utilizan una poderosa combinaci\u00f3n de atenci\u00f3n plena (Mindfulness) y enfoque en una habilidad comercial concreta que dese\u00e1is mejorar en tu empresa, p.ej. trabajo en equipo, comunicaci\u00f3n, servicio al cliente, liderazgo \u00e9tico, manejo del estr\u00e9s, productividad.<\/p><p>Cada uno de tus empleados tiene un cierto conjunto de habilidades, experiencia y cosas en las que son buenos. \u00bfPor qu\u00e9 no aprender unos de otros y crecer juntos?<\/p>\t\t\t\t\t\t\t\t<\/div>\n\t\t\t\t<\/div>\n\t\t\t\t<\/div>\n\t\t<div class=\"elementor-element elementor-element-80b3a9e e-con-full e-flex e-con e-parent\" data-id=\"80b3a9e\" data-element_type=\"container\">\n\t\t\t\t<div class=\"elementor-element elementor-element-a018646 elementor-widget elementor-widget-image\" data-id=\"a018646\" data-element_type=\"widget\" data-widget_type=\"image.default\">\n\t\t\t\t<div class=\"elementor-widget-container\">\n\t\t\t\t\t\t\t\t\t\t\t\t\t\t\t<img fetchpriority=\"high\" decoding=\"async\" width=\"800\" height=\"534\" src=\"https:\/\/www.innergrowth.eu\/wp-content\/uploads\/escena-reunion-negocios.jpg\" class=\"attachment-large size-large wp-image-1177\" alt=\"\" srcset=\"https:\/\/www.innergrowth.eu\/wp-content\/uploads\/escena-reunion-negocios.jpg 800w, https:\/\/www.innergrowth.eu\/wp-content\/uploads\/escena-reunion-negocios-300x200.jpg 300w, https:\/\/www.innergrowth.eu\/wp-content\/uploads\/escena-reunion-negocios-768x513.jpg 768w\" sizes=\"(max-width: 800px) 100vw, 800px\" \/>\t\t\t\t\t\t\t\t\t\t\t\t\t\t\t<\/div>\n\t\t\t\t<\/div>\n\t\t\t\t<\/div>\n\t\t\t\t\t<\/div>\n\t\t\t\t<\/div>\n\t\t<div class=\"elementor-element elementor-element-105cf00 e-flex e-con-boxed e-con e-parent\" data-id=\"105cf00\" data-element_type=\"container\">\n\t\t\t\t\t<div class=\"e-con-inner\">\n\t\t<div class=\"elementor-element elementor-element-3b9072e e-con-full e-flex e-con e-parent\" data-id=\"3b9072e\" data-element_type=\"container\">\n\t\t\t\t<div class=\"elementor-element elementor-element-f147509 elementor-widget elementor-widget-image\" data-id=\"f147509\" data-element_type=\"widget\" data-widget_type=\"image.default\">\n\t\t\t\t<div class=\"elementor-widget-container\">\n\t\t\t\t\t\t\t\t\t\t\t\t\t\t\t<img decoding=\"async\" width=\"800\" height=\"533\" src=\"https:\/\/www.innergrowth.eu\/wp-content\/uploads\/colegas-concentrados-pie-oficina.jpg\" class=\"attachment-large size-large wp-image-1175\" alt=\"\" srcset=\"https:\/\/www.innergrowth.eu\/wp-content\/uploads\/colegas-concentrados-pie-oficina.jpg 800w, https:\/\/www.innergrowth.eu\/wp-content\/uploads\/colegas-concentrados-pie-oficina-300x200.jpg 300w, https:\/\/www.innergrowth.eu\/wp-content\/uploads\/colegas-concentrados-pie-oficina-768x512.jpg 768w\" sizes=\"(max-width: 800px) 100vw, 800px\" \/>\t\t\t\t\t\t\t\t\t\t\t\t\t\t\t<\/div>\n\t\t\t\t<\/div>\n\t\t\t\t<\/div>\n\t\t<div class=\"elementor-element elementor-element-cc35c81 e-con-full e-flex e-con e-parent\" data-id=\"cc35c81\" data-element_type=\"container\">\n\t\t\t\t<div class=\"elementor-element elementor-element-80d214d elementor-widget elementor-widget-text-editor\" data-id=\"80d214d\" data-element_type=\"widget\" data-widget_type=\"text-editor.default\">\n\t\t\t\t<div class=\"elementor-widget-container\">\n\t\t\t\t\t\t\t\t\t<p>Estos talleres ayudar\u00e1n a tu equipo a apreciarse mutuamente y a <strong>compartir sus capacidades de manera constructiva<\/strong>, practicando habilidades de escucha, comunicaci\u00f3n, cooperaci\u00f3n y apoy\u00e1ndose mutuamente.<\/p><p>Paso tras paso, construyendo una cultura de trabajo alentadora y segura donde las personas se sienten estimuladas a ser lo mejor de s\u00ed mismas y trabajar juntas con alegr\u00eda para lograr objetivos comunes.<\/p><p>Puedes empezar con <strong>un solo taller durante una conferencia de empresa o un evento de trabajo en equipo,\u00a0<\/strong>o ir directamente por <b>un p<\/b><strong>aquete personalizado de 3, 6, 9 o 12 talleres para obtener mejores resultados a largo plazo<\/strong>, integrando gradualmente el cambio deseado en tu negocio diario.<\/p><p>\u00a1Construya <strong>un equipo de alto rendimiento<\/strong> formado por personas conscientes!<\/p>\t\t\t\t\t\t\t\t<\/div>\n\t\t\t\t<\/div>\n\t\t\t\t<\/div>\n\t\t\t\t\t<\/div>\n\t\t\t\t<\/div>\n\t\t<div class=\"elementor-element elementor-element-366a041 e-flex e-con-boxed e-con e-parent\" data-id=\"366a041\" data-element_type=\"container\" data-settings=\"{&quot;background_background&quot;:&quot;classic&quot;}\">\n\t\t\t\t\t<div class=\"e-con-inner\">\n\t\t<div class=\"elementor-element elementor-element-ebbff3f e-con-full e-flex e-con e-parent\" data-id=\"ebbff3f\" data-element_type=\"container\">\n\t\t\t\t<div class=\"elementor-element elementor-element-09718b1 elementor-widget elementor-widget-heading\" data-id=\"09718b1\" data-element_type=\"widget\" data-widget_type=\"heading.default\">\n\t\t\t\t<div class=\"elementor-widget-container\">\n\t\t\t\t\t<h2 class=\"elementor-heading-title elementor-size-default\">Ejemplos de Temas de Talleres<\/h2>\t\t\t\t<\/div>\n\t\t\t\t<\/div>\n\t\t\t\t<\/div>\n\t\t<div class=\"elementor-element elementor-element-534b4d1 e-con-full e-flex e-con e-parent\" data-id=\"534b4d1\" data-element_type=\"container\">\n\t\t\t\t<div class=\"elementor-element elementor-element-fb90fb9 elementor-icon-list--layout-traditional elementor-list-item-link-full_width elementor-widget elementor-widget-icon-list\" data-id=\"fb90fb9\" data-element_type=\"widget\" data-widget_type=\"icon-list.default\">\n\t\t\t\t<div class=\"elementor-widget-container\">\n\t\t\t\t\t\t\t<ul class=\"elementor-icon-list-items\">\n\t\t\t\t\t\t\t<li class=\"elementor-icon-list-item\">\n\t\t\t\t\t\t\t\t\t\t\t<span class=\"elementor-icon-list-icon\">\n\t\t\t\t\t\t\t<svg xmlns=\"http:\/\/www.w3.org\/2000\/svg\" id=\"Capa_1\" data-name=\"Capa 1\" viewBox=\"0 0 100 100\"><title>icon-check<\/title><path d=\"M39.84,80.92a5,5,0,0,1-3.54-1.46L10,53.17a5,5,0,0,1,7.07-7.07L39.84,68.85l48.3-48.31a5,5,0,0,1,7.07,7.07L43.37,79.46A5,5,0,0,1,39.84,80.92Z\"><\/path><\/svg>\t\t\t\t\t\t<\/span>\n\t\t\t\t\t\t\t\t\t\t<span class=\"elementor-icon-list-text\">Eficiencia Laboral: <b>Trabaje Inteligentemente, No Duro<\/b><\/span>\n\t\t\t\t\t\t\t\t\t<\/li>\n\t\t\t\t\t\t\t\t<li class=\"elementor-icon-list-item\">\n\t\t\t\t\t\t\t\t\t\t\t<span class=\"elementor-icon-list-icon\">\n\t\t\t\t\t\t\t<svg xmlns=\"http:\/\/www.w3.org\/2000\/svg\" id=\"Capa_1\" data-name=\"Capa 1\" viewBox=\"0 0 100 100\"><title>icon-check<\/title><path d=\"M39.84,80.92a5,5,0,0,1-3.54-1.46L10,53.17a5,5,0,0,1,7.07-7.07L39.84,68.85l48.3-48.31a5,5,0,0,1,7.07,7.07L43.37,79.46A5,5,0,0,1,39.84,80.92Z\"><\/path><\/svg>\t\t\t\t\t\t<\/span>\n\t\t\t\t\t\t\t\t\t\t<span class=\"elementor-icon-list-text\">Servicio al Cliente de Calidad: <b>Los Clientes como Nuestros Mejores Embajadores <\/b><\/span>\n\t\t\t\t\t\t\t\t\t<\/li>\n\t\t\t\t\t\t\t\t<li class=\"elementor-icon-list-item\">\n\t\t\t\t\t\t\t\t\t\t\t<span class=\"elementor-icon-list-icon\">\n\t\t\t\t\t\t\t<svg xmlns=\"http:\/\/www.w3.org\/2000\/svg\" id=\"Capa_1\" data-name=\"Capa 1\" viewBox=\"0 0 100 100\"><title>icon-check<\/title><path d=\"M39.84,80.92a5,5,0,0,1-3.54-1.46L10,53.17a5,5,0,0,1,7.07-7.07L39.84,68.85l48.3-48.31a5,5,0,0,1,7.07,7.07L43.37,79.46A5,5,0,0,1,39.84,80.92Z\"><\/path><\/svg>\t\t\t\t\t\t<\/span>\n\t\t\t\t\t\t\t\t\t\t<span class=\"elementor-icon-list-text\">Gerente Efectivo: <b>Seas el L\u00edder que te gustar\u00eda seguir<\/b><\/span>\n\t\t\t\t\t\t\t\t\t<\/li>\n\t\t\t\t\t\t\t\t<li class=\"elementor-icon-list-item\">\n\t\t\t\t\t\t\t\t\t\t\t<span class=\"elementor-icon-list-icon\">\n\t\t\t\t\t\t\t<svg xmlns=\"http:\/\/www.w3.org\/2000\/svg\" id=\"Capa_1\" data-name=\"Capa 1\" viewBox=\"0 0 100 100\"><title>icon-check<\/title><path d=\"M39.84,80.92a5,5,0,0,1-3.54-1.46L10,53.17a5,5,0,0,1,7.07-7.07L39.84,68.85l48.3-48.31a5,5,0,0,1,7.07,7.07L43.37,79.46A5,5,0,0,1,39.84,80.92Z\"><\/path><\/svg>\t\t\t\t\t\t<\/span>\n\t\t\t\t\t\t\t\t\t\t<span class=\"elementor-icon-list-text\">Trabajo en Equipo y Esp\u00edritu de Equipo: <b>Creando un Equipo de Alto Rendimiento<\/b><\/span>\n\t\t\t\t\t\t\t\t\t<\/li>\n\t\t\t\t\t\t\t\t<li class=\"elementor-icon-list-item\">\n\t\t\t\t\t\t\t\t\t\t\t<span class=\"elementor-icon-list-icon\">\n\t\t\t\t\t\t\t<svg xmlns=\"http:\/\/www.w3.org\/2000\/svg\" id=\"Capa_1\" data-name=\"Capa 1\" viewBox=\"0 0 100 100\"><title>icon-check<\/title><path d=\"M39.84,80.92a5,5,0,0,1-3.54-1.46L10,53.17a5,5,0,0,1,7.07-7.07L39.84,68.85l48.3-48.31a5,5,0,0,1,7.07,7.07L43.37,79.46A5,5,0,0,1,39.84,80.92Z\"><\/path><\/svg>\t\t\t\t\t\t<\/span>\n\t\t\t\t\t\t\t\t\t\t<span class=\"elementor-icon-list-text\"><b>Comunicaci\u00f3n Efectiva<\/b><\/span>\n\t\t\t\t\t\t\t\t\t<\/li>\n\t\t\t\t\t\t\t\t<li class=\"elementor-icon-list-item\">\n\t\t\t\t\t\t\t\t\t\t\t<span class=\"elementor-icon-list-icon\">\n\t\t\t\t\t\t\t<svg xmlns=\"http:\/\/www.w3.org\/2000\/svg\" id=\"Capa_1\" data-name=\"Capa 1\" viewBox=\"0 0 100 100\"><title>icon-check<\/title><path d=\"M39.84,80.92a5,5,0,0,1-3.54-1.46L10,53.17a5,5,0,0,1,7.07-7.07L39.84,68.85l48.3-48.31a5,5,0,0,1,7.07,7.07L43.37,79.46A5,5,0,0,1,39.84,80.92Z\"><\/path><\/svg>\t\t\t\t\t\t<\/span>\n\t\t\t\t\t\t\t\t\t\t<span class=\"elementor-icon-list-text\">Comentarios Constructivos: <b>Cultura de la Retroalimentaci\u00f3n<\/b><\/span>\n\t\t\t\t\t\t\t\t\t<\/li>\n\t\t\t\t\t\t\t\t<li class=\"elementor-icon-list-item\">\n\t\t\t\t\t\t\t\t\t\t\t<span class=\"elementor-icon-list-icon\">\n\t\t\t\t\t\t\t<svg xmlns=\"http:\/\/www.w3.org\/2000\/svg\" id=\"Capa_1\" data-name=\"Capa 1\" viewBox=\"0 0 100 100\"><title>icon-check<\/title><path d=\"M39.84,80.92a5,5,0,0,1-3.54-1.46L10,53.17a5,5,0,0,1,7.07-7.07L39.84,68.85l48.3-48.31a5,5,0,0,1,7.07,7.07L43.37,79.46A5,5,0,0,1,39.84,80.92Z\"><\/path><\/svg>\t\t\t\t\t\t<\/span>\n\t\t\t\t\t\t\t\t\t\t<span class=\"elementor-icon-list-text\"><b>Manejo del Estr\u00e9s<\/b> <\/span>\n\t\t\t\t\t\t\t\t\t<\/li>\n\t\t\t\t\t\t\t\t<li class=\"elementor-icon-list-item\">\n\t\t\t\t\t\t\t\t\t\t\t<span class=\"elementor-icon-list-icon\">\n\t\t\t\t\t\t\t<svg xmlns=\"http:\/\/www.w3.org\/2000\/svg\" id=\"Capa_1\" data-name=\"Capa 1\" viewBox=\"0 0 100 100\"><title>icon-check<\/title><path d=\"M39.84,80.92a5,5,0,0,1-3.54-1.46L10,53.17a5,5,0,0,1,7.07-7.07L39.84,68.85l48.3-48.31a5,5,0,0,1,7.07,7.07L43.37,79.46A5,5,0,0,1,39.84,80.92Z\"><\/path><\/svg>\t\t\t\t\t\t<\/span>\n\t\t\t\t\t\t\t\t\t\t<span class=\"elementor-icon-list-text\">Creatividad: <b>Piensa Fuera de la Caja<\/b><\/span>\n\t\t\t\t\t\t\t\t\t<\/li>\n\t\t\t\t\t\t\t\t<li class=\"elementor-icon-list-item\">\n\t\t\t\t\t\t\t\t\t\t\t<span class=\"elementor-icon-list-icon\">\n\t\t\t\t\t\t\t<svg xmlns=\"http:\/\/www.w3.org\/2000\/svg\" id=\"Capa_1\" data-name=\"Capa 1\" viewBox=\"0 0 100 100\"><title>icon-check<\/title><path d=\"M39.84,80.92a5,5,0,0,1-3.54-1.46L10,53.17a5,5,0,0,1,7.07-7.07L39.84,68.85l48.3-48.31a5,5,0,0,1,7.07,7.07L43.37,79.46A5,5,0,0,1,39.84,80.92Z\"><\/path><\/svg>\t\t\t\t\t\t<\/span>\n\t\t\t\t\t\t\t\t\t\t<span class=\"elementor-icon-list-text\">Establecimiento de Objetivos y Plan de Acci\u00f3n: <b>Cree una Hoja de Ruta hacia Tu \u00c9xito<\/b><\/span>\n\t\t\t\t\t\t\t\t\t<\/li>\n\t\t\t\t\t\t\t\t<li class=\"elementor-icon-list-item\">\n\t\t\t\t\t\t\t\t\t\t\t<span class=\"elementor-icon-list-icon\">\n\t\t\t\t\t\t\t<svg xmlns=\"http:\/\/www.w3.org\/2000\/svg\" id=\"Capa_1\" data-name=\"Capa 1\" viewBox=\"0 0 100 100\"><title>icon-check<\/title><path d=\"M39.84,80.92a5,5,0,0,1-3.54-1.46L10,53.17a5,5,0,0,1,7.07-7.07L39.84,68.85l48.3-48.31a5,5,0,0,1,7.07,7.07L43.37,79.46A5,5,0,0,1,39.84,80.92Z\"><\/path><\/svg>\t\t\t\t\t\t<\/span>\n\t\t\t\t\t\t\t\t\t\t<span class=\"elementor-icon-list-text\">Resoluci\u00f3n de Conflictos: <b>El Conflicto como Oportunidad para Crecer<\/b><\/span>\n\t\t\t\t\t\t\t\t\t<\/li>\n\t\t\t\t\t\t\t\t<li class=\"elementor-icon-list-item\">\n\t\t\t\t\t\t\t\t\t\t\t<span class=\"elementor-icon-list-icon\">\n\t\t\t\t\t\t\t<svg xmlns=\"http:\/\/www.w3.org\/2000\/svg\" id=\"Capa_1\" data-name=\"Capa 1\" viewBox=\"0 0 100 100\"><title>icon-check<\/title><path d=\"M39.84,80.92a5,5,0,0,1-3.54-1.46L10,53.17a5,5,0,0,1,7.07-7.07L39.84,68.85l48.3-48.31a5,5,0,0,1,7.07,7.07L43.37,79.46A5,5,0,0,1,39.84,80.92Z\"><\/path><\/svg>\t\t\t\t\t\t<\/span>\n\t\t\t\t\t\t\t\t\t\t<span class=\"elementor-icon-list-text\">Equilibrio entre Vida Personal y Laboral: <b>Todo es Cuesti\u00f3n de Equilibrio<\/b><\/span>\n\t\t\t\t\t\t\t\t\t<\/li>\n\t\t\t\t\t\t\t\t<li class=\"elementor-icon-list-item\">\n\t\t\t\t\t\t\t\t\t\t\t<span class=\"elementor-icon-list-icon\">\n\t\t\t\t\t\t\t<svg xmlns=\"http:\/\/www.w3.org\/2000\/svg\" id=\"Capa_1\" data-name=\"Capa 1\" viewBox=\"0 0 100 100\"><title>icon-check<\/title><path d=\"M39.84,80.92a5,5,0,0,1-3.54-1.46L10,53.17a5,5,0,0,1,7.07-7.07L39.84,68.85l48.3-48.31a5,5,0,0,1,7.07,7.07L43.37,79.46A5,5,0,0,1,39.84,80.92Z\"><\/path><\/svg>\t\t\t\t\t\t<\/span>\n\t\t\t\t\t\t\t\t\t\t<span class=\"elementor-icon-list-text\">Un Estilo de Vida Saludable <b>Crea una Persona Sana<\/b><\/span>\n\t\t\t\t\t\t\t\t\t<\/li>\n\t\t\t\t\t\t\t\t<li class=\"elementor-icon-list-item\">\n\t\t\t\t\t\t\t\t\t\t\t<span class=\"elementor-icon-list-icon\">\n\t\t\t\t\t\t\t<svg xmlns=\"http:\/\/www.w3.org\/2000\/svg\" id=\"Capa_1\" data-name=\"Capa 1\" viewBox=\"0 0 100 100\"><title>icon-check<\/title><path d=\"M39.84,80.92a5,5,0,0,1-3.54-1.46L10,53.17a5,5,0,0,1,7.07-7.07L39.84,68.85l48.3-48.31a5,5,0,0,1,7.07,7.07L43.37,79.46A5,5,0,0,1,39.84,80.92Z\"><\/path><\/svg>\t\t\t\t\t\t<\/span>\n\t\t\t\t\t\t\t\t\t\t<span class=\"elementor-icon-list-text\"><b>Redes <\/b><\/span>\n\t\t\t\t\t\t\t\t\t<\/li>\n\t\t\t\t\t\t\t\t<li class=\"elementor-icon-list-item\">\n\t\t\t\t\t\t\t\t\t\t\t<span class=\"elementor-icon-list-icon\">\n\t\t\t\t\t\t\t<svg xmlns=\"http:\/\/www.w3.org\/2000\/svg\" id=\"Capa_1\" data-name=\"Capa 1\" viewBox=\"0 0 100 100\"><title>icon-check<\/title><path d=\"M39.84,80.92a5,5,0,0,1-3.54-1.46L10,53.17a5,5,0,0,1,7.07-7.07L39.84,68.85l48.3-48.31a5,5,0,0,1,7.07,7.07L43.37,79.46A5,5,0,0,1,39.84,80.92Z\"><\/path><\/svg>\t\t\t\t\t\t<\/span>\n\t\t\t\t\t\t\t\t\t\t<span class=\"elementor-icon-list-text\"><b>Positive Attitude<\/b><\/span>\n\t\t\t\t\t\t\t\t\t<\/li>\n\t\t\t\t\t\t\t\t<li class=\"elementor-icon-list-item\">\n\t\t\t\t\t\t\t\t\t\t\t<span class=\"elementor-icon-list-icon\">\n\t\t\t\t\t\t\t<svg xmlns=\"http:\/\/www.w3.org\/2000\/svg\" id=\"Capa_1\" data-name=\"Capa 1\" viewBox=\"0 0 100 100\"><title>icon-check<\/title><path d=\"M39.84,80.92a5,5,0,0,1-3.54-1.46L10,53.17a5,5,0,0,1,7.07-7.07L39.84,68.85l48.3-48.31a5,5,0,0,1,7.07,7.07L43.37,79.46A5,5,0,0,1,39.84,80.92Z\"><\/path><\/svg>\t\t\t\t\t\t<\/span>\n\t\t\t\t\t\t\t\t\t\t<span class=\"elementor-icon-list-text\">y m\u00e1s: el enfoque se adapta a las necesidades de tu empresa<\/span>\n\t\t\t\t\t\t\t\t\t<\/li>\n\t\t\t\t\t\t<\/ul>\n\t\t\t\t\t\t<\/div>\n\t\t\t\t<\/div>\n\t\t\t\t<\/div>\n\t\t\t\t\t<\/div>\n\t\t\t\t<\/div>\n\t\t<div class=\"elementor-element elementor-element-9805b83 e-flex e-con-boxed e-con e-parent\" data-id=\"9805b83\" data-element_type=\"container\" data-settings=\"{&quot;background_background&quot;:&quot;classic&quot;}\">\n\t\t\t\t\t<div class=\"e-con-inner\">\n\t\t<div class=\"elementor-element elementor-element-5ba1748 e-con-full e-flex e-con e-parent\" data-id=\"5ba1748\" data-element_type=\"container\">\n\t\t\t\t<div class=\"elementor-element elementor-element-6d9b28d elementor-widget elementor-widget-image\" data-id=\"6d9b28d\" data-element_type=\"widget\" data-widget_type=\"image.default\">\n\t\t\t\t<div class=\"elementor-widget-container\">\n\t\t\t\t\t\t\t\t\t\t\t\t\t\t\t<img decoding=\"async\" width=\"477\" height=\"600\" src=\"https:\/\/www.innergrowth.eu\/wp-content\/uploads\/Ela-Kolodziej-innergrowth.jpg\" class=\"attachment-large size-large wp-image-466\" alt=\"\" srcset=\"https:\/\/www.innergrowth.eu\/wp-content\/uploads\/Ela-Kolodziej-innergrowth.jpg 477w, https:\/\/www.innergrowth.eu\/wp-content\/uploads\/Ela-Kolodziej-innergrowth-239x300.jpg 239w\" sizes=\"(max-width: 477px) 100vw, 477px\" \/>\t\t\t\t\t\t\t\t\t\t\t\t\t\t\t<\/div>\n\t\t\t\t<\/div>\n\t\t\t\t<\/div>\n\t\t<div class=\"elementor-element elementor-element-beb408f e-con-full e-flex e-con e-parent\" data-id=\"beb408f\" data-element_type=\"container\">\n\t\t\t\t<div class=\"elementor-element elementor-element-1290e19 elementor-widget elementor-widget-heading\" data-id=\"1290e19\" data-element_type=\"widget\" data-widget_type=\"heading.default\">\n\t\t\t\t<div class=\"elementor-widget-container\">\n\t\t\t\t\t<h2 class=\"elementor-heading-title elementor-size-default\">Sobre la Facilitadora<\/h2>\t\t\t\t<\/div>\n\t\t\t\t<\/div>\n\t\t\t\t<div class=\"elementor-element elementor-element-033840e elementor-widget elementor-widget-text-editor\" data-id=\"033840e\" data-element_type=\"widget\" data-widget_type=\"text-editor.default\">\n\t\t\t\t<div class=\"elementor-widget-container\">\n\t\t\t\t\t\t\t\t\t<p><strong>Ela Kolodziej<\/strong>, Instructora titulada de Mindfulness certificada en Zen Coaching, es apasionada por el potencial humano.<\/p><p>Tiene una formaci\u00f3n acad\u00e9mica de Maestr\u00eda en Ciencias en Marketing y Gesti\u00f3n de una de las mejores universidades polacas (Universidad de Ciencia y Tecnolog\u00eda de Wroclaw), as\u00ed como una Licenciatura en Ingenier\u00eda en Fabricaci\u00f3n y Gesti\u00f3n de la Universidad del Sur de Dinamarca.<\/p><p>Despu\u00e9s de a\u00f1os de carrera internacional en negocios dentro de Marketing y Ventas en posiciones como Gerente de Proyecto, L\u00edder de Equipo, Gerente de Programa de Satisfacci\u00f3n del Cliente y Analista de Inteligencia Comercial; se interes\u00f3 en el \u00e1rea del desarrollo personal profundo y la salud integral.<\/p>\t\t\t\t\t\t\t\t<\/div>\n\t\t\t\t<\/div>\n\t\t\t\t<\/div>\n\t\t\t\t\t<\/div>\n\t\t\t\t<\/div>\n\t\t<div class=\"elementor-element elementor-element-0848042 e-flex e-con-boxed e-con e-parent\" data-id=\"0848042\" data-element_type=\"container\">\n\t\t\t\t\t<div class=\"e-con-inner\">\n\t\t\t\t<div class=\"elementor-element elementor-element-9c46d50 elementor-widget elementor-widget-text-editor\" data-id=\"9c46d50\" data-element_type=\"widget\" data-widget_type=\"text-editor.default\">\n\t\t\t\t<div class=\"elementor-widget-container\">\n\t\t\t\t\t\t\t\t\t<p>Desde 2012 ha realizado diversos cursos de desarrollo personal y meditaci\u00f3n y formaciones de coaching en Suecia, Espa\u00f1a e India; y desde entonces se dedica a compartir sus conocimientos, habilidades y experiencia para el bienestar de las personas y de las empresas conscientes que quieren cuidar de su gente, beneficios y el planeta.<\/p><p>Mientras trabaja con clientes, tiene a su disposici\u00f3n un amplio espectro de herramientas que ha aprendido y practicado en su profundo viaje interior, as\u00ed como con sus clientes, entre otros:<\/p>\t\t\t\t\t\t\t\t<\/div>\n\t\t\t\t<\/div>\n\t\t\t\t<div class=\"elementor-element elementor-element-f55ab27 elementor-widget__width-inherit elementor-widget elementor-widget-text-editor\" data-id=\"f55ab27\" data-element_type=\"widget\" data-widget_type=\"text-editor.default\">\n\t\t\t\t<div class=\"elementor-widget-container\">\n\t\t\t\t\t\t\t\t\t<div class=\"elementor-element elementor-element-642e95b elementor-align-left elementor-icon-list--layout-traditional elementor-list-item-link-full_width elementor-widget elementor-widget-icon-list\" data-id=\"642e95b\" data-element_type=\"widget\" data-widget_type=\"icon-list.default\"><div class=\"elementor-widget-container\"><ul><li>Formaci\u00f3n de\u00a0<strong>Instructora de Mindfulness<\/strong>; en 2014, Suecia<\/li><li>T\u00e9cnica de\u00a0<strong>Meditaci\u00f3n del Arte de Vivir<\/strong>; en 2012, India<\/li><li>Retiro de meditaci\u00f3n<strong>\u00a0Vipassana<\/strong>\u00a0de 10 d\u00edas en silencio, en 2014, Suecia<\/li><li>Formaci\u00f3n en\u00a0<strong>Rebirthing y Breathwork<\/strong>\u00a0(1 a\u00f1o) y\u00a0<strong>Asistencia<\/strong>\u00a0(+1 a\u00f1o); en 2021-23, Espa\u00f1a<\/li><li>Formaci\u00f3n en\u00a0<strong>Zen Coaching<\/strong>\u00a0(1 a\u00f1o), y Formaci\u00f3n del\u00a0<strong>Profesorado<\/strong>\u00a0(+1 a\u00f1o); en 2012-14, Suecia<\/li><li>Diversos\u00a0<strong>cursos de Masaje<\/strong>; a partir de 2021, en Espa\u00f1a<\/li><li><b>Reiki <\/b>&#8211; nivel 1 en 2023, Espa\u00f1a; y nivel 2 en 2024, Espa\u00f1a<\/li><li>Diversas formaciones dentro de la t\u00e9cnica del\u00a0<strong>Nuevo Sistema Craneal<\/strong>, aprendiendo a tratar adicciones, dolores y tensiones corporales y malestar emocional, apoyando al individuo a regresar a nuestro estado natural de bienestar; en 2023, Espa\u00f1a<\/li><\/ul><\/div><\/div>\t\t\t\t\t\t\t\t<\/div>\n\t\t\t\t<\/div>\n\t\t\t\t<div class=\"elementor-element elementor-element-8ee9b31 elementor-widget elementor-widget-text-editor\" data-id=\"8ee9b31\" data-element_type=\"widget\" data-widget_type=\"text-editor.default\">\n\t\t\t\t<div class=\"elementor-widget-container\">\n\t\t\t\t\t\t\t\t\t<p><span style=\"color: var( --e-global-color-text ); font-family: var( --e-global-typography-text-font-family ), Sans-serif; font-weight: var( --e-global-typography-text-font-weight ); text-align: var(--text-align); background-color: rgba(255, 255, 255, 0); letter-spacing: var(--the7-base-letter-spacing); text-transform: var(--the7-base-text-transform); word-spacing: normal;\">Fund\u00f3 Inner Growth en Malm\u00f6, Suecia en 2013 y lleva a cabo programas de Mindfulness y otros talleres de desarrollo personal, as\u00ed como tratamientos individuales,&nbsp;<\/span><strong style=\"color: var( --e-global-color-text ); font-family: var( --e-global-typography-text-font-family ), Sans-serif; text-align: var(--text-align); background-color: rgba(255, 255, 255, 0); font-size: ; font-style: ; font-variant-ligatures: ; font-variant-caps: ; letter-spacing: var(--the7-base-letter-spacing); text-decoration-line: ; text-transform: var(--the7-base-text-transform); word-spacing: normal;\">acercando los beneficios del mindfulness y el potencial humano a las empresas y a las personas<\/strong><span style=\"color: var( --e-global-color-text ); font-family: var( --e-global-typography-text-font-family ), Sans-serif; font-weight: var( --e-global-typography-text-font-weight ); text-align: var(--text-align); background-color: rgba(255, 255, 255, 0); letter-spacing: var(--the7-base-letter-spacing); text-transform: var(--the7-base-text-transform); word-spacing: normal;\"> \u2013 para una vida m\u00e1s equilibrada y plena.<\/span><br><\/p>\n<p>A partir de 2021, despu\u00e9s de mudarse a M\u00e1laga en Espa\u00f1a, ofrece sus servicios en esta regi\u00f3n y online.<\/p>\t\t\t\t\t\t\t\t<\/div>\n\t\t\t\t<\/div>\n\t\t\t\t\t<\/div>\n\t\t\t\t<\/div>\n\t\t\t\t<\/div>\n\t\t","protected":false},"excerpt":{"rendered":"<p>Talleres de Negocios \u00a1Equipo consciente de alto rendimiento, mejores resultados! Una serie de talleres divertidos e interactivos para tus empleados o un equipo directivo, que utilizan una poderosa combinaci\u00f3n de atenci\u00f3n plena (Mindfulness) y enfoque en una habilidad comercial concreta que dese\u00e1is mejorar en tu empresa, p.ej. trabajo en equipo, comunicaci\u00f3n, servicio al cliente, liderazgo&hellip;<\/p>\n","protected":false},"author":2,"featured_media":0,"parent":0,"menu_order":0,"comment_status":"closed","ping_status":"closed","template":"elementor_header_footer","meta":{"_acf_changed":false,"_seopress_robots_primary_cat":"","_seopress_titles_title":"","_seopress_titles_desc":"","_seopress_robots_index":"","footnotes":""},"class_list":["post-1581","page","type-page","status-publish"],"acf":[],"_links":{"self":[{"href":"https:\/\/www.innergrowth.eu\/es\/wp-json\/wp\/v2\/pages\/1581","targetHints":{"allow":["GET"]}}],"collection":[{"href":"https:\/\/www.innergrowth.eu\/es\/wp-json\/wp\/v2\/pages"}],"about":[{"href":"https:\/\/www.innergrowth.eu\/es\/wp-json\/wp\/v2\/types\/page"}],"author":[{"embeddable":true,"href":"https:\/\/www.innergrowth.eu\/es\/wp-json\/wp\/v2\/users\/2"}],"replies":[{"embeddable":true,"href":"https:\/\/www.innergrowth.eu\/es\/wp-json\/wp\/v2\/comments?post=1581"}],"version-history":[{"count":61,"href":"https:\/\/www.innergrowth.eu\/es\/wp-json\/wp\/v2\/pages\/1581\/revisions"}],"predecessor-version":[{"id":5785,"href":"https:\/\/www.innergrowth.eu\/es\/wp-json\/wp\/v2\/pages\/1581\/revisions\/5785"}],"wp:attachment":[{"href":"https:\/\/www.innergrowth.eu\/es\/wp-json\/wp\/v2\/media?parent=1581"}],"curies":[{"name":"wp","href":"https:\/\/api.w.org\/{rel}","templated":true}]}}