{"id":1585,"date":"2023-12-18T13:13:32","date_gmt":"2023-12-18T13:13:32","guid":{"rendered":"https:\/\/innergrowth.es\/corporate-social-responsibility\/"},"modified":"2024-04-12T12:42:48","modified_gmt":"2024-04-12T12:42:48","slug":"corporate-social-responsibility","status":"publish","type":"page","link":"https:\/\/www.innergrowth.eu\/es\/corporate-social-responsibility\/","title":{"rendered":"Responsabilidad Social Corporativa"},"content":{"rendered":"\t\t<div data-elementor-type=\"wp-page\" data-elementor-id=\"1585\" class=\"elementor elementor-1585 elementor-1101\" data-elementor-post-type=\"page\">\n\t\t\t\t<div class=\"elementor-element elementor-element-ff56de2 e-flex e-con-boxed e-con e-parent\" data-id=\"ff56de2\" data-element_type=\"container\">\n\t\t\t\t\t<div class=\"e-con-inner\">\n\t\t\t\t<div class=\"elementor-element elementor-element-9311c34 elementor-widget elementor-widget-heading\" data-id=\"9311c34\" data-element_type=\"widget\" data-widget_type=\"heading.default\">\n\t\t\t\t<div class=\"elementor-widget-container\">\n\t\t\t\t\t<h1 class=\"elementor-heading-title elementor-size-default\">Responsabilidad Social Corporativa<\/h1>\t\t\t\t<\/div>\n\t\t\t\t<\/div>\n\t\t\t\t<div class=\"elementor-element elementor-element-63c7c06 elementor-widget elementor-widget-heading\" data-id=\"63c7c06\" data-element_type=\"widget\" data-widget_type=\"heading.default\">\n\t\t\t\t<div class=\"elementor-widget-container\">\n\t\t\t\t\t<h2 class=\"elementor-heading-title elementor-size-default\">Negocios responsables para un mundo mejor<\/h2>\t\t\t\t<\/div>\n\t\t\t\t<\/div>\n\t\t\t\t\t<\/div>\n\t\t\t\t<\/div>\n\t\t<div class=\"elementor-element elementor-element-e7a41ca e-flex e-con-boxed e-con e-parent\" data-id=\"e7a41ca\" data-element_type=\"container\">\n\t\t\t\t\t<div class=\"e-con-inner\">\n\t\t<div class=\"elementor-element elementor-element-80b3a9e e-con-full e-flex e-con e-parent\" data-id=\"80b3a9e\" data-element_type=\"container\">\n\t\t\t\t<div class=\"elementor-element elementor-element-a0319f0 elementor-widget elementor-widget-image\" data-id=\"a0319f0\" data-element_type=\"widget\" data-widget_type=\"image.default\">\n\t\t\t\t<div class=\"elementor-widget-container\">\n\t\t\t\t\t\t\t\t\t\t\t\t\t\t\t<img fetchpriority=\"high\" decoding=\"async\" width=\"800\" height=\"533\" src=\"https:\/\/www.innergrowth.eu\/wp-content\/uploads\/mano-ecologista-vida-sostenible-sosteniendo-tierra-verde.jpg\" class=\"attachment-large size-large wp-image-1689\" alt=\"\" srcset=\"https:\/\/www.innergrowth.eu\/wp-content\/uploads\/mano-ecologista-vida-sostenible-sosteniendo-tierra-verde.jpg 800w, https:\/\/www.innergrowth.eu\/wp-content\/uploads\/mano-ecologista-vida-sostenible-sosteniendo-tierra-verde-300x200.jpg 300w, https:\/\/www.innergrowth.eu\/wp-content\/uploads\/mano-ecologista-vida-sostenible-sosteniendo-tierra-verde-768x512.jpg 768w\" sizes=\"(max-width: 800px) 100vw, 800px\" \/>\t\t\t\t\t\t\t\t\t\t\t\t\t\t\t<\/div>\n\t\t\t\t<\/div>\n\t\t\t\t<\/div>\n\t\t<div class=\"elementor-element elementor-element-91a9ea5 e-con-full e-flex e-con e-parent\" data-id=\"91a9ea5\" data-element_type=\"container\">\n\t\t\t\t<div class=\"elementor-element elementor-element-5582eed elementor-widget elementor-widget-text-editor\" data-id=\"5582eed\" data-element_type=\"widget\" data-widget_type=\"text-editor.default\">\n\t\t\t\t<div class=\"elementor-widget-container\">\n\t\t\t\t\t\t\t\t\t<p>Nuestro objetivo es <strong>destinar cada a\u00f1o una parte de nuestros beneficios a obras de caridad para las regiones pobres del mundo o para las personas necesitadas a nivel local<\/strong>. Partiendo de alrededor del 2% en 2024, y esforz\u00e1ndose por alcanzar el 10% en 2030.<\/p>\n<p> A trav\u00e9s de ello, <strong>queremos promover la responsabilidad de las empresas por un mundo mejor<\/strong>. Cuantas m\u00e1s empresas sigan un esquema similar, mayor ser\u00e1 el impacto positivo en nuestro planeta.<\/p>\n<ul>\n<li><strong>Nuestra ambici\u00f3n es dar a las personas necesitadas \u00abuna ca\u00f1a de pescar\u00bb<\/strong>: capacidades para apoyar su futuro mejor y su independencia, en lugar de darles s\u00f3lo \u00abun pez\u00bb, haci\u00e9ndolos dependientes de m\u00e1s ayuda.<\/li>\n<li>Queremos elegir organizaciones ben\u00e9ficas con los costos y gastos administrativos m\u00e1s peque\u00f1os y con el mayor impacto positivo en la sociedad local en las regiones apoyadas.<\/li>\n<\/ul>\n\t\t\t\t\t\t\t\t<\/div>\n\t\t\t\t<\/div>\n\t\t\t\t<\/div>\n\t\t\t\t\t<\/div>\n\t\t\t\t<\/div>\n\t\t\t\t<\/div>\n\t\t","protected":false},"excerpt":{"rendered":"<p>Responsabilidad Social Corporativa Negocios responsables para un mundo mejor Nuestro objetivo es destinar cada a\u00f1o una parte de nuestros beneficios a obras de caridad para las regiones pobres del mundo o para las personas necesitadas a nivel local. Partiendo de alrededor del 2% en 2024, y esforz\u00e1ndose por alcanzar el 10% en 2030. A trav\u00e9s&hellip;<\/p>\n","protected":false},"author":2,"featured_media":0,"parent":0,"menu_order":0,"comment_status":"closed","ping_status":"closed","template":"elementor_header_footer","meta":{"_acf_changed":false,"_seopress_robots_primary_cat":"","_seopress_titles_title":"","_seopress_titles_desc":"","_seopress_robots_index":"","footnotes":""},"class_list":["post-1585","page","type-page","status-publish"],"acf":[],"_links":{"self":[{"href":"https:\/\/www.innergrowth.eu\/es\/wp-json\/wp\/v2\/pages\/1585","targetHints":{"allow":["GET"]}}],"collection":[{"href":"https:\/\/www.innergrowth.eu\/es\/wp-json\/wp\/v2\/pages"}],"about":[{"href":"https:\/\/www.innergrowth.eu\/es\/wp-json\/wp\/v2\/types\/page"}],"author":[{"embeddable":true,"href":"https:\/\/www.innergrowth.eu\/es\/wp-json\/wp\/v2\/users\/2"}],"replies":[{"embeddable":true,"href":"https:\/\/www.innergrowth.eu\/es\/wp-json\/wp\/v2\/comments?post=1585"}],"version-history":[{"count":5,"href":"https:\/\/www.innergrowth.eu\/es\/wp-json\/wp\/v2\/pages\/1585\/revisions"}],"predecessor-version":[{"id":4504,"href":"https:\/\/www.innergrowth.eu\/es\/wp-json\/wp\/v2\/pages\/1585\/revisions\/4504"}],"wp:attachment":[{"href":"https:\/\/www.innergrowth.eu\/es\/wp-json\/wp\/v2\/media?parent=1585"}],"curies":[{"name":"wp","href":"https:\/\/api.w.org\/{rel}","templated":true}]}}