{"id":1597,"date":"2023-11-27T16:55:02","date_gmt":"2023-11-27T16:55:02","guid":{"rendered":"https:\/\/innergrowth.es\/mindfulness-inscribirse\/"},"modified":"2024-03-15T12:34:07","modified_gmt":"2024-03-15T12:34:07","slug":"mindfulness-inscribirse","status":"publish","type":"page","link":"https:\/\/www.innergrowth.eu\/es\/mindfulness-inscribirse\/","title":{"rendered":"Reg\u00edstrate"},"content":{"rendered":"\t\t<div data-elementor-type=\"wp-page\" data-elementor-id=\"1597\" class=\"elementor elementor-1597 elementor-661\" data-elementor-post-type=\"page\">\n\t\t\t\t<div class=\"elementor-element elementor-element-cae165c e-flex e-con-boxed e-con e-parent\" data-id=\"cae165c\" data-element_type=\"container\">\n\t\t\t\t\t<div class=\"e-con-inner\">\n\t\t\t\t<div class=\"elementor-element elementor-element-f6a9247 elementor-widget elementor-widget-heading\" data-id=\"f6a9247\" data-element_type=\"widget\" data-widget_type=\"heading.default\">\n\t\t\t\t<div class=\"elementor-widget-container\">\n\t\t\t\t\t<h1 class=\"elementor-heading-title elementor-size-default\">Reg\u00edstrate en Mindfulness <\/h1>\t\t\t\t<\/div>\n\t\t\t\t<\/div>\n\t\t\t\t<div class=\"elementor-element elementor-element-5e28054 elementor-widget elementor-widget-heading\" data-id=\"5e28054\" data-element_type=\"widget\" data-widget_type=\"heading.default\">\n\t\t\t\t<div class=\"elementor-widget-container\">\n\t\t\t\t\t<p class=\"elementor-heading-title elementor-size-default\">Si tienes alguna pregunta o si quieres inscribirte en nuestro eficaz Programa Mindfulness de 8 semanas, o en un Taller de Introducci\u00f3n a Mindfulness, utiliza el formulario de inter\u00e9s que aparece a continuaci\u00f3n.<\/p>\t\t\t\t<\/div>\n\t\t\t\t<\/div>\n\t\t\t\t<div class=\"elementor-element elementor-element-ce31505 elementor-widget__width-initial elementor-button-align-stretch elementor-widget elementor-widget-form\" data-id=\"ce31505\" data-element_type=\"widget\" data-settings=\"{&quot;step_next_label&quot;:&quot;Pr\\u00f3ximo&quot;,&quot;step_previous_label&quot;:&quot;Previo&quot;,&quot;button_width&quot;:&quot;100&quot;,&quot;step_type&quot;:&quot;number_text&quot;,&quot;step_icon_shape&quot;:&quot;circle&quot;}\" data-widget_type=\"form.default\">\n\t\t\t\t<div class=\"elementor-widget-container\">\n\t\t\t\t\t\t\t<form class=\"elementor-form\" method=\"post\" name=\"Nuevo formulario\" aria-label=\"Nuevo formulario\">\n\t\t\t<input type=\"hidden\" name=\"post_id\" value=\"1597\"\/>\n\t\t\t<input type=\"hidden\" name=\"form_id\" value=\"ce31505\"\/>\n\t\t\t<input type=\"hidden\" name=\"referer_title\" value=\"Reg\u00edstrate\" \/>\n\n\t\t\t\t\t\t\t<input type=\"hidden\" name=\"queried_id\" value=\"1597\"\/>\n\t\t\t\n\t\t\t<div class=\"elementor-form-fields-wrapper elementor-labels-above\">\n\t\t\t\t\t\t\t\t<div class=\"elementor-field-type-text elementor-field-group elementor-column elementor-field-group-name elementor-col-100 elementor-field-required elementor-mark-required\">\n\t\t\t\t\t\t\t\t\t\t\t\t<label for=\"form-field-name\" class=\"elementor-field-label\">\n\t\t\t\t\t\t\t\tNombre completo\t\t\t\t\t\t\t<\/label>\n\t\t\t\t\t\t\t\t\t\t\t\t\t\t<input size=\"1\" type=\"text\" name=\"form_fields[name]\" id=\"form-field-name\" class=\"elementor-field elementor-size-sm  elementor-field-textual\" placeholder=\"Nombre completo\" required=\"required\">\n\t\t\t\t\t\t\t\t\t\t\t<\/div>\n\t\t\t\t\t\t\t\t<div class=\"elementor-field-type-text elementor-field-group elementor-column elementor-field-group-field_5b84a3a elementor-col-100\">\n\t\t\t\t\t\t\t\t\t\t\t\t<label for=\"form-field-field_5b84a3a\" class=\"elementor-field-label\">\n\t\t\t\t\t\t\t\tCompa\u00f1\u00eda\t\t\t\t\t\t\t<\/label>\n\t\t\t\t\t\t\t\t\t\t\t\t\t\t<input size=\"1\" type=\"text\" name=\"form_fields[field_5b84a3a]\" id=\"form-field-field_5b84a3a\" class=\"elementor-field elementor-size-sm  elementor-field-textual\" placeholder=\"Compa\u00f1\u00eda\">\n\t\t\t\t\t\t\t\t\t\t\t<\/div>\n\t\t\t\t\t\t\t\t<div class=\"elementor-field-type-email elementor-field-group elementor-column elementor-field-group-email elementor-col-100 elementor-field-required elementor-mark-required\">\n\t\t\t\t\t\t\t\t\t\t\t\t<label for=\"form-field-email\" class=\"elementor-field-label\">\n\t\t\t\t\t\t\t\tEmail\t\t\t\t\t\t\t<\/label>\n\t\t\t\t\t\t\t\t\t\t\t\t\t\t<input size=\"1\" type=\"email\" name=\"form_fields[email]\" id=\"form-field-email\" class=\"elementor-field elementor-size-sm  elementor-field-textual\" placeholder=\"Email\" required=\"required\">\n\t\t\t\t\t\t\t\t\t\t\t<\/div>\n\t\t\t\t\t\t\t\t<div class=\"elementor-field-type-tel elementor-field-group elementor-column elementor-field-group-field_99f028b elementor-col-100\">\n\t\t\t\t\t\t\t\t\t\t\t\t<label for=\"form-field-field_99f028b\" class=\"elementor-field-label\">\n\t\t\t\t\t\t\t\tTel\u00e9fono\t\t\t\t\t\t\t<\/label>\n\t\t\t\t\t\t\t\t<input size=\"1\" type=\"tel\" name=\"form_fields[field_99f028b]\" id=\"form-field-field_99f028b\" class=\"elementor-field elementor-size-sm  elementor-field-textual\" placeholder=\"Tel\u00e9fono\" pattern=\"[0-9()#&amp;+*-=.]+\" title=\"Only numbers and phone characters (#, -, *, etc) are accepted.\">\n\n\t\t\t\t\t\t<\/div>\n\t\t\t\t\t\t\t\t<div class=\"elementor-field-type-select elementor-field-group elementor-column elementor-field-group-field_f826f07 elementor-col-100\">\n\t\t\t\t\t\t\t\t\t\t\t\t<label for=\"form-field-field_f826f07\" class=\"elementor-field-label\">\n\t\t\t\t\t\t\t\t\u00bfQu\u00e9 servicio de Mindfulness? \t\t\t\t\t\t\t<\/label>\n\t\t\t\t\t\t\t\t<div class=\"elementor-field elementor-select-wrapper remove-before \">\n\t\t\t<div class=\"select-caret-down-wrapper\">\n\t\t\t\t<svg aria-hidden=\"true\" class=\"e-font-icon-svg e-eicon-caret-down\" viewBox=\"0 0 571.4 571.4\" xmlns=\"http:\/\/www.w3.org\/2000\/svg\"><path d=\"M571 393Q571 407 561 418L311 668Q300 679 286 679T261 668L11 418Q0 407 0 393T11 368 36 357H536Q550 357 561 368T571 393Z\"><\/path><\/svg>\t\t\t<\/div>\n\t\t\t<select name=\"form_fields[field_f826f07]\" id=\"form-field-field_f826f07\" class=\"elementor-field-textual elementor-size-sm\">\n\t\t\t\t\t\t\t\t\t<option value=\"Programa de Mindfulness de 8 semanas\">Programa de Mindfulness de 8 semanas<\/option>\n\t\t\t\t\t\t\t\t\t<option value=\"Taller de Introducci\u00f3n a Mindfulness\">Taller de Introducci\u00f3n a Mindfulness<\/option>\n\t\t\t\t\t\t\t<\/select>\n\t\t<\/div>\n\t\t\t\t\t\t<\/div>\n\t\t\t\t\t\t\t\t<div class=\"elementor-field-type-checkbox elementor-field-group elementor-column elementor-field-group-field_8509f96 elementor-col-100\">\n\t\t\t\t\t\t\t\t\t\t\t\t<label for=\"form-field-field_8509f96\" class=\"elementor-field-label\">\n\t\t\t\t\t\t\t\t\u00bfEn qu\u00e9 idioma? (elige todo lo que funcione para ti) \t\t\t\t\t\t\t<\/label>\n\t\t\t\t\t\t<div class=\"elementor-field-subgroup  \"><span class=\"elementor-field-option\"><input type=\"checkbox\" value=\"Ingl\u00e9s\" id=\"form-field-field_8509f96-0\" name=\"form_fields[field_8509f96][]\"> <label for=\"form-field-field_8509f96-0\">Ingl\u00e9s<\/label><\/span><span class=\"elementor-field-option\"><input type=\"checkbox\" value=\"Espa\u00f1ol\" id=\"form-field-field_8509f96-1\" name=\"form_fields[field_8509f96][]\"> <label for=\"form-field-field_8509f96-1\">Espa\u00f1ol<\/label><\/span><span class=\"elementor-field-option\"><input type=\"checkbox\" value=\"Polaco\" id=\"form-field-field_8509f96-2\" name=\"form_fields[field_8509f96][]\"> <label for=\"form-field-field_8509f96-2\">Polaco<\/label><\/span><\/div>\t\t\t\t<\/div>\n\t\t\t\t\t\t\t\t<div class=\"elementor-field-type-checkbox elementor-field-group elementor-column elementor-field-group-field_acaaa02 elementor-col-100\">\n\t\t\t\t\t\t\t\t\t\t\t\t<label for=\"form-field-field_acaaa02\" class=\"elementor-field-label\">\n\t\t\t\t\t\t\t\t\u00bfPresencial en M\u00e1laga o Online? (elige todo lo que funcione para ti)\t\t\t\t\t\t\t<\/label>\n\t\t\t\t\t\t<div class=\"elementor-field-subgroup  \"><span class=\"elementor-field-option\"><input type=\"checkbox\" value=\"Presencial en M\u00e1laga\" id=\"form-field-field_acaaa02-0\" name=\"form_fields[field_acaaa02][]\"> <label for=\"form-field-field_acaaa02-0\">Presencial en M\u00e1laga<\/label><\/span><span class=\"elementor-field-option\"><input type=\"checkbox\" value=\"Online\" id=\"form-field-field_acaaa02-1\" name=\"form_fields[field_acaaa02][]\"> <label for=\"form-field-field_acaaa02-1\">Online<\/label><\/span><\/div>\t\t\t\t<\/div>\n\t\t\t\t\t\t\t\t<div class=\"elementor-field-type-checkbox elementor-field-group elementor-column elementor-field-group-field_2c63840 elementor-col-100\">\n\t\t\t\t\t\t\t\t\t\t\t\t<label for=\"form-field-field_2c63840\" class=\"elementor-field-label\">\n\t\t\t\t\t\t\t\t\u00bfEn grupo o individual? (elige todo lo que funcione para ti)\t\t\t\t\t\t\t<\/label>\n\t\t\t\t\t\t<div class=\"elementor-field-subgroup  \"><span class=\"elementor-field-option\"><input type=\"checkbox\" value=\"Grupo (m\u00e1s econ\u00f3mico)\" id=\"form-field-field_2c63840-0\" name=\"form_fields[field_2c63840][]\"> <label for=\"form-field-field_2c63840-0\">Grupo (m\u00e1s econ\u00f3mico)<\/label><\/span><span class=\"elementor-field-option\"><input type=\"checkbox\" value=\"Individual (m\u00e1s personal)\" id=\"form-field-field_2c63840-1\" name=\"form_fields[field_2c63840][]\"> <label for=\"form-field-field_2c63840-1\">Individual (m\u00e1s personal)<\/label><\/span><\/div>\t\t\t\t<\/div>\n\t\t\t\t\t\t\t\t<div class=\"elementor-field-type-textarea elementor-field-group elementor-column elementor-field-group-message elementor-col-100\">\n\t\t\t\t\t\t\t\t\t\t\t\t<label for=\"form-field-message\" class=\"elementor-field-label\">\n\t\t\t\t\t\t\t\tMensaje\t\t\t\t\t\t\t<\/label>\n\t\t\t\t\t\t<textarea class=\"elementor-field-textual elementor-field  elementor-size-sm\" name=\"form_fields[message]\" id=\"form-field-message\" rows=\"4\" placeholder=\"Mensaje\"><\/textarea>\t\t\t\t<\/div>\n\t\t\t\t\t\t\t\t<div class=\"elementor-field-type-acceptance elementor-field-group elementor-column elementor-field-group-field_d10a84a elementor-col-100\">\n\t\t\t\t\t\t\t<div class=\"elementor-field-subgroup\">\n\t\t\t<span class=\"elementor-field-option\">\n\t\t\t\t<input type=\"checkbox\" name=\"form_fields[field_d10a84a]\" id=\"form-field-field_d10a84a\" class=\"elementor-field elementor-size-sm  elementor-acceptance-field\">\n\t\t\t\t<label for=\"form-field-field_d10a84a\">Suscr\u00edbete a nuestro grupo de Inner Growth en Whatsapp<\/label>\t\t\t<\/span>\n\t\t<\/div>\n\t\t\t\t\t\t<\/div>\n\t\t\t\t\t\t\t\t<div class=\"elementor-field-type-text elementor-field-group elementor-column elementor-field-group-field_f86a69d elementor-col-100\">\n\t\t\t\t\t\t\t\t\t\t\t\t<label for=\"form-field-field_f86a69d\" class=\"elementor-field-label\">\n\t\t\t\t\t\t\t\tRespetamos tu tiempo, por eso en nuestros grupo de Whatsapp solo el Administrador puede compartir la informaci\u00f3n, y si tienes alguna pregunta o duda puedes contactarnos personalmente, para no molestar al grupo con demasiados mensajes. Tambi\u00e9n es f\u00e1cil, en cualquier momento, abandonar el grupo o darse de baja del bolet\u00edn.\t\t\t\t\t\t\t<\/label>\n\t\t\t\t\t\t\t\t\t\t\t\t\t\t<input size=\"1\" type=\"text\" name=\"form_fields[field_f86a69d]\" id=\"form-field-field_f86a69d\" class=\"elementor-field elementor-size-sm  elementor-field-textual\">\n\t\t\t\t\t\t\t\t\t\t\t<\/div>\n\t\t\t\t\t\t\t\t<div class=\"elementor-field-group elementor-column elementor-field-type-submit elementor-col-100 e-form__buttons\">\n\t\t\t\t\t<button class=\"elementor-button elementor-size-sm\" type=\"submit\">\n\t\t\t\t\t\t<span class=\"elementor-button-content-wrapper\">\n\t\t\t\t\t\t\t\t\t\t\t\t\t\t\t\t\t\t\t\t\t\t<span class=\"elementor-button-text\">Enviar<\/span>\n\t\t\t\t\t\t\t\t\t\t\t\t\t<\/span>\n\t\t\t\t\t<\/button>\n\t\t\t\t<\/div>\n\t\t\t<\/div>\n\t\t<\/form>\n\t\t\t\t\t\t<\/div>\n\t\t\t\t<\/div>\n\t\t\t\t\t<\/div>\n\t\t\t\t<\/div>\n\t\t<div class=\"elementor-element elementor-element-518d060 e-flex e-con-boxed e-con e-parent\" data-id=\"518d060\" data-element_type=\"container\" data-settings=\"{&quot;background_background&quot;:&quot;classic&quot;}\">\n\t\t\t\t\t<div class=\"e-con-inner\">\n\t\t<div class=\"elementor-element elementor-element-f36d0d0 e-con-full e-flex e-con e-parent\" data-id=\"f36d0d0\" data-element_type=\"container\">\n\t\t\t\t<div class=\"elementor-element elementor-element-1e543c9 elementor-widget elementor-widget-image\" data-id=\"1e543c9\" data-element_type=\"widget\" data-widget_type=\"image.default\">\n\t\t\t\t<div class=\"elementor-widget-container\">\n\t\t\t\t\t\t\t\t\t\t\t\t\t\t\t<img fetchpriority=\"high\" decoding=\"async\" width=\"477\" height=\"600\" src=\"https:\/\/www.innergrowth.eu\/wp-content\/uploads\/Ela-Kolodziej-innergrowth.jpg\" class=\"attachment-large size-large wp-image-466\" alt=\"\" srcset=\"https:\/\/www.innergrowth.eu\/wp-content\/uploads\/Ela-Kolodziej-innergrowth.jpg 477w, https:\/\/www.innergrowth.eu\/wp-content\/uploads\/Ela-Kolodziej-innergrowth-239x300.jpg 239w\" sizes=\"(max-width: 477px) 100vw, 477px\" \/>\t\t\t\t\t\t\t\t\t\t\t\t\t\t\t<\/div>\n\t\t\t\t<\/div>\n\t\t\t\t<\/div>\n\t\t<div class=\"elementor-element elementor-element-90d2ea6 e-con-full e-flex e-con e-parent\" data-id=\"90d2ea6\" data-element_type=\"container\">\n\t\t\t\t<div class=\"elementor-element elementor-element-2d3ae83 elementor-widget elementor-widget-heading\" data-id=\"2d3ae83\" data-element_type=\"widget\" data-widget_type=\"heading.default\">\n\t\t\t\t<div class=\"elementor-widget-container\">\n\t\t\t\t\t<h2 class=\"elementor-heading-title elementor-size-default\">Sobre la profesora <\/h2>\t\t\t\t<\/div>\n\t\t\t\t<\/div>\n\t\t\t\t<div class=\"elementor-element elementor-element-852723d elementor-widget elementor-widget-text-editor\" data-id=\"852723d\" data-element_type=\"widget\" data-widget_type=\"text-editor.default\">\n\t\t\t\t<div class=\"elementor-widget-container\">\n\t\t\t\t\t\t\t\t\t<p><span style=\"font-weight: bold;\">Ela Kolodziej<\/span>, Instructora titulada de Mindfulness certificada en Zen Coaching, apasionada por el potencial humano.<\/p><p>Despu\u00e9s de a\u00f1os de carrera internacional en negocios, se interes\u00f3 en el \u00e1rea del desarrollo personal profundo y la salud integral.<\/p><p>Desde 2012, ha realizado varios cursos de meditaci\u00f3n, masajes y formaciones de coaching en Suecia, India y Espa\u00f1a, y est\u00e1 comprometida con la pr\u00e1ctica diaria.<\/p><p>Fund\u00f3 Inner Growth en Malm\u00f6, Suecia, en 2013 y dirige talleres grupales y tratamientos individuales, <span style=\"font-weight: bold;\">llevando los beneficios del bienestar hol\u00edstico y Mindfulness a las empresas y a los particulares<\/span>\u00a0\u2013para una vida m\u00e1s equilibrada y plena.<\/p><p>A partir de 2021, despu\u00e9s de mudarse a M\u00e1laga, Espa\u00f1a, ofrece sus servicios en esta regi\u00f3n y online.<\/p>\t\t\t\t\t\t\t\t<\/div>\n\t\t\t\t<\/div>\n\t\t\t\t<\/div>\n\t\t\t\t\t<\/div>\n\t\t\t\t<\/div>\n\t\t\t\t<\/div>\n\t\t","protected":false},"excerpt":{"rendered":"<p>Reg\u00edstrate en Mindfulness Si tienes alguna pregunta o si quieres inscribirte en nuestro eficaz Programa Mindfulness de 8 semanas, o en un Taller de Introducci\u00f3n a Mindfulness, utiliza el formulario de inter\u00e9s que aparece a continuaci\u00f3n. Sobre la profesora Ela Kolodziej, Instructora titulada de Mindfulness certificada en Zen Coaching, apasionada por el potencial humano. Despu\u00e9s&hellip;<\/p>\n","protected":false},"author":2,"featured_media":0,"parent":0,"menu_order":0,"comment_status":"closed","ping_status":"closed","template":"elementor_header_footer","meta":{"_acf_changed":false,"_seopress_robots_primary_cat":"","_seopress_titles_title":"","_seopress_titles_desc":"","_seopress_robots_index":"","footnotes":""},"class_list":["post-1597","page","type-page","status-publish"],"acf":[],"_links":{"self":[{"href":"https:\/\/www.innergrowth.eu\/es\/wp-json\/wp\/v2\/pages\/1597","targetHints":{"allow":["GET"]}}],"collection":[{"href":"https:\/\/www.innergrowth.eu\/es\/wp-json\/wp\/v2\/pages"}],"about":[{"href":"https:\/\/www.innergrowth.eu\/es\/wp-json\/wp\/v2\/types\/page"}],"author":[{"embeddable":true,"href":"https:\/\/www.innergrowth.eu\/es\/wp-json\/wp\/v2\/users\/2"}],"replies":[{"embeddable":true,"href":"https:\/\/www.innergrowth.eu\/es\/wp-json\/wp\/v2\/comments?post=1597"}],"version-history":[{"count":10,"href":"https:\/\/www.innergrowth.eu\/es\/wp-json\/wp\/v2\/pages\/1597\/revisions"}],"predecessor-version":[{"id":3050,"href":"https:\/\/www.innergrowth.eu\/es\/wp-json\/wp\/v2\/pages\/1597\/revisions\/3050"}],"wp:attachment":[{"href":"https:\/\/www.innergrowth.eu\/es\/wp-json\/wp\/v2\/media?parent=1597"}],"curies":[{"name":"wp","href":"https:\/\/api.w.org\/{rel}","templated":true}]}}