{"id":1614,"date":"2023-12-05T14:36:29","date_gmt":"2023-12-05T14:36:29","guid":{"rendered":"https:\/\/innergrowth.es\/negocio\/"},"modified":"2026-01-07T08:56:37","modified_gmt":"2026-01-07T08:56:37","slug":"negocio","status":"publish","type":"page","link":"https:\/\/www.innergrowth.eu\/es\/negocio\/","title":{"rendered":"Empresas"},"content":{"rendered":"\t\t<div data-elementor-type=\"wp-page\" data-elementor-id=\"1614\" class=\"elementor elementor-1614 elementor-743\" data-elementor-post-type=\"page\">\n\t\t\t\t<div class=\"elementor-element elementor-element-1159774 e-flex e-con-boxed e-con e-parent\" data-id=\"1159774\" data-element_type=\"container\" data-settings=\"{&quot;background_background&quot;:&quot;classic&quot;}\">\n\t\t\t\t\t<div class=\"e-con-inner\">\n\t\t<div class=\"elementor-element elementor-element-b0d608f e-con-full e-flex e-con e-child\" data-id=\"b0d608f\" data-element_type=\"container\">\n\t\t\t\t<div class=\"elementor-element elementor-element-63c7c06 elementor-widget elementor-widget-heading\" data-id=\"63c7c06\" data-element_type=\"widget\" data-widget_type=\"heading.default\">\n\t\t\t\t<div class=\"elementor-widget-container\">\n\t\t\t\t\t<h1 class=\"elementor-heading-title elementor-size-default\">Negocio <\/h1>\t\t\t\t<\/div>\n\t\t\t\t<\/div>\n\t\t\t\t<div class=\"elementor-element elementor-element-9311c34 elementor-widget elementor-widget-heading\" data-id=\"9311c34\" data-element_type=\"widget\" data-widget_type=\"heading.default\">\n\t\t\t\t<div class=\"elementor-widget-container\">\n\t\t\t\t\t<p class=\"elementor-heading-title elementor-size-default\">\u00a1Del Inner Growth al crecimiento empresarial!<\/p>\t\t\t\t<\/div>\n\t\t\t\t<\/div>\n\t\t\t\t<div class=\"elementor-element elementor-element-5582eed elementor-widget elementor-widget-text-editor\" data-id=\"5582eed\" data-element_type=\"widget\" data-widget_type=\"text-editor.default\">\n\t\t\t\t<div class=\"elementor-widget-container\">\n\t\t\t\t\t\t\t\t\t<p>En Inner Growth nos enfocamos en brindar <strong>servicios de bienestar de alto impacto<\/strong> para las empresas que se preocupan por sus empleados, desean experimentar un cambio positivo duradero y est\u00e1n dispuestas a invertir en eso.<\/p>\t\t\t\t\t\t\t\t<\/div>\n\t\t\t\t<\/div>\n\t\t\t\t<\/div>\n\t\t\t\t\t<\/div>\n\t\t\t\t<\/div>\n\t\t<div class=\"elementor-element elementor-element-1d50f29 e-flex e-con-boxed e-con e-parent\" data-id=\"1d50f29\" data-element_type=\"container\">\n\t\t\t\t\t<div class=\"e-con-inner\">\n\t\t\t\t<div class=\"elementor-element elementor-element-d6d977a elementor-widget elementor-widget-heading\" data-id=\"d6d977a\" data-element_type=\"widget\" data-widget_type=\"heading.default\">\n\t\t\t\t<div class=\"elementor-widget-container\">\n\t\t\t\t\t<h2 class=\"elementor-heading-title elementor-size-default\">Nuestros servicios para tu empresa:<\/h2>\t\t\t\t<\/div>\n\t\t\t\t<\/div>\n\t\t\t\t\t<\/div>\n\t\t\t\t<\/div>\n\t\t<div class=\"elementor-element elementor-element-366a041 e-flex e-con-boxed e-con e-parent\" data-id=\"366a041\" data-element_type=\"container\">\n\t\t\t\t\t<div class=\"e-con-inner\">\n\t\t<div class=\"elementor-element elementor-element-ebbff3f e-con-full e-flex e-con e-child\" data-id=\"ebbff3f\" data-element_type=\"container\">\n\t\t\t\t<div class=\"elementor-element elementor-element-a9b5268 elementor-widget elementor-widget-image\" data-id=\"a9b5268\" data-element_type=\"widget\" data-widget_type=\"image.default\">\n\t\t\t\t<div class=\"elementor-widget-container\">\n\t\t\t\t\t\t\t\t\t\t\t\t\t\t\t<img fetchpriority=\"high\" decoding=\"async\" width=\"800\" height=\"533\" src=\"https:\/\/www.innergrowth.eu\/wp-content\/uploads\/empresario-alivia-estres-laboral-meditacion.jpg\" class=\"attachment-large size-large wp-image-1128\" alt=\"\" srcset=\"https:\/\/www.innergrowth.eu\/wp-content\/uploads\/empresario-alivia-estres-laboral-meditacion.jpg 800w, https:\/\/www.innergrowth.eu\/wp-content\/uploads\/empresario-alivia-estres-laboral-meditacion-300x200.jpg 300w, https:\/\/www.innergrowth.eu\/wp-content\/uploads\/empresario-alivia-estres-laboral-meditacion-768x512.jpg 768w\" sizes=\"(max-width: 800px) 100vw, 800px\" \/>\t\t\t\t\t\t\t\t\t\t\t\t\t\t\t<\/div>\n\t\t\t\t<\/div>\n\t\t\t\t<\/div>\n\t\t<div class=\"elementor-element elementor-element-534b4d1 e-con-full e-flex e-con e-child\" data-id=\"534b4d1\" data-element_type=\"container\">\n\t\t\t\t<div class=\"elementor-element elementor-element-09718b1 e-transform elementor-widget elementor-widget-heading\" data-id=\"09718b1\" data-element_type=\"widget\" data-settings=\"{&quot;_transform_scale_effect_hover&quot;:{&quot;unit&quot;:&quot;px&quot;,&quot;size&quot;:0.9,&quot;sizes&quot;:[]},&quot;_transform_scale_effect_hover_tablet&quot;:{&quot;unit&quot;:&quot;px&quot;,&quot;size&quot;:&quot;&quot;,&quot;sizes&quot;:[]},&quot;_transform_scale_effect_hover_mobile&quot;:{&quot;unit&quot;:&quot;px&quot;,&quot;size&quot;:&quot;&quot;,&quot;sizes&quot;:[]}}\" data-widget_type=\"heading.default\">\n\t\t\t\t<div class=\"elementor-widget-container\">\n\t\t\t\t\t<h2 class=\"elementor-heading-title elementor-size-default\"><a href=\"https:\/\/www.innergrowth.eu\/mindfulness-for-business\/\">Oferta de Mindfulness (Atenci\u00f3n Plena)<\/a><\/h2>\t\t\t\t<\/div>\n\t\t\t\t<\/div>\n\t\t\t\t<div class=\"elementor-element elementor-element-fd2ca93 elementor-widget elementor-widget-text-editor\" data-id=\"fd2ca93\" data-element_type=\"widget\" data-widget_type=\"text-editor.default\">\n\t\t\t\t<div class=\"elementor-widget-container\">\n\t\t\t\t\t\t\t\t\t<p>Para una mejor gesti\u00f3n del estr\u00e9s, una mejor concentraci\u00f3n y atenci\u00f3n, una mejor calidad del sue\u00f1o y mejores relaciones.<\/p><p>Despu\u00e9s de nuestro Programa Mindfulness de 8 semanas, recibir\u00e1s una estad\u00edstica con informaci\u00f3n sobre los <strong>resultados promedio<\/strong> obtenidos por tus empleados, para saber exactamente cu\u00e1l es su retorno de la inversi\u00f3n (ROI).<\/p>\t\t\t\t\t\t\t\t<\/div>\n\t\t\t\t<\/div>\n\t\t\t\t<\/div>\n\t\t\t\t\t<\/div>\n\t\t\t\t<\/div>\n\t\t<div class=\"elementor-element elementor-element-053071b e-flex e-con-boxed e-con e-parent\" data-id=\"053071b\" data-element_type=\"container\" data-settings=\"{&quot;background_background&quot;:&quot;classic&quot;}\">\n\t\t\t\t\t<div class=\"e-con-inner\">\n\t\t<div class=\"elementor-element elementor-element-7865437 e-con-full e-flex e-con e-child\" data-id=\"7865437\" data-element_type=\"container\">\n\t\t\t\t<div class=\"elementor-element elementor-element-f0413fe elementor-widget elementor-widget-image\" data-id=\"f0413fe\" data-element_type=\"widget\" data-widget_type=\"image.default\">\n\t\t\t\t<div class=\"elementor-widget-container\">\n\t\t\t\t\t\t\t\t\t\t\t\t\t\t\t<img decoding=\"async\" width=\"800\" height=\"533\" src=\"https:\/\/www.innergrowth.eu\/wp-content\/uploads\/primer-plano-hombre-masaje-espalda-tratamiento-spa-centro-bienestar.jpg\" class=\"attachment-large size-large wp-image-802\" alt=\"\" srcset=\"https:\/\/www.innergrowth.eu\/wp-content\/uploads\/primer-plano-hombre-masaje-espalda-tratamiento-spa-centro-bienestar.jpg 800w, https:\/\/www.innergrowth.eu\/wp-content\/uploads\/primer-plano-hombre-masaje-espalda-tratamiento-spa-centro-bienestar-300x200.jpg 300w, https:\/\/www.innergrowth.eu\/wp-content\/uploads\/primer-plano-hombre-masaje-espalda-tratamiento-spa-centro-bienestar-768x512.jpg 768w\" sizes=\"(max-width: 800px) 100vw, 800px\" \/>\t\t\t\t\t\t\t\t\t\t\t\t\t\t\t<\/div>\n\t\t\t\t<\/div>\n\t\t\t\t<\/div>\n\t\t<div class=\"elementor-element elementor-element-55b4ed9 e-con-full e-flex e-con e-child\" data-id=\"55b4ed9\" data-element_type=\"container\">\n\t\t\t\t<div class=\"elementor-element elementor-element-e79ce53 e-transform elementor-widget elementor-widget-heading\" data-id=\"e79ce53\" data-element_type=\"widget\" data-settings=\"{&quot;_transform_scale_effect_hover&quot;:{&quot;unit&quot;:&quot;px&quot;,&quot;size&quot;:0.9,&quot;sizes&quot;:[]},&quot;_transform_scale_effect_hover_tablet&quot;:{&quot;unit&quot;:&quot;px&quot;,&quot;size&quot;:&quot;&quot;,&quot;sizes&quot;:[]},&quot;_transform_scale_effect_hover_mobile&quot;:{&quot;unit&quot;:&quot;px&quot;,&quot;size&quot;:&quot;&quot;,&quot;sizes&quot;:[]}}\" data-widget_type=\"heading.default\">\n\t\t\t\t<div class=\"elementor-widget-container\">\n\t\t\t\t\t<h2 class=\"elementor-heading-title elementor-size-default\"><a href=\"https:\/\/www.innergrowth.eu\/massage-at-your-office\/\">Masaje en tu oficina <\/a><\/h2>\t\t\t\t<\/div>\n\t\t\t\t<\/div>\n\t\t\t\t<div class=\"elementor-element elementor-element-1906495 elementor-widget elementor-widget-text-editor\" data-id=\"1906495\" data-element_type=\"widget\" data-widget_type=\"text-editor.default\">\n\t\t\t\t<div class=\"elementor-widget-container\">\n\t\t\t\t\t\t\t\t\t<p>Para prevenir tensiones y dolores musculares, as\u00ed como las consecuencias negativas del estr\u00e9s que puede causar disminuci\u00f3n en: productividad, resoluci\u00f3n de problemas y pensamiento creativo.<\/p><p>Un masaje regular de calidad puede ser un gran <strong>alivio para el dolor de espalda<\/strong> y para\u00a0<strong>mejorar el estado de \u00e1nimo positivo<\/strong>. <br \/>Una forma buena y sencilla de ofrecer a tus empleados un cuidado extra por su bienestar.<\/p>\t\t\t\t\t\t\t\t<\/div>\n\t\t\t\t<\/div>\n\t\t\t\t<\/div>\n\t\t\t\t\t<\/div>\n\t\t\t\t<\/div>\n\t\t<div class=\"elementor-element elementor-element-e9f0d35 elementor-hidden-desktop elementor-hidden-tablet elementor-hidden-mobile e-flex e-con-boxed e-con e-parent\" data-id=\"e9f0d35\" data-element_type=\"container\">\n\t\t\t\t\t<div class=\"e-con-inner\">\n\t\t<div class=\"elementor-element elementor-element-1f09835 e-con-full e-flex e-con e-child\" data-id=\"1f09835\" data-element_type=\"container\">\n\t\t\t\t<div class=\"elementor-element elementor-element-231cc4a elementor-widget elementor-widget-image\" data-id=\"231cc4a\" data-element_type=\"widget\" data-widget_type=\"image.default\">\n\t\t\t\t<div class=\"elementor-widget-container\">\n\t\t\t\t\t\t\t\t\t\t\t\t\t\t\t<img decoding=\"async\" width=\"800\" height=\"534\" src=\"https:\/\/www.innergrowth.eu\/wp-content\/uploads\/escena-reunion-negocios.jpg\" class=\"attachment-large size-large wp-image-1177\" alt=\"\" srcset=\"https:\/\/www.innergrowth.eu\/wp-content\/uploads\/escena-reunion-negocios.jpg 800w, https:\/\/www.innergrowth.eu\/wp-content\/uploads\/escena-reunion-negocios-300x200.jpg 300w, https:\/\/www.innergrowth.eu\/wp-content\/uploads\/escena-reunion-negocios-768x513.jpg 768w\" sizes=\"(max-width: 800px) 100vw, 800px\" \/>\t\t\t\t\t\t\t\t\t\t\t\t\t\t\t<\/div>\n\t\t\t\t<\/div>\n\t\t\t\t<\/div>\n\t\t<div class=\"elementor-element elementor-element-464d7bc e-con-full e-flex e-con e-child\" data-id=\"464d7bc\" data-element_type=\"container\">\n\t\t\t\t<div class=\"elementor-element elementor-element-ba65749 e-transform elementor-widget elementor-widget-heading\" data-id=\"ba65749\" data-element_type=\"widget\" data-settings=\"{&quot;_transform_scale_effect_hover&quot;:{&quot;unit&quot;:&quot;px&quot;,&quot;size&quot;:0.9,&quot;sizes&quot;:[]},&quot;_transform_scale_effect_hover_tablet&quot;:{&quot;unit&quot;:&quot;px&quot;,&quot;size&quot;:&quot;&quot;,&quot;sizes&quot;:[]},&quot;_transform_scale_effect_hover_mobile&quot;:{&quot;unit&quot;:&quot;px&quot;,&quot;size&quot;:&quot;&quot;,&quot;sizes&quot;:[]}}\" data-widget_type=\"heading.default\">\n\t\t\t\t<div class=\"elementor-widget-container\">\n\t\t\t\t\t<h2 class=\"elementor-heading-title elementor-size-default\"><a href=\"https:\/\/www.innergrowth.eu\/business-workshop\/\">Talleres empresariales <\/a><\/h2>\t\t\t\t<\/div>\n\t\t\t\t<\/div>\n\t\t\t\t<div class=\"elementor-element elementor-element-088209e elementor-widget elementor-widget-text-editor\" data-id=\"088209e\" data-element_type=\"widget\" data-widget_type=\"text-editor.default\">\n\t\t\t\t<div class=\"elementor-widget-container\">\n\t\t\t\t\t\t\t\t\t<p>Si deseas centraros en mejorar un \u00e1rea concreta de tu negocio, p.ej. trabajo en equipo, comunicaci\u00f3n, atenci\u00f3n al cliente, manejo del estr\u00e9s.<\/p><p>Cont\u00e1ctenos para hablar sobre tus necesidades espec\u00edficas y obtener un paquete personalizado, ya sea un solo taller para hacer tu conferencia o evento de la empresa m\u00e1s especial, o una serie de talleres que integren gradualmente el cambio deseado en tu negocio diario.<\/p>\t\t\t\t\t\t\t\t<\/div>\n\t\t\t\t<\/div>\n\t\t\t\t<\/div>\n\t\t\t\t\t<\/div>\n\t\t\t\t<\/div>\n\t\t<div class=\"elementor-element elementor-element-a7fdad3 e-flex e-con-boxed e-con e-parent\" data-id=\"a7fdad3\" data-element_type=\"container\" data-settings=\"{&quot;background_background&quot;:&quot;classic&quot;}\">\n\t\t\t\t\t<div class=\"e-con-inner\">\n\t\t<div class=\"elementor-element elementor-element-95b2a40 e-con-full e-flex e-con e-child\" data-id=\"95b2a40\" data-element_type=\"container\">\n\t\t\t\t<div class=\"elementor-element elementor-element-6f1bede elementor-widget elementor-widget-image\" data-id=\"6f1bede\" data-element_type=\"widget\" data-widget_type=\"image.default\">\n\t\t\t\t<div class=\"elementor-widget-container\">\n\t\t\t\t\t\t\t\t\t\t\t\t\t\t\t<img loading=\"lazy\" decoding=\"async\" width=\"1024\" height=\"683\" src=\"https:\/\/www.innergrowth.eu\/wp-content\/uploads\/zen-coaching-1.5-1024x683.jpg\" class=\"attachment-large size-large wp-image-2074\" alt=\"\" srcset=\"https:\/\/www.innergrowth.eu\/wp-content\/uploads\/zen-coaching-1.5-1024x683.jpg 1024w, https:\/\/www.innergrowth.eu\/wp-content\/uploads\/zen-coaching-1.5-300x200.jpg 300w, https:\/\/www.innergrowth.eu\/wp-content\/uploads\/zen-coaching-1.5-768x512.jpg 768w, https:\/\/www.innergrowth.eu\/wp-content\/uploads\/zen-coaching-1.5-1536x1024.jpg 1536w, https:\/\/www.innergrowth.eu\/wp-content\/uploads\/zen-coaching-1.5-2048x1365.jpg 2048w\" sizes=\"(max-width: 1024px) 100vw, 1024px\" \/>\t\t\t\t\t\t\t\t\t\t\t\t\t\t\t<\/div>\n\t\t\t\t<\/div>\n\t\t\t\t<\/div>\n\t\t<div class=\"elementor-element elementor-element-8fa3d6b e-con-full e-flex e-con e-child\" data-id=\"8fa3d6b\" data-element_type=\"container\">\n\t\t\t\t<div class=\"elementor-element elementor-element-42f1f0e e-transform elementor-widget elementor-widget-heading\" data-id=\"42f1f0e\" data-element_type=\"widget\" data-settings=\"{&quot;_transform_scale_effect_hover&quot;:{&quot;unit&quot;:&quot;px&quot;,&quot;size&quot;:0.9,&quot;sizes&quot;:[]},&quot;_transform_scale_effect_hover_tablet&quot;:{&quot;unit&quot;:&quot;px&quot;,&quot;size&quot;:&quot;&quot;,&quot;sizes&quot;:[]},&quot;_transform_scale_effect_hover_mobile&quot;:{&quot;unit&quot;:&quot;px&quot;,&quot;size&quot;:&quot;&quot;,&quot;sizes&quot;:[]}}\" data-widget_type=\"heading.default\">\n\t\t\t\t<div class=\"elementor-widget-container\">\n\t\t\t\t\t<h2 class=\"elementor-heading-title elementor-size-default\"><a href=\"https:\/\/www.innergrowth.eu\/individual-zen-coaching\/\">Zen Coaching Individual <\/a><\/h2>\t\t\t\t<\/div>\n\t\t\t\t<\/div>\n\t\t\t\t<div class=\"elementor-element elementor-element-1c6245a elementor-widget elementor-widget-text-editor\" data-id=\"1c6245a\" data-element_type=\"widget\" data-widget_type=\"text-editor.default\">\n\t\t\t\t<div class=\"elementor-widget-container\">\n\t\t\t\t\t\t\t\t\t<p>Para aquellos de tus empleados que quieran entenderse mejor a s\u00ed mismos, crecer como persona o lider, o superar una situaci\u00f3n desafiante que est\u00e9n experimentando ahora.<\/p>\n<p>En un espacio privado, podemos explorar el problema particular o la situaci\u00f3n general de la vida en la que se encuentra la persona, para tener una idea general y una visi\u00f3n m\u00e1s clara de cu\u00e1l podr\u00eda ser la soluci\u00f3n \u00f3ptima.<\/p>\t\t\t\t\t\t\t\t<\/div>\n\t\t\t\t<\/div>\n\t\t\t\t<\/div>\n\t\t\t\t\t<\/div>\n\t\t\t\t<\/div>\n\t\t\t\t<\/div>\n\t\t","protected":false},"excerpt":{"rendered":"<p>Negocio \u00a1Del Inner Growth al crecimiento empresarial! En Inner Growth nos enfocamos en brindar servicios de bienestar de alto impacto para las empresas que se preocupan por sus empleados, desean experimentar un cambio positivo duradero y est\u00e1n dispuestas a invertir en eso. Nuestros servicios para tu empresa: Oferta de Mindfulness (Atenci\u00f3n Plena) Para una mejor&hellip;<\/p>\n","protected":false},"author":2,"featured_media":0,"parent":0,"menu_order":0,"comment_status":"closed","ping_status":"closed","template":"elementor_header_footer","meta":{"_acf_changed":false,"_seopress_robots_primary_cat":"","_seopress_titles_title":"","_seopress_titles_desc":"","_seopress_robots_index":"","footnotes":""},"class_list":["post-1614","page","type-page","status-publish"],"acf":[],"_links":{"self":[{"href":"https:\/\/www.innergrowth.eu\/es\/wp-json\/wp\/v2\/pages\/1614","targetHints":{"allow":["GET"]}}],"collection":[{"href":"https:\/\/www.innergrowth.eu\/es\/wp-json\/wp\/v2\/pages"}],"about":[{"href":"https:\/\/www.innergrowth.eu\/es\/wp-json\/wp\/v2\/types\/page"}],"author":[{"embeddable":true,"href":"https:\/\/www.innergrowth.eu\/es\/wp-json\/wp\/v2\/users\/2"}],"replies":[{"embeddable":true,"href":"https:\/\/www.innergrowth.eu\/es\/wp-json\/wp\/v2\/comments?post=1614"}],"version-history":[{"count":21,"href":"https:\/\/www.innergrowth.eu\/es\/wp-json\/wp\/v2\/pages\/1614\/revisions"}],"predecessor-version":[{"id":7702,"href":"https:\/\/www.innergrowth.eu\/es\/wp-json\/wp\/v2\/pages\/1614\/revisions\/7702"}],"wp:attachment":[{"href":"https:\/\/www.innergrowth.eu\/es\/wp-json\/wp\/v2\/media?parent=1614"}],"curies":[{"name":"wp","href":"https:\/\/api.w.org\/{rel}","templated":true}]}}