{"id":1628,"date":"2023-08-02T09:30:32","date_gmt":"2023-08-02T09:30:32","guid":{"rendered":"https:\/\/innergrowth.es\/introduction-al-mindfulness-taller\/"},"modified":"2024-04-21T12:20:31","modified_gmt":"2024-04-21T12:20:31","slug":"introduction-al-mindfulness-taller","status":"publish","type":"page","link":"https:\/\/www.innergrowth.eu\/es\/introduction-al-mindfulness-taller\/","title":{"rendered":"Introducci\u00f3n a Mindfulness"},"content":{"rendered":"\t\t<div data-elementor-type=\"wp-page\" data-elementor-id=\"1628\" class=\"elementor elementor-1628 elementor-422\" data-elementor-post-type=\"page\">\n\t\t\t\t<div class=\"elementor-element elementor-element-e7a41ca e-flex e-con-boxed e-con e-parent\" data-id=\"e7a41ca\" data-element_type=\"container\">\n\t\t\t\t\t<div class=\"e-con-inner\">\n\t\t<div class=\"elementor-element elementor-element-91a9ea5 e-con-full e-flex e-con e-parent\" data-id=\"91a9ea5\" data-element_type=\"container\">\n\t\t\t\t<div class=\"elementor-element elementor-element-63c7c06 elementor-widget elementor-widget-heading\" data-id=\"63c7c06\" data-element_type=\"widget\" data-widget_type=\"heading.default\">\n\t\t\t\t<div class=\"elementor-widget-container\">\n\t\t\t\t\t<h1 class=\"elementor-heading-title elementor-size-default\">Introducci\u00f3n a Mindfulness<\/h1>\t\t\t\t<\/div>\n\t\t\t\t<\/div>\n\t\t\t\t<div class=\"elementor-element elementor-element-9311c34 elementor-widget elementor-widget-heading\" data-id=\"9311c34\" data-element_type=\"widget\" data-widget_type=\"heading.default\">\n\t\t\t\t<div class=\"elementor-widget-container\">\n\t\t\t\t\t<p class=\"elementor-heading-title elementor-size-default\">\u00a1Experimente la relajaci\u00f3n profunda!<\/p>\t\t\t\t<\/div>\n\t\t\t\t<\/div>\n\t\t\t\t<div class=\"elementor-element elementor-element-5582eed elementor-widget__width-initial elementor-widget elementor-widget-text-editor\" data-id=\"5582eed\" data-element_type=\"widget\" data-widget_type=\"text-editor.default\">\n\t\t\t\t<div class=\"elementor-widget-container\">\n\t\t\t\t\t\t\t\t\t<p>\u00bfT\u00fa o tus empleados est\u00e1n experimentando demasiado estr\u00e9s, dificultades para concentrarse, bajo rendimiento o problemas para dormir?<\/p><p>Entonces es hora de actuar: puedes comenzar con este interesante taller de Mindfulness de 1 a 1.5 horas, donde aprender\u00e1n los conceptos b\u00e1sicos de esta sencilla herramienta cient\u00edfica que ayuda a <b>lidiar con el estr\u00e9s<\/b>, <b>agudiza la concentraci\u00f3n<\/b> y <b>hace que sea m\u00e1s f\u00e1cil relajarse<\/b> y <b>sentirse bien de nuevo<\/b>.<\/p>\t\t\t\t\t\t\t\t<\/div>\n\t\t\t\t<\/div>\n\t\t\t\t<\/div>\n\t\t<div class=\"elementor-element elementor-element-80b3a9e e-con-full e-flex e-con e-parent\" data-id=\"80b3a9e\" data-element_type=\"container\">\n\t\t\t\t<div class=\"elementor-element elementor-element-a018646 elementor-widget elementor-widget-image\" data-id=\"a018646\" data-element_type=\"widget\" data-widget_type=\"image.default\">\n\t\t\t\t<div class=\"elementor-widget-container\">\n\t\t\t\t\t\t\t\t\t\t\t\t\t\t\t<img fetchpriority=\"high\" decoding=\"async\" width=\"800\" height=\"533\" src=\"https:\/\/www.innergrowth.eu\/wp-content\/uploads\/empresario-alivia-estres-laboral-meditacion.jpg\" class=\"attachment-large size-large wp-image-1128\" alt=\"\" srcset=\"https:\/\/www.innergrowth.eu\/wp-content\/uploads\/empresario-alivia-estres-laboral-meditacion.jpg 800w, https:\/\/www.innergrowth.eu\/wp-content\/uploads\/empresario-alivia-estres-laboral-meditacion-300x200.jpg 300w, https:\/\/www.innergrowth.eu\/wp-content\/uploads\/empresario-alivia-estres-laboral-meditacion-768x512.jpg 768w\" sizes=\"(max-width: 800px) 100vw, 800px\" \/>\t\t\t\t\t\t\t\t\t\t\t\t\t\t\t<\/div>\n\t\t\t\t<\/div>\n\t\t\t\t<\/div>\n\t\t\t\t\t<\/div>\n\t\t\t\t<\/div>\n\t\t<div class=\"elementor-element elementor-element-2f152c7 e-flex e-con-boxed e-con e-parent\" data-id=\"2f152c7\" data-element_type=\"container\">\n\t\t\t\t\t<div class=\"e-con-inner\">\n\t\t\t\t<div class=\"elementor-element elementor-element-6a1d506 elementor-widget-divider--view-line elementor-widget elementor-widget-divider\" data-id=\"6a1d506\" data-element_type=\"widget\" data-widget_type=\"divider.default\">\n\t\t\t\t<div class=\"elementor-widget-container\">\n\t\t\t\t\t\t\t<div class=\"elementor-divider\">\n\t\t\t<span class=\"elementor-divider-separator\">\n\t\t\t\t\t\t<\/span>\n\t\t<\/div>\n\t\t\t\t\t\t<\/div>\n\t\t\t\t<\/div>\n\t\t\t\t\t<\/div>\n\t\t\t\t<\/div>\n\t\t<div class=\"elementor-element elementor-element-366a041 e-flex e-con-boxed e-con e-parent\" data-id=\"366a041\" data-element_type=\"container\">\n\t\t\t\t\t<div class=\"e-con-inner\">\n\t\t<div class=\"elementor-element elementor-element-ebbff3f e-con-full e-flex e-con e-parent\" data-id=\"ebbff3f\" data-element_type=\"container\">\n\t\t\t\t<div class=\"elementor-element elementor-element-09718b1 elementor-widget elementor-widget-heading\" data-id=\"09718b1\" data-element_type=\"widget\" data-widget_type=\"heading.default\">\n\t\t\t\t<div class=\"elementor-widget-container\">\n\t\t\t\t\t<h2 class=\"elementor-heading-title elementor-size-default\">\u00bfEn qu\u00e9 consiste?<\/h2>\t\t\t\t<\/div>\n\t\t\t\t<\/div>\n\t\t\t\t<\/div>\n\t\t<div class=\"elementor-element elementor-element-534b4d1 e-con-full e-flex e-con e-parent\" data-id=\"534b4d1\" data-element_type=\"container\">\n\t\t\t\t<div class=\"elementor-element elementor-element-fd2ca93 elementor-widget elementor-widget-text-editor\" data-id=\"fd2ca93\" data-element_type=\"widget\" data-widget_type=\"text-editor.default\">\n\t\t\t\t<div class=\"elementor-widget-container\">\n\t\t\t\t\t\t\t\t\t<p>De una manera atractiva e interactiva, aprender\u00e1n:<\/p>\n\t\t\t\t\t\t\t\t<\/div>\n\t\t\t\t<\/div>\n\t\t\t\t<div class=\"elementor-element elementor-element-fb90fb9 elementor-icon-list--layout-traditional elementor-list-item-link-full_width elementor-widget elementor-widget-icon-list\" data-id=\"fb90fb9\" data-element_type=\"widget\" data-widget_type=\"icon-list.default\">\n\t\t\t\t<div class=\"elementor-widget-container\">\n\t\t\t\t\t\t\t<ul class=\"elementor-icon-list-items\">\n\t\t\t\t\t\t\t<li class=\"elementor-icon-list-item\">\n\t\t\t\t\t\t\t\t\t\t\t<span class=\"elementor-icon-list-icon\">\n\t\t\t\t\t\t\t<svg xmlns=\"http:\/\/www.w3.org\/2000\/svg\" id=\"Capa_1\" data-name=\"Capa 1\" viewBox=\"0 0 100 100\"><title>icon-check<\/title><path d=\"M39.84,80.92a5,5,0,0,1-3.54-1.46L10,53.17a5,5,0,0,1,7.07-7.07L39.84,68.85l48.3-48.31a5,5,0,0,1,7.07,7.07L43.37,79.46A5,5,0,0,1,39.84,80.92Z\"><\/path><\/svg>\t\t\t\t\t\t<\/span>\n\t\t\t\t\t\t\t\t\t\t<span class=\"elementor-icon-list-text\">Qu\u00e9 es la atenci\u00f3n plena (mindfulness)<\/span>\n\t\t\t\t\t\t\t\t\t<\/li>\n\t\t\t\t\t\t\t\t<li class=\"elementor-icon-list-item\">\n\t\t\t\t\t\t\t\t\t\t\t<span class=\"elementor-icon-list-icon\">\n\t\t\t\t\t\t\t<svg xmlns=\"http:\/\/www.w3.org\/2000\/svg\" id=\"Capa_1\" data-name=\"Capa 1\" viewBox=\"0 0 100 100\"><title>icon-check<\/title><path d=\"M39.84,80.92a5,5,0,0,1-3.54-1.46L10,53.17a5,5,0,0,1,7.07-7.07L39.84,68.85l48.3-48.31a5,5,0,0,1,7.07,7.07L43.37,79.46A5,5,0,0,1,39.84,80.92Z\"><\/path><\/svg>\t\t\t\t\t\t<\/span>\n\t\t\t\t\t\t\t\t\t\t<span class=\"elementor-icon-list-text\"><b>Los beneficios cient\u00edficos <\/b>de la pr\u00e1ctica regular<\/span>\n\t\t\t\t\t\t\t\t\t<\/li>\n\t\t\t\t\t\t\t\t<li class=\"elementor-icon-list-item\">\n\t\t\t\t\t\t\t\t\t\t\t<span class=\"elementor-icon-list-icon\">\n\t\t\t\t\t\t\t<svg xmlns=\"http:\/\/www.w3.org\/2000\/svg\" id=\"Capa_1\" data-name=\"Capa 1\" viewBox=\"0 0 100 100\"><title>icon-check<\/title><path d=\"M39.84,80.92a5,5,0,0,1-3.54-1.46L10,53.17a5,5,0,0,1,7.07-7.07L39.84,68.85l48.3-48.31a5,5,0,0,1,7.07,7.07L43.37,79.46A5,5,0,0,1,39.84,80.92Z\"><\/path><\/svg>\t\t\t\t\t\t<\/span>\n\t\t\t\t\t\t\t\t\t\t<span class=\"elementor-icon-list-text\"><b>Una sencilla t\u00e9cnica de relajaci\u00f3n<\/b> para afrontar el estr\u00e9s diario<\/span>\n\t\t\t\t\t\t\t\t\t<\/li>\n\t\t\t\t\t\t<\/ul>\n\t\t\t\t\t\t<\/div>\n\t\t\t\t<\/div>\n\t\t\t\t<div class=\"elementor-element elementor-element-676f8f9 elementor-widget elementor-widget-text-editor\" data-id=\"676f8f9\" data-element_type=\"widget\" data-widget_type=\"text-editor.default\">\n\t\t\t\t<div class=\"elementor-widget-container\">\n\t\t\t\t\t\t\t\t\t<p>Tambi\u00e9n obtendr\u00e1n informaci\u00f3n sobre el Programa de Mindfulness de 8 semanas en el que pueden inscribirse para convertirse en practicantes independientes de atenci\u00f3n plena y experimentar los beneficios reales a largo plazo en sus vidas.<\/p>\t\t\t\t\t\t\t\t<\/div>\n\t\t\t\t<\/div>\n\t\t\t\t<\/div>\n\t\t\t\t\t<\/div>\n\t\t\t\t<\/div>\n\t\t<div class=\"elementor-element elementor-element-a2f00c1 e-flex e-con-boxed e-con e-parent\" data-id=\"a2f00c1\" data-element_type=\"container\">\n\t\t\t\t\t<div class=\"e-con-inner\">\n\t\t<div class=\"elementor-element elementor-element-64be941 e-con-full e-flex e-con e-parent\" data-id=\"64be941\" data-element_type=\"container\">\n\t\t\t\t<div class=\"elementor-element elementor-element-dba6f2f elementor-view-default elementor-widget elementor-widget-icon\" data-id=\"dba6f2f\" data-element_type=\"widget\" data-widget_type=\"icon.default\">\n\t\t\t\t<div class=\"elementor-widget-container\">\n\t\t\t\t\t\t\t<div class=\"elementor-icon-wrapper\">\n\t\t\t<div class=\"elementor-icon\">\n\t\t\t<svg xmlns=\"http:\/\/www.w3.org\/2000\/svg\" id=\"Capa_1\" data-name=\"Capa 1\" viewBox=\"0 0 100 100\"><title>icon-group<\/title><path d=\"M33.23,49.49H66.77a2,2,0,0,0,2-2A16.73,16.73,0,0,0,57.53,31.71a10.77,10.77,0,0,0,3.24-7.28L61,20.29A10.78,10.78,0,0,0,50.17,9.06h-.34A10.78,10.78,0,0,0,39.05,20.29l.18,4.14a10.77,10.77,0,0,0,3.24,7.28A16.73,16.73,0,0,0,31.23,47.49,2,2,0,0,0,33.23,49.49Zm11.7-34.34a6.71,6.71,0,0,1,4.9-2.09h.34A6.78,6.78,0,0,1,57,20.13l-.17,4.14a6.79,6.79,0,0,1-13.56,0l-.17-4.14A6.71,6.71,0,0,1,44.93,15.15Zm3,19.61h4.1A12.76,12.76,0,0,1,64.62,45.49H35.38A12.76,12.76,0,0,1,48,34.76Z\"><\/path><path d=\"M32.06,73.16a10.75,10.75,0,0,0,3.24-7.27l.18-4.14A10.78,10.78,0,0,0,24.71,50.51h-.35A10.78,10.78,0,0,0,13.58,61.75l.18,4.14A10.75,10.75,0,0,0,17,73.16,16.74,16.74,0,0,0,5.76,88.94a2,2,0,0,0,2,2H41.3a2,2,0,0,0,2-2A16.73,16.73,0,0,0,32.06,73.16ZM19.46,56.6a6.71,6.71,0,0,1,4.9-2.09h.35a6.78,6.78,0,0,1,6.77,7.07l-.17,4.14a6.79,6.79,0,0,1-13.56,0l-.17-4.14A6.74,6.74,0,0,1,19.46,56.6ZM9.92,86.94A12.74,12.74,0,0,1,22.48,76.22h4.1A12.74,12.74,0,0,1,39.15,86.94Z\"><\/path><path d=\"M83,73.16a10.75,10.75,0,0,0,3.24-7.27l.18-4.14A10.78,10.78,0,0,0,75.64,50.51h-.35A10.78,10.78,0,0,0,64.52,61.75l.18,4.14a10.75,10.75,0,0,0,3.24,7.27A16.73,16.73,0,0,0,56.7,88.94a2,2,0,0,0,2,2H92.24a2,2,0,0,0,2-2A16.74,16.74,0,0,0,83,73.16ZM70.4,56.6a6.71,6.71,0,0,1,4.89-2.09h.35a6.78,6.78,0,0,1,6.78,7.07l-.17,4.14a6.79,6.79,0,0,1-13.56,0l-.17-4.14A6.74,6.74,0,0,1,70.4,56.6ZM60.85,86.94A12.74,12.74,0,0,1,73.42,76.22h4.1A12.74,12.74,0,0,1,90.08,86.94Z\"><\/path><\/svg>\t\t\t<\/div>\n\t\t<\/div>\n\t\t\t\t\t\t<\/div>\n\t\t\t\t<\/div>\n\t\t\t\t<div class=\"elementor-element elementor-element-10aeb6f elementor-widget elementor-widget-heading\" data-id=\"10aeb6f\" data-element_type=\"widget\" data-widget_type=\"heading.default\">\n\t\t\t\t<div class=\"elementor-widget-container\">\n\t\t\t\t\t<h3 class=\"elementor-heading-title elementor-size-default\">\u00bfPara quien? <\/h3>\t\t\t\t<\/div>\n\t\t\t\t<\/div>\n\t\t\t\t<div class=\"elementor-element elementor-element-922bb0a elementor-widget elementor-widget-text-editor\" data-id=\"922bb0a\" data-element_type=\"widget\" data-widget_type=\"text-editor.default\">\n\t\t\t\t<div class=\"elementor-widget-container\">\n\t\t\t\t\t\t\t\t\t<p>Particulares y empleados.<br \/> No se requieren conocimientos previos.<\/p>\n\t\t\t\t\t\t\t\t<\/div>\n\t\t\t\t<\/div>\n\t\t\t\t<\/div>\n\t\t<div class=\"elementor-element elementor-element-d176153 e-con-full e-flex e-con e-parent\" data-id=\"d176153\" data-element_type=\"container\">\n\t\t\t\t<div class=\"elementor-element elementor-element-34b9082 elementor-view-default elementor-widget elementor-widget-icon\" data-id=\"34b9082\" data-element_type=\"widget\" data-widget_type=\"icon.default\">\n\t\t\t\t<div class=\"elementor-widget-container\">\n\t\t\t\t\t\t\t<div class=\"elementor-icon-wrapper\">\n\t\t\t<div class=\"elementor-icon\">\n\t\t\t<svg xmlns=\"http:\/\/www.w3.org\/2000\/svg\" id=\"Capa_1\" data-name=\"Capa 1\" viewBox=\"0 0 100 100\"><title>icon-calendar<\/title><path d=\"M77.32,92H22.68A14.68,14.68,0,0,1,8,77.29v-49A14.68,14.68,0,0,1,22.68,13.6H77.32A14.68,14.68,0,0,1,92,28.27v49A14.68,14.68,0,0,1,77.32,92ZM22.68,18.43a9.85,9.85,0,0,0-9.84,9.84v49a9.85,9.85,0,0,0,9.84,9.85H77.32a9.85,9.85,0,0,0,9.84-9.85v-49a9.85,9.85,0,0,0-9.84-9.84Z\"><\/path><path d=\"M28.08,29.71a2.4,2.4,0,0,1-2.41-2.41V10.45a2.41,2.41,0,0,1,4.82,0V27.3A2.4,2.4,0,0,1,28.08,29.71Z\"><\/path><path d=\"M50,29.71a2.4,2.4,0,0,1-2.41-2.41V10.45a2.41,2.41,0,1,1,4.82,0V27.3A2.4,2.4,0,0,1,50,29.71Z\"><\/path><path d=\"M71.92,29.71a2.4,2.4,0,0,1-2.41-2.41V10.45a2.41,2.41,0,0,1,4.82,0V27.3A2.4,2.4,0,0,1,71.92,29.71Z\"><\/path><\/svg>\t\t\t<\/div>\n\t\t<\/div>\n\t\t\t\t\t\t<\/div>\n\t\t\t\t<\/div>\n\t\t\t\t<div class=\"elementor-element elementor-element-0ee5cdd elementor-widget elementor-widget-heading\" data-id=\"0ee5cdd\" data-element_type=\"widget\" data-widget_type=\"heading.default\">\n\t\t\t\t<div class=\"elementor-widget-container\">\n\t\t\t\t\t<h3 class=\"elementor-heading-title elementor-size-default\">Fecha y hora<\/h3>\t\t\t\t<\/div>\n\t\t\t\t<\/div>\n\t\t\t\t<div class=\"elementor-element elementor-element-1294665 elementor-widget elementor-widget-text-editor\" data-id=\"1294665\" data-element_type=\"widget\" data-widget_type=\"text-editor.default\">\n\t\t\t\t<div class=\"elementor-widget-container\">\n\t\t\t\t\t\t\t\t\t<p>Cont\u00e1ctanos para acordar la fecha<\/p>\t\t\t\t\t\t\t\t<\/div>\n\t\t\t\t<\/div>\n\t\t\t\t<\/div>\n\t\t<div class=\"elementor-element elementor-element-7174bdc e-con-full e-flex e-con e-parent\" data-id=\"7174bdc\" data-element_type=\"container\">\n\t\t\t\t<div class=\"elementor-element elementor-element-ac657ab elementor-view-default elementor-widget elementor-widget-icon\" data-id=\"ac657ab\" data-element_type=\"widget\" data-widget_type=\"icon.default\">\n\t\t\t\t<div class=\"elementor-widget-container\">\n\t\t\t\t\t\t\t<div class=\"elementor-icon-wrapper\">\n\t\t\t<div class=\"elementor-icon\">\n\t\t\t<svg xmlns=\"http:\/\/www.w3.org\/2000\/svg\" id=\"Capa_1\" data-name=\"Capa 1\" viewBox=\"0 0 100 100\"><title>icon-map<\/title><path d=\"M50,92.94h0a5.84,5.84,0,0,1-4.8-2.51c-4.14-6-7.63-11-10.7-15.35C20.6,55.27,17.29,50.57,17.29,39.76a32.71,32.71,0,0,1,65.42,0c0,10.81-3.31,15.51-17.21,35.32-3.07,4.38-6.56,9.34-10.7,15.35A5.84,5.84,0,0,1,50,92.94Zm0-81.88a28.73,28.73,0,0,0-28.71,28.7c0,9.55,2.84,13.59,16.48,33,3.08,4.39,6.57,9.36,10.72,15.38a1.84,1.84,0,0,0,1.51.78h0a1.82,1.82,0,0,0,1.51-.79c4.15-6,7.64-11,10.72-15.37,13.64-19.43,16.48-23.47,16.48-33A28.73,28.73,0,0,0,50,11.06Zm0,44.32A16.63,16.63,0,1,1,66.63,38.75,16.65,16.65,0,0,1,50,55.38Zm0-29.26A12.63,12.63,0,1,0,62.63,38.75,12.64,12.64,0,0,0,50,26.12Z\"><\/path><\/svg>\t\t\t<\/div>\n\t\t<\/div>\n\t\t\t\t\t\t<\/div>\n\t\t\t\t<\/div>\n\t\t\t\t<div class=\"elementor-element elementor-element-cd06dc2 elementor-widget elementor-widget-heading\" data-id=\"cd06dc2\" data-element_type=\"widget\" data-widget_type=\"heading.default\">\n\t\t\t\t<div class=\"elementor-widget-container\">\n\t\t\t\t\t<h3 class=\"elementor-heading-title elementor-size-default\">Lugar<\/h3>\t\t\t\t<\/div>\n\t\t\t\t<\/div>\n\t\t\t\t<div class=\"elementor-element elementor-element-31589aa elementor-widget elementor-widget-text-editor\" data-id=\"31589aa\" data-element_type=\"widget\" data-widget_type=\"text-editor.default\">\n\t\t\t\t<div class=\"elementor-widget-container\">\n\t\t\t\t\t\t\t\t\t<p>Tu oficina, provincia de M\u00e1laga<\/p>\t\t\t\t\t\t\t\t<\/div>\n\t\t\t\t<\/div>\n\t\t\t\t<\/div>\n\t\t\t\t\t<\/div>\n\t\t\t\t<\/div>\n\t\t<div class=\"elementor-element elementor-element-85212f3 e-flex e-con-boxed e-con e-parent\" data-id=\"85212f3\" data-element_type=\"container\" data-settings=\"{&quot;background_background&quot;:&quot;classic&quot;}\">\n\t\t\t\t\t<div class=\"e-con-inner\">\n\t\t<div class=\"elementor-element elementor-element-891cbf8 e-con-full e-flex e-con e-parent\" data-id=\"891cbf8\" data-element_type=\"container\">\n\t\t\t\t<div class=\"elementor-element elementor-element-8978c30 elementor-widget elementor-widget-image\" data-id=\"8978c30\" data-element_type=\"widget\" data-widget_type=\"image.default\">\n\t\t\t\t<div class=\"elementor-widget-container\">\n\t\t\t\t\t\t\t\t\t\t\t\t\t\t\t<img decoding=\"async\" width=\"477\" height=\"600\" src=\"https:\/\/www.innergrowth.eu\/wp-content\/uploads\/Ela-Kolodziej-innergrowth.jpg\" class=\"attachment-large size-large wp-image-466\" alt=\"\" srcset=\"https:\/\/www.innergrowth.eu\/wp-content\/uploads\/Ela-Kolodziej-innergrowth.jpg 477w, https:\/\/www.innergrowth.eu\/wp-content\/uploads\/Ela-Kolodziej-innergrowth-239x300.jpg 239w\" sizes=\"(max-width: 477px) 100vw, 477px\" \/>\t\t\t\t\t\t\t\t\t\t\t\t\t\t\t<\/div>\n\t\t\t\t<\/div>\n\t\t\t\t<\/div>\n\t\t<div class=\"elementor-element elementor-element-59409ab e-con-full e-flex e-con e-parent\" data-id=\"59409ab\" data-element_type=\"container\">\n\t\t\t\t<div class=\"elementor-element elementor-element-26fbbde elementor-widget elementor-widget-heading\" data-id=\"26fbbde\" data-element_type=\"widget\" data-widget_type=\"heading.default\">\n\t\t\t\t<div class=\"elementor-widget-container\">\n\t\t\t\t\t<h2 class=\"elementor-heading-title elementor-size-default\">Sobre la profesora<\/h2>\t\t\t\t<\/div>\n\t\t\t\t<\/div>\n\t\t\t\t<div class=\"elementor-element elementor-element-a3cba7b elementor-widget elementor-widget-text-editor\" data-id=\"a3cba7b\" data-element_type=\"widget\" data-widget_type=\"text-editor.default\">\n\t\t\t\t<div class=\"elementor-widget-container\">\n\t\t\t\t\t\t\t\t\t<p><strong>Ela Kolodziej<\/strong>, Instructora titulada de Mindfulness certificada en Zen Coaching y Rebirthing, es una apasionada por el potencial humano.<\/p><p>Despu\u00e9s de a\u00f1os de carrera internacional en negocios, se interes\u00f3 en el \u00e1rea del desarrollo personal profundo y la salud hol\u00edstica.<\/p><p>Desde 2012, ha realizado varios cursos de meditaci\u00f3n, masajes y formaciones de coaching en Suecia, India y Espa\u00f1a, y est\u00e1 comprometida con la pr\u00e1ctica diaria.<\/p><p>Fund\u00f3 Inner Growth en Malm\u00f6, Suecia, en 2013 y dirige talleres grupales y tratamientos individuales, <strong>llevando los beneficios del bienestar hol\u00edstico y mindfulness a las empresas y a los particulares <\/strong>\u2013 para una vida m\u00e1s equilibrada y plena.<\/p><p>A partir de 2021, despu\u00e9s de mudarse al destino de sus sue\u00f1os: M\u00e1laga en Espa\u00f1a, ofrece sus servicios en esta regi\u00f3n y online.<\/p>\t\t\t\t\t\t\t\t<\/div>\n\t\t\t\t<\/div>\n\t\t\t\t<\/div>\n\t\t<div class=\"elementor-element elementor-element-8d75661 e-con-full e-flex e-con e-parent\" data-id=\"8d75661\" data-element_type=\"container\">\n\t\t\t\t<div class=\"elementor-element elementor-element-4d290ec elementor-widget__width-inherit elementor-widget elementor-widget-text-editor\" data-id=\"4d290ec\" data-element_type=\"widget\" data-widget_type=\"text-editor.default\">\n\t\t\t\t<div class=\"elementor-widget-container\">\n\t\t\t\t\t\t\t\t\t<p>Mientras trabaja con clientes, tiene a su disposici\u00f3n un amplio espectro de herramientas que ha aprendido durante los a\u00f1os de <strong>cursos de desarrollo personal y capacitaciones terap\u00e9uticas<\/strong> que ha realizado y practicado en su profundo viaje interior, as\u00ed como con sus clientes, entre otros:<\/p>\t\t\t\t\t\t\t\t<\/div>\n\t\t\t\t<\/div>\n\t\t\t\t<div class=\"elementor-element elementor-element-f6ca04f elementor-widget__width-inherit elementor-widget elementor-widget-text-editor\" data-id=\"f6ca04f\" data-element_type=\"widget\" data-widget_type=\"text-editor.default\">\n\t\t\t\t<div class=\"elementor-widget-container\">\n\t\t\t\t\t\t\t\t\t<div class=\"elementor-element elementor-element-642e95b elementor-align-left elementor-icon-list--layout-traditional elementor-list-item-link-full_width elementor-widget elementor-widget-icon-list\" data-id=\"642e95b\" data-element_type=\"widget\" data-widget_type=\"icon-list.default\"><div class=\"elementor-widget-container\"><ul><li>Formaci\u00f3n de\u00a0<strong>Instructora de Mindfulness<\/strong>; en 2014, Suecia<\/li><li>T\u00e9cnica de\u00a0<strong>Meditaci\u00f3n del Arte de Vivir<\/strong>; en 2012, India<\/li><li>Retiro de meditaci\u00f3n<strong>\u00a0Vipassana<\/strong>\u00a0de 10 d\u00edas en silencio, en 2014, Suecia<\/li><li>Formaci\u00f3n en\u00a0<strong>Rebirthing y Breathwork<\/strong>\u00a0(1 a\u00f1o) y\u00a0<strong>Asistencia<\/strong>\u00a0(+1 a\u00f1o); en 2021-23, Espa\u00f1a<\/li><li>Formaci\u00f3n en\u00a0<strong>Zen Coaching<\/strong>\u00a0(1 a\u00f1o), y Formaci\u00f3n del\u00a0<strong>Profesorado<\/strong>\u00a0(+1 a\u00f1o); en 2012-14, Suecia<\/li><li>Diversos\u00a0<strong>cursos de Masaje<\/strong>; a partir de 2021, en Espa\u00f1a<\/li><li><b>Reiki <\/b>&#8211; nivel 1 en 2023, Espa\u00f1a; y nivel 2 en 2024, Espa\u00f1a<\/li><li>Diversas formaciones dentro de la t\u00e9cnica del\u00a0<strong>Nuevo Sistema Craneal<\/strong>, aprendiendo a tratar adicciones, dolores y tensiones corporales y malestar emocional, apoyando al individuo a regresar a nuestro estado natural de bienestar; en 2023, Espa\u00f1a<\/li><\/ul><\/div><\/div>\t\t\t\t\t\t\t\t<\/div>\n\t\t\t\t<\/div>\n\t\t\t\t<div class=\"elementor-element elementor-element-1781480 elementor-widget__width-inherit elementor-widget elementor-widget-text-editor\" data-id=\"1781480\" data-element_type=\"widget\" data-widget_type=\"text-editor.default\">\n\t\t\t\t<div class=\"elementor-widget-container\">\n\t\t\t\t\t\t\t\t\t<p><b>\u00a1Bienvenido a tu enriquecedor viaje interior juntos!<\/b><\/p>\t\t\t\t\t\t\t\t<\/div>\n\t\t\t\t<\/div>\n\t\t\t\t<\/div>\n\t\t\t\t\t<\/div>\n\t\t\t\t<\/div>\n\t\t\t\t<\/div>\n\t\t","protected":false},"excerpt":{"rendered":"<p>Introducci\u00f3n a Mindfulness \u00a1Experimente la relajaci\u00f3n profunda! \u00bfT\u00fa o tus empleados est\u00e1n experimentando demasiado estr\u00e9s, dificultades para concentrarse, bajo rendimiento o problemas para dormir? Entonces es hora de actuar: puedes comenzar con este interesante taller de Mindfulness de 1 a 1.5 horas, donde aprender\u00e1n los conceptos b\u00e1sicos de esta sencilla herramienta cient\u00edfica que ayuda a&hellip;<\/p>\n","protected":false},"author":2,"featured_media":0,"parent":0,"menu_order":0,"comment_status":"closed","ping_status":"closed","template":"elementor_header_footer","meta":{"_acf_changed":false,"_seopress_robots_primary_cat":"","_seopress_titles_title":"","_seopress_titles_desc":"","_seopress_robots_index":"","footnotes":""},"class_list":["post-1628","page","type-page","status-publish"],"acf":[],"_links":{"self":[{"href":"https:\/\/www.innergrowth.eu\/es\/wp-json\/wp\/v2\/pages\/1628","targetHints":{"allow":["GET"]}}],"collection":[{"href":"https:\/\/www.innergrowth.eu\/es\/wp-json\/wp\/v2\/pages"}],"about":[{"href":"https:\/\/www.innergrowth.eu\/es\/wp-json\/wp\/v2\/types\/page"}],"author":[{"embeddable":true,"href":"https:\/\/www.innergrowth.eu\/es\/wp-json\/wp\/v2\/users\/2"}],"replies":[{"embeddable":true,"href":"https:\/\/www.innergrowth.eu\/es\/wp-json\/wp\/v2\/comments?post=1628"}],"version-history":[{"count":35,"href":"https:\/\/www.innergrowth.eu\/es\/wp-json\/wp\/v2\/pages\/1628\/revisions"}],"predecessor-version":[{"id":5772,"href":"https:\/\/www.innergrowth.eu\/es\/wp-json\/wp\/v2\/pages\/1628\/revisions\/5772"}],"wp:attachment":[{"href":"https:\/\/www.innergrowth.eu\/es\/wp-json\/wp\/v2\/media?parent=1628"}],"curies":[{"name":"wp","href":"https:\/\/api.w.org\/{rel}","templated":true}]}}