{"id":1634,"date":"2023-08-07T12:15:48","date_gmt":"2023-08-07T12:15:48","guid":{"rendered":"https:\/\/innergrowth.es\/aviso-legal\/"},"modified":"2023-08-07T12:15:48","modified_gmt":"2023-08-07T12:15:48","slug":"aviso-legal","status":"publish","type":"page","link":"https:\/\/www.innergrowth.eu\/es\/aviso-legal\/","title":{"rendered":"Aviso Legal"},"content":{"rendered":"<h2>Propiedad intelectual e industrial<\/h2>\n<p>El dise\u00f1o del portal y sus c\u00f3digos fuente, as\u00ed como los logotipos, marcas y dem\u00e1s signos distintivos que aparecen en el mismo pertenecen a Elzbieta Kolodziej y est\u00e1n protegidos por los correspondientes derechos de propiedad intelectual e industrial.<\/p>\n<h2>Responsabilidad por los contenidos<\/h2>\n<p>Elzbieta Kolodziej no se hace responsable de la legalidad de otros sitios web de terceros desde los que se puede acceder al portal. Tampoco se hace responsable de la legalidad de otros sitios web de terceros, a los que puedan estar enlazados o enlazadas desde este portal.<\/p>\n<p>Elzbieta Kolodziej no ser\u00e1 responsable del uso que terceros hagan de la informaci\u00f3n publicada en el portal, ni de los da\u00f1os sufridos o p\u00e9rdidas econ\u00f3micas que, directa o indirectamente, produzcan o puedan causar da\u00f1os econ\u00f3micos, materiales o en los datos, causados por el uso. de dicha informaci\u00f3n.<\/p>\n<h2>Reproducci\u00f3n de contenido<\/h2>\n<p>En virtud de lo dispuesto en la Ley de Propiedad Intelectual, quedan expresamente prohibidas la reproducci\u00f3n, distribuci\u00f3n y comunicaci\u00f3n p\u00fablica, de la totalidad o parte de los contenidos de esta p\u00e1gina web, con fines comerciales en cualquier soporte, y por cualquier medio t\u00e9cnico, sin autorizaci\u00f3n de Elzbieta. Kolodziej.<\/p>\n<h2>Ley aplicable<\/h2>\n<p>Elzbieta Kolodziej se reserva el derecho de presentar las acciones civiles o penales que considere necesarias por la utilizaci\u00f3n indebida del sitio web y de sus contenidos, o por el incumplimiento de las presentes condiciones.<\/p>\n<p>La relaci\u00f3n entre el usuario y Elzbieta Kolodziej se regir\u00e1 por la normativa vigente y aplicable en el territorio nacional. De surgir cualquier controversia en relaci\u00f3n con la interpretaci\u00f3n y\/o aplicaci\u00f3n de las presentes condiciones, las partes someter\u00e1n los conflictos a la jurisdicci\u00f3n ordinaria, someti\u00e9ndose a los Jueces y Tribunales que correspondan conforme a Derecho.<\/p>\n<p>Asimismo, le informamos que dispone de un procedimiento extrajudicial gratuito de resoluci\u00f3n de litigios accesible a todos los ciudadanos, se trata de la plataforma de resoluci\u00f3n de litigios online de la Uni\u00f3n Europea, accesible a trav\u00e9s del siguiente enlace<\/p>\n<p><a href=\"https:\/\/ec.europa.eu\/consumers\/odr\/main\/?event=main.home2.show\">https:\/\/ec.europa.eu\/consumers\/odr\/main\/?event=main.home2.show<\/a><\/p>\n<h2>Cookies<\/h2>\n<p>En el caso de utilizar la tecnolog\u00eda \u201ccookie\u201d en la web, existe un apartado espec\u00edfico que le informa sobre su existencia, as\u00ed como su pol\u00edtica de uso. Consulte el apartado \u00abpol\u00edtica de cookies\u00bb. En caso contrario, no se utilizan cookies de navegaci\u00f3n.<\/p>\n<p>Datos personales de menores<\/p>\n<p>Este sitio web no est\u00e1 dirigido a usuarios menores de edad. Si es menor de edad, no intente registrarse como usuario. Si descubrimos que hemos obtenido inadvertidamente informaci\u00f3n personal de un menor, eliminaremos dicha informaci\u00f3n lo antes posible.<\/p>\n<p>Ejercicio de los derechos de protecci\u00f3n de datos<\/p>\n<p>Para ejercer sus derechos deber\u00e1 identificarse presentando su DNI. Para cualquier reclamaci\u00f3n puede dirigirse al mismo correo electr\u00f3nico indicado. Tambi\u00e9n puede contactar con la Agencia Espa\u00f1ola de Protecci\u00f3n de Datos: www.aepd.es<\/p>\n","protected":false},"excerpt":{"rendered":"<p>Propiedad intelectual e industrial El dise\u00f1o del portal y sus c\u00f3digos fuente, as\u00ed como los logotipos, marcas y dem\u00e1s signos distintivos que aparecen en el mismo pertenecen a Elzbieta Kolodziej y est\u00e1n protegidos por los correspondientes derechos de propiedad intelectual e industrial. Responsabilidad por los contenidos Elzbieta Kolodziej no se hace responsable de la legalidad&hellip;<\/p>\n","protected":false},"author":2,"featured_media":0,"parent":0,"menu_order":0,"comment_status":"closed","ping_status":"closed","template":"","meta":{"_acf_changed":false,"_seopress_robots_primary_cat":"","_seopress_titles_title":"","_seopress_titles_desc":"","_seopress_robots_index":"","footnotes":""},"class_list":{"0":"post-1634","1":"page","2":"type-page","3":"status-publish","5":"description-off"},"acf":[],"_links":{"self":[{"href":"https:\/\/www.innergrowth.eu\/es\/wp-json\/wp\/v2\/pages\/1634","targetHints":{"allow":["GET"]}}],"collection":[{"href":"https:\/\/www.innergrowth.eu\/es\/wp-json\/wp\/v2\/pages"}],"about":[{"href":"https:\/\/www.innergrowth.eu\/es\/wp-json\/wp\/v2\/types\/page"}],"author":[{"embeddable":true,"href":"https:\/\/www.innergrowth.eu\/es\/wp-json\/wp\/v2\/users\/2"}],"replies":[{"embeddable":true,"href":"https:\/\/www.innergrowth.eu\/es\/wp-json\/wp\/v2\/comments?post=1634"}],"version-history":[{"count":0,"href":"https:\/\/www.innergrowth.eu\/es\/wp-json\/wp\/v2\/pages\/1634\/revisions"}],"wp:attachment":[{"href":"https:\/\/www.innergrowth.eu\/es\/wp-json\/wp\/v2\/media?parent=1634"}],"curies":[{"name":"wp","href":"https:\/\/api.w.org\/{rel}","templated":true}]}}