{"id":1645,"date":"2023-08-07T12:32:11","date_gmt":"2023-08-07T12:32:11","guid":{"rendered":"https:\/\/innergrowth.es\/politica-de-cookies\/"},"modified":"2023-08-07T12:32:11","modified_gmt":"2023-08-07T12:32:11","slug":"politica-de-cookies","status":"publish","type":"page","link":"https:\/\/www.innergrowth.eu\/es\/politica-de-cookies\/","title":{"rendered":"Politica de Cookies"},"content":{"rendered":"<h2>\u00bfQu\u00e9 son las galletas cookies?<\/h2>\n<p>En ingl\u00e9s, el t\u00e9rmino \u201ccookie\u201d significa galleta, pero en el \u00e1mbito de la navegaci\u00f3n web, una \u201ccookie\u201d es algo completamente distinto.<\/p>\n<p>Cuando accede a nuestro sitio web, una peque\u00f1a cantidad de texto llamada \u00abcookie\u00bb se almacena en el navegador de su dispositivo. Este texto contiene diversa informaci\u00f3n sobre su navegaci\u00f3n, h\u00e1bitos, preferencias, personalizaciones de contenidos, etc&#8230;<\/p>\n<p>Existen otras tecnolog\u00edas que funcionan de manera similar y tambi\u00e9n se utilizan para recopilar datos sobre su actividad de navegaci\u00f3n. Llamaremos colectivamente a todas estas tecnolog\u00edas \u00abcookies\u00bb.<\/p>\n<p>Los usos espec\u00edficos que hacemos de estas tecnolog\u00edas se describen en este documento.<\/p>\n<h2>\u00bfPara qu\u00e9 se utilizan las cookies en este sitio web?<\/h2>\n<p>Las cookies son una parte esencial del funcionamiento de nuestro sitio web. El principal objetivo de nuestras cookies es mejorar su experiencia de navegaci\u00f3n. Por ejemplo, para recordar sus preferencias (idioma, pa\u00eds, etc.) durante la navegaci\u00f3n y en futuras visitas. La informaci\u00f3n recogida en las cookies tambi\u00e9n nos permite mejorar el sitio web, adaptarlo a tus intereses como usuario, agilizar las b\u00fasquedas que realizas, etc\u2026<\/p>\n<p>En determinados casos, si hemos obtenido su consentimiento informado previo, podremos utilizar cookies para otros usos, como por ejemplo obtener informaci\u00f3n que nos permita mostrarle publicidad basada en el an\u00e1lisis de sus h\u00e1bitos de navegaci\u00f3n.<\/p>\n<p>\u00bfPara qu\u00e9 NO se utilizan cookies en este sitio web?<br \/>\nLas cookies que utilizamos no almacenan informaci\u00f3n sensible de identificaci\u00f3n personal como su nombre, direcci\u00f3n, contrase\u00f1a, etc&#8230;<\/p>\n<h2>\u00bfQui\u00e9n utiliza la informaci\u00f3n almacenada en las cookies?<\/h2>\n<p>La informaci\u00f3n almacenada en las cookies de nuestro sitio web es utilizada exclusivamente por nosotros, a excepci\u00f3n de las identificadas a continuaci\u00f3n como &#8216;cookies de terceros&#8217;, que son utilizadas y gestionadas por entidades externas que nos proporcionan servicios que mejoran la experiencia del usuario. Por ejemplo, las estad\u00edsticas que se recogen sobre el n\u00famero de visitas, el contenido que m\u00e1s gusta, etc\u2026 suele estar gestionado por GOOGLE ANALYTICS.<\/p>\n<p>Tambi\u00e9n se suelen utilizar cookies de terceros para garantizar las transacciones de pago realizadas a trav\u00e9s de la web.<\/p>\n<h2>\u00bfC\u00f3mo puedo evitar el uso de cookies en este sitio web?<\/h2>\n<p>Si prefieres evitar el uso de cookies, puedes RECHAZAR su uso o puedes CONFIGURAR las que quieres evitar y las que permites usar (en este documento te damos informaci\u00f3n ampliada sobre cada tipo de cookie, su finalidad, destinatario, temporalidad, etc.).<\/p>\n<p>Si las has aceptado no te lo volveremos a preguntar salvo que elimines las cookies de tu dispositivo como se indica en el siguiente apartado. Si desea revocar el consentimiento tendr\u00e1 que eliminar las cookies y configurarlas nuevamente.<\/p>\n<h2>\u00bfC\u00f3mo desactivo y elimino el uso de cookies?<\/h2>\n<p>Para restringir, bloquear o eliminar las cookies de este sitio web (y las utilizadas por terceros) puedes hacerlo, en cualquier momento, modificando la configuraci\u00f3n de tu navegador. Tenga en cuenta que esta configuraci\u00f3n es diferente en cada navegador, aunque es habitual encontrar la configuraci\u00f3n de cookies en el men\u00fa \u201cOpciones\u201d de &#8216;Preferencias&#8217; &#8216;Herramientas&#8217; y luego en \u201cPrivacidad y Seguridad\u201d o en \u201cborrar datos de navegaci\u00f3n\u201d, etc. .\u2026<\/p>\n<p>Para m\u00e1s detalles sobre la configuraci\u00f3n de las cookies en cada navegador, puede consultar el men\u00fa &#8216;Ayuda&#8217; del mismo.<\/p>\n<h2>\u00bfQu\u00e9 tipos de cookies se utilizan en este sitio web?<\/h2>\n<p>Cada p\u00e1gina web utiliza sus propias cookies. En nuestro sitio web utilizamos lo siguiente:<\/p>\n<h3>SEG\u00daN LA ENTIDAD QUE LO GESTIONA<\/h3>\n<p>Cookies propias: son aquellas que se env\u00edan al equipo terminal del usuario desde un equipo o dominio gestionado por el propio editor y desde el que se presta el servicio solicitado por el usuario.<br \/>\nCookies de terceros: son aquellas que se env\u00edan al equipo terminal del usuario desde un equipo o dominio no gestionado por el editor, sino por otra entidad que trata los datos obtenidos a trav\u00e9s de las cookies.<\/p>\n<p>En el caso de que las cookies sean servidas desde un equipo o dominio gestionado por el propio editor, pero la informaci\u00f3n recogida a trav\u00e9s de ellas sea gestionada por un tercero, no podr\u00e1n considerarse cookies propias si el tercero las utiliza para sus propios fines. (por ejemplo, la mejora de los servicios que presta o la prestaci\u00f3n de servicios de publicidad a favor de otras entidades).<\/p>\n<h3>SEG\u00daN SU FINALIDAD<\/h3>\n<p>Cookies t\u00e9cnicas: son aquellas necesarias para la navegaci\u00f3n y el correcto funcionamiento de nuestra p\u00e1gina web, como controlar el tr\u00e1fico y la comunicaci\u00f3n de datos, identificar la sesi\u00f3n, acceder a partes de acceso restringido, recordar los elementos que integran un pedido, realizar el proceso de compra de un ordenar, gestionar el pago, controlar el fraude vinculado a la seguridad del servicio, realizar la solicitud de registro o participaci\u00f3n en un evento, contabilizar las visitas a efectos de facturaci\u00f3n de las licencias de software con las que se presta el servicio (sitio web, plataforma o aplicaci\u00f3n), utilizar funciones de seguridad durante la navegaci\u00f3n, almacenar contenidos para difusi\u00f3n de v\u00eddeo o sonido, habilitar contenidos din\u00e1micos (por ejemplo, cargar animaciones de un texto o imagen) o compartir contenidos a trav\u00e9s de redes sociales.<\/p>\n<p>Cookies de an\u00e1lisis: permiten cuantificar el n\u00famero de usuarios y as\u00ed realizar la medici\u00f3n y an\u00e1lisis estad\u00edstico de la utilizaci\u00f3n que hacen los usuarios del servicio ofertado. Para ello se analiza su navegaci\u00f3n en nuestra p\u00e1gina web con el fin de mejorar la oferta de productos o servicios que le ofrecemos.<\/p>\n<p>Cookies de preferencias o personalizaci\u00f3n: son aquellas que permiten recordar informaci\u00f3n para que el usuario acceda al servicio con determinadas caracter\u00edsticas que pueden diferenciar su experiencia de la de otros usuarios, como, por ejemplo, el idioma, el n\u00famero de resultados a mostrar cuando el usuario realiza una b\u00fasqueda, la apariencia o contenido del servicio en funci\u00f3n del tipo de navegador a trav\u00e9s del cual el usuario accede al servicio o de la regi\u00f3n desde la que accede al servicio, etc.<br \/>\nPublicidad comportamental: son aquellas que, tratadas por nosotros o por terceros, nos permiten analizar sus h\u00e1bitos de navegaci\u00f3n en Internet para que podamos mostrarle publicidad relacionada con su perfil de navegaci\u00f3n.<\/p>\n<h3>SEG\u00daN EL PERIODO DE TIEMPO QUE PERMANECEN ACTIVADOS<\/h3>\n<p>Cookies de sesi\u00f3n: son aquellas dise\u00f1adas para recabar y almacenar datos mientras el usuario accede a una p\u00e1gina web. Se suelen utilizar para almacenar informaci\u00f3n que \u00fanicamente interesa conservar para la prestaci\u00f3n del servicio solicitado por el usuario en una \u00fanica ocasi\u00f3n (por ejemplo, un listado de productos adquiridos) y desaparecen al finalizar la sesi\u00f3n.<\/p>\n<p>Cookies persistentes: son aquellas en las que los datos siguen almacenados en el terminal y pueden ser accedidos y tratados durante un periodo definido por el responsable de la cookie, que puede ir desde unos minutos hasta varios a\u00f1os. En este sentido, se debe valorar espec\u00edficamente si es necesario el uso de cookies persistentes, ya que los riesgos para la privacidad podr\u00edan reducirse mediante el uso de cookies de sesi\u00f3n. En todo caso, cuando se instalen cookies persistentes, se recomienda reducir su duraci\u00f3n temporal al m\u00ednimo necesario, habida cuenta de la finalidad de su uso. A estos efectos, el Dictamen 4\/2012 del GT29 indic\u00f3 que para que una cookie est\u00e9 exenta del deber de consentimiento informado, su caducidad debe estar relacionada con su finalidad. Debido a esto, es mucho m\u00e1s probable que las cookies de sesi\u00f3n se consideren exceptuadas que las persistentes.<\/p>\n","protected":false},"excerpt":{"rendered":"<p>\u00bfQu\u00e9 son las galletas cookies? En ingl\u00e9s, el t\u00e9rmino \u201ccookie\u201d significa galleta, pero en el \u00e1mbito de la navegaci\u00f3n web, una \u201ccookie\u201d es algo completamente distinto. Cuando accede a nuestro sitio web, una peque\u00f1a cantidad de texto llamada \u00abcookie\u00bb se almacena en el navegador de su dispositivo. Este texto contiene diversa informaci\u00f3n sobre su navegaci\u00f3n,&hellip;<\/p>\n","protected":false},"author":2,"featured_media":0,"parent":0,"menu_order":0,"comment_status":"closed","ping_status":"closed","template":"","meta":{"_acf_changed":false,"_seopress_robots_primary_cat":"","_seopress_titles_title":"","_seopress_titles_desc":"","_seopress_robots_index":"","footnotes":""},"class_list":{"0":"post-1645","1":"page","2":"type-page","3":"status-publish","5":"description-off"},"acf":[],"_links":{"self":[{"href":"https:\/\/www.innergrowth.eu\/es\/wp-json\/wp\/v2\/pages\/1645","targetHints":{"allow":["GET"]}}],"collection":[{"href":"https:\/\/www.innergrowth.eu\/es\/wp-json\/wp\/v2\/pages"}],"about":[{"href":"https:\/\/www.innergrowth.eu\/es\/wp-json\/wp\/v2\/types\/page"}],"author":[{"embeddable":true,"href":"https:\/\/www.innergrowth.eu\/es\/wp-json\/wp\/v2\/users\/2"}],"replies":[{"embeddable":true,"href":"https:\/\/www.innergrowth.eu\/es\/wp-json\/wp\/v2\/comments?post=1645"}],"version-history":[{"count":0,"href":"https:\/\/www.innergrowth.eu\/es\/wp-json\/wp\/v2\/pages\/1645\/revisions"}],"wp:attachment":[{"href":"https:\/\/www.innergrowth.eu\/es\/wp-json\/wp\/v2\/media?parent=1645"}],"curies":[{"name":"wp","href":"https:\/\/api.w.org\/{rel}","templated":true}]}}